{"id":13963,"date":"2024-01-17T19:47:28","date_gmt":"2024-01-17T19:47:28","guid":{"rendered":"https:\/\/flytechltd.com\/?post_type=product&#038;p=13963"},"modified":"2024-06-09T15:18:47","modified_gmt":"2024-06-09T15:18:47","slug":"decakila-el-mikseri","status":"publish","type":"product","link":"https:\/\/flytechltd.com\/en\/p\/decakila-el-mikseri\/","title":{"rendered":"Decakila El Mikseri"},"content":{"rendered":"<p>DECAK\u0130LA EL M\u0130KSER\u0130 KEMX001W<\/p>\n<table width=\"227\">\n<tbody>\n<tr>\n<td width=\"227\">*6 FARKLI HIZ AYARI \u0130LE EN SEVD\u0130\u011e\u0130N\u0130Z TAR\u0130FLER\u0130 M\u00dcKEMMEL HIZDA KARI\u015eTIRIP \u00c7IRPAB\u0130L\u0130RS\u0130N\u0130Z<br \/>\n*KOLAY TEM\u0130ZLENEB\u0130L\u0130R,PASLANMAZ \u00c7EL\u0130K KARI\u015eTIRMA VE \u00c7IRPICI PAR\u00c7ALARI<br \/>\n*6 V\u0130TES \u00d6ZELL\u0130\u011e\u0130<br \/>\n*TURBO HIZ KONTROL\u00dc<br \/>\n*DE\u011e\u0130\u015eT\u0130R\u0130LEB\u0130LEN YEDEK U\u00c7LAR<br \/>\n*(220-240V-200W)<\/td>\n<\/tr>\n<\/tbody>\n<\/table>\n","protected":false},"excerpt":{"rendered":"<p>KEMX001W<\/p>\n","protected":false},"featured_media":13979,"comment_status":"open","ping_status":"closed","template":"","meta":[],"product_brand":[],"product_cat":[332],"product_tag":[],"class_list":{"0":"post-13963","1":"product","2":"type-product","3":"status-publish","4":"has-post-thumbnail","6":"product_cat-karistirici","8":"first","9":"instock","10":"sale","11":"shipping-taxable","12":"purchasable","13":"product-type-simple"},"aioseo_notices":[],"_links":{"self":[{"href":"https:\/\/flytechltd.com\/en\/wp-json\/wp\/v2\/product\/13963","targetHints":{"allow":["GET"]}}],"collection":[{"href":"https:\/\/flytechltd.com\/en\/wp-json\/wp\/v2\/product"}],"about":[{"href":"https:\/\/flytechltd.com\/en\/wp-json\/wp\/v2\/types\/product"}],"replies":[{"embeddable":true,"href":"https:\/\/flytechltd.com\/en\/wp-json\/wp\/v2\/comments?post=13963"}],"version-history":[{"count":0,"href":"https:\/\/flytechltd.com\/en\/wp-json\/wp\/v2\/product\/13963\/revisions"}],"wp:featuredmedia":[{"embeddable":true,"href":"https:\/\/flytechltd.com\/en\/wp-json\/wp\/v2\/media\/13979"}],"wp:attachment":[{"href":"https:\/\/flytechltd.com\/en\/wp-json\/wp\/v2\/media?parent=13963"}],"wp:term":[{"taxonomy":"product_brand","embeddable":true,"href":"https:\/\/flytechltd.com\/en\/wp-json\/wp\/v2\/product_brand?post=13963"},{"taxonomy":"product_cat","embeddable":true,"href":"https:\/\/flytechltd.com\/en\/wp-json\/wp\/v2\/product_cat?post=13963"},{"taxonomy":"product_tag","embeddable":true,"href":"https:\/\/flytechltd.com\/en\/wp-json\/wp\/v2\/product_tag?post=13963"}],"curies":[{"name":"wp","href":"https:\/\/api.w.org\/{rel}","templated":true}]}}