{"id":13964,"date":"2024-01-17T20:09:18","date_gmt":"2024-01-17T20:09:18","guid":{"rendered":"https:\/\/flytechltd.com\/?post_type=product&#038;p=13964"},"modified":"2025-07-03T12:43:02","modified_gmt":"2025-07-03T12:43:02","slug":"decakila-el-mikseri-seti-sarjli","status":"publish","type":"product","link":"https:\/\/flytechltd.com\/en\/p\/decakila-el-mikseri-seti-sarjli\/","title":{"rendered":"Decakila El Mikseri Seti \u015earjl\u0131"},"content":{"rendered":"<p>DECAK\u0130LA EL M\u0130KSER SET\u0130 \u015eARJLI KMMX006R<\/p>\n<p>&nbsp;<\/p>\n<table width=\"227\">\n<tbody>\n<tr>\n<td width=\"227\">*7 HIZ SEV\u0130YES\u0130<br \/>\n*7 FARKLI HIZ AYARI \u0130LE EN SEVD\u0130\u011e\u0130N\u0130Z TAR\u0130FLER\u0130 M\u00dcKEMMEL HIZDA KARI\u015eTIRIP \u00c7IRPAB\u0130L\u0130RS\u0130N\u0130Z<br \/>\n*KABLOSUZ \u00d6ZELL\u0130\u011e\u0130 \u0130LE KULLANIM KOLAYLI\u011eI<br \/>\n*KOLAY TEM\u0130ZLENEB\u0130L\u0130R,PASLANMAZ \u00c7EL\u0130K KARI\u015eTIRMA VE \u00c7IRPICI PAR\u00c7ALARI<br \/>\n*3 PAR\u00c7A KARI\u015eTIRICI U\u00c7<br \/>\n*AK\u00dc KAPAS\u0130TES\u0130 11.1V-90W<\/td>\n<\/tr>\n<\/tbody>\n<\/table>\n","protected":false},"excerpt":{"rendered":"<p>KMMX006R<\/p>\n","protected":false},"featured_media":13985,"comment_status":"open","ping_status":"closed","template":"","meta":[],"product_brand":[],"product_cat":[332],"product_tag":[],"class_list":{"0":"post-13964","1":"product","2":"type-product","3":"status-publish","4":"has-post-thumbnail","6":"product_cat-karistirici","8":"first","9":"instock","10":"shipping-taxable","11":"purchasable","12":"product-type-simple"},"aioseo_notices":[],"_links":{"self":[{"href":"https:\/\/flytechltd.com\/en\/wp-json\/wp\/v2\/product\/13964","targetHints":{"allow":["GET"]}}],"collection":[{"href":"https:\/\/flytechltd.com\/en\/wp-json\/wp\/v2\/product"}],"about":[{"href":"https:\/\/flytechltd.com\/en\/wp-json\/wp\/v2\/types\/product"}],"replies":[{"embeddable":true,"href":"https:\/\/flytechltd.com\/en\/wp-json\/wp\/v2\/comments?post=13964"}],"version-history":[{"count":0,"href":"https:\/\/flytechltd.com\/en\/wp-json\/wp\/v2\/product\/13964\/revisions"}],"wp:featuredmedia":[{"embeddable":true,"href":"https:\/\/flytechltd.com\/en\/wp-json\/wp\/v2\/media\/13985"}],"wp:attachment":[{"href":"https:\/\/flytechltd.com\/en\/wp-json\/wp\/v2\/media?parent=13964"}],"wp:term":[{"taxonomy":"product_brand","embeddable":true,"href":"https:\/\/flytechltd.com\/en\/wp-json\/wp\/v2\/product_brand?post=13964"},{"taxonomy":"product_cat","embeddable":true,"href":"https:\/\/flytechltd.com\/en\/wp-json\/wp\/v2\/product_cat?post=13964"},{"taxonomy":"product_tag","embeddable":true,"href":"https:\/\/flytechltd.com\/en\/wp-json\/wp\/v2\/product_tag?post=13964"}],"curies":[{"name":"wp","href":"https:\/\/api.w.org\/{rel}","templated":true}]}}