{"id":13965,"date":"2024-01-17T21:02:39","date_gmt":"2024-01-17T21:02:39","guid":{"rendered":"https:\/\/flytechltd.com\/?post_type=product&#038;p=13965"},"modified":"2025-07-03T12:44:07","modified_gmt":"2025-07-03T12:44:07","slug":"decakila-mutfak-robotu-sarjli","status":"publish","type":"product","link":"https:\/\/flytechltd.com\/en\/p\/decakila-mutfak-robotu-sarjli\/","title":{"rendered":"Decakila Mutfak Robotu \u015earjl\u0131"},"content":{"rendered":"<p>DECAK\u0130LA MUTFAK ROBOTU \u015eARJLI KMMG005R<\/p>\n<p>&nbsp;<\/p>\n<table width=\"227\">\n<tbody>\n<tr>\n<td width=\"227\">*PASLANMAZ BI\u00c7AK SAYES\u0130NDE SEBZE VE MEYVELER\u0130N\u0130Z\u0130 RAHATLIKLA KESMEN\u0130Z\u0130,DO\u011eRAMANIZI SA\u011eLAR<br \/>\n*PASLANMAZ \u00c7EL\u0130K BI\u00c7AKLAR<br \/>\n*3 PAR\u00c7A KARI\u015eTIRICI U\u00c7<br \/>\n*AK\u00dc KAPAS\u0130TES\u0130 11.1V-200W<br \/>\n*1.25 LT<\/td>\n<\/tr>\n<\/tbody>\n<\/table>\n","protected":false},"excerpt":{"rendered":"<p>KMMG005R<\/p>\n","protected":false},"featured_media":13989,"comment_status":"open","ping_status":"closed","template":"","meta":[],"product_brand":[],"product_cat":[332],"product_tag":[],"class_list":{"0":"post-13965","1":"product","2":"type-product","3":"status-publish","4":"has-post-thumbnail","6":"product_cat-karistirici","8":"first","9":"instock","10":"shipping-taxable","11":"purchasable","12":"product-type-simple"},"aioseo_notices":[],"_links":{"self":[{"href":"https:\/\/flytechltd.com\/en\/wp-json\/wp\/v2\/product\/13965","targetHints":{"allow":["GET"]}}],"collection":[{"href":"https:\/\/flytechltd.com\/en\/wp-json\/wp\/v2\/product"}],"about":[{"href":"https:\/\/flytechltd.com\/en\/wp-json\/wp\/v2\/types\/product"}],"replies":[{"embeddable":true,"href":"https:\/\/flytechltd.com\/en\/wp-json\/wp\/v2\/comments?post=13965"}],"version-history":[{"count":0,"href":"https:\/\/flytechltd.com\/en\/wp-json\/wp\/v2\/product\/13965\/revisions"}],"wp:featuredmedia":[{"embeddable":true,"href":"https:\/\/flytechltd.com\/en\/wp-json\/wp\/v2\/media\/13989"}],"wp:attachment":[{"href":"https:\/\/flytechltd.com\/en\/wp-json\/wp\/v2\/media?parent=13965"}],"wp:term":[{"taxonomy":"product_brand","embeddable":true,"href":"https:\/\/flytechltd.com\/en\/wp-json\/wp\/v2\/product_brand?post=13965"},{"taxonomy":"product_cat","embeddable":true,"href":"https:\/\/flytechltd.com\/en\/wp-json\/wp\/v2\/product_cat?post=13965"},{"taxonomy":"product_tag","embeddable":true,"href":"https:\/\/flytechltd.com\/en\/wp-json\/wp\/v2\/product_tag?post=13965"}],"curies":[{"name":"wp","href":"https:\/\/api.w.org\/{rel}","templated":true}]}}