{"id":13967,"date":"2024-01-18T12:30:58","date_gmt":"2024-01-18T12:30:58","guid":{"rendered":"https:\/\/flytechltd.com\/?post_type=product&#038;p=13967"},"modified":"2024-06-09T15:17:34","modified_gmt":"2024-06-09T15:17:34","slug":"decakila-dograyici","status":"publish","type":"product","link":"https:\/\/flytechltd.com\/en\/p\/decakila-dograyici\/","title":{"rendered":"Decakila Do\u011fray\u0131c\u0131"},"content":{"rendered":"<p>DECAK\u0130LA DO\u011eRAYICI KEMG012W<\/p>\n<p>&nbsp;<\/p>\n<table width=\"227\">\n<tbody>\n<tr>\n<td width=\"227\">*KAPAS\u0130TE: 1,5 L\u0130TRE<br \/>\n*G\u00dc\u00c7: 400W<br \/>\n*GER\u0130L\u0130M: 220-240V 50\/60HZ<br \/>\n*ANINDA KONTROL &#8211; KABA KIYMADAN \u0130NCE KIYMAYA KADAR DARBEL\u0130 TEK DOKUNU\u015eLU D\u00dc\u011eME<br \/>\n*S T\u0130P\u0130 PASLANMAZ \u00c7EL\u0130K BI\u00c7AK<br \/>\n*BULA\u015eIK MAK\u0130NES\u0130NDE YIKANAB\u0130L\u0130R KASE VE BI\u00c7AK<\/td>\n<\/tr>\n<\/tbody>\n<\/table>\n","protected":false},"excerpt":{"rendered":"<p>KEMG012W<\/p>\n","protected":false},"featured_media":13994,"comment_status":"open","ping_status":"closed","template":"","meta":[],"product_brand":[],"product_cat":[332],"product_tag":[],"class_list":{"0":"post-13967","1":"product","2":"type-product","3":"status-publish","4":"has-post-thumbnail","6":"product_cat-karistirici","8":"first","9":"instock","10":"sale","11":"shipping-taxable","12":"purchasable","13":"product-type-simple"},"aioseo_notices":[],"_links":{"self":[{"href":"https:\/\/flytechltd.com\/en\/wp-json\/wp\/v2\/product\/13967","targetHints":{"allow":["GET"]}}],"collection":[{"href":"https:\/\/flytechltd.com\/en\/wp-json\/wp\/v2\/product"}],"about":[{"href":"https:\/\/flytechltd.com\/en\/wp-json\/wp\/v2\/types\/product"}],"replies":[{"embeddable":true,"href":"https:\/\/flytechltd.com\/en\/wp-json\/wp\/v2\/comments?post=13967"}],"version-history":[{"count":0,"href":"https:\/\/flytechltd.com\/en\/wp-json\/wp\/v2\/product\/13967\/revisions"}],"wp:featuredmedia":[{"embeddable":true,"href":"https:\/\/flytechltd.com\/en\/wp-json\/wp\/v2\/media\/13994"}],"wp:attachment":[{"href":"https:\/\/flytechltd.com\/en\/wp-json\/wp\/v2\/media?parent=13967"}],"wp:term":[{"taxonomy":"product_brand","embeddable":true,"href":"https:\/\/flytechltd.com\/en\/wp-json\/wp\/v2\/product_brand?post=13967"},{"taxonomy":"product_cat","embeddable":true,"href":"https:\/\/flytechltd.com\/en\/wp-json\/wp\/v2\/product_cat?post=13967"},{"taxonomy":"product_tag","embeddable":true,"href":"https:\/\/flytechltd.com\/en\/wp-json\/wp\/v2\/product_tag?post=13967"}],"curies":[{"name":"wp","href":"https:\/\/api.w.org\/{rel}","templated":true}]}}