{"id":14007,"date":"2024-01-18T19:00:56","date_gmt":"2024-01-18T19:00:56","guid":{"rendered":"https:\/\/flytechltd.com\/?post_type=product&#038;p=14007"},"modified":"2025-07-03T12:39:53","modified_gmt":"2025-07-03T12:39:53","slug":"decakila-fritoz-buharli-4-5lt","status":"publish","type":"product","link":"https:\/\/flytechltd.com\/en\/p\/decakila-fritoz-buharli-4-5lt\/","title":{"rendered":"Decakila Frit\u00f6z Buharl\u0131 4.5LT"},"content":{"rendered":"<p>DECAK\u0130LA FR\u0130T\u00d6Z BUHARLI 4,5 LT KEEC039B<\/p>\n<p>&nbsp;<\/p>\n<table width=\"227\">\n<tbody>\n<tr>\n<td width=\"227\">*YAPI\u015eMAZ KAPLAMALI KAP<br \/>\n*LED EKRANLI<br \/>\n*(PATATES KIZARTMASI,DONDURULMU\u015e Y\u0130YECEK,DEN\u0130Z MAHS\u00dcLLER\u0130,SEBZE vb.)P\u0130\u015e\u0130RME FONKS\u0130YONU<br \/>\n*HASSAS P\u0130\u015e\u0130RME \u0130\u00c7\u0130N 60 DAK\u0130KALIK ZAMANLAYICI<br \/>\n*FARKLI TAR\u0130FLER \u0130\u00c7\u0130N AYARLANAB\u0130L\u0130R SICAKLIK<br \/>\n*(220-240V-1400W)<\/td>\n<\/tr>\n<\/tbody>\n<\/table>\n","protected":false},"excerpt":{"rendered":"<p>KEEC039B<\/p>\n","protected":false},"featured_media":14008,"comment_status":"open","ping_status":"closed","template":"","meta":[],"product_brand":[],"product_cat":[328],"product_tag":[],"class_list":{"0":"post-14007","1":"product","2":"type-product","3":"status-publish","4":"has-post-thumbnail","6":"product_cat-mutfak-aletleri","8":"first","9":"instock","10":"shipping-taxable","11":"purchasable","12":"product-type-simple"},"aioseo_notices":[],"_links":{"self":[{"href":"https:\/\/flytechltd.com\/en\/wp-json\/wp\/v2\/product\/14007","targetHints":{"allow":["GET"]}}],"collection":[{"href":"https:\/\/flytechltd.com\/en\/wp-json\/wp\/v2\/product"}],"about":[{"href":"https:\/\/flytechltd.com\/en\/wp-json\/wp\/v2\/types\/product"}],"replies":[{"embeddable":true,"href":"https:\/\/flytechltd.com\/en\/wp-json\/wp\/v2\/comments?post=14007"}],"version-history":[{"count":0,"href":"https:\/\/flytechltd.com\/en\/wp-json\/wp\/v2\/product\/14007\/revisions"}],"wp:featuredmedia":[{"embeddable":true,"href":"https:\/\/flytechltd.com\/en\/wp-json\/wp\/v2\/media\/14008"}],"wp:attachment":[{"href":"https:\/\/flytechltd.com\/en\/wp-json\/wp\/v2\/media?parent=14007"}],"wp:term":[{"taxonomy":"product_brand","embeddable":true,"href":"https:\/\/flytechltd.com\/en\/wp-json\/wp\/v2\/product_brand?post=14007"},{"taxonomy":"product_cat","embeddable":true,"href":"https:\/\/flytechltd.com\/en\/wp-json\/wp\/v2\/product_cat?post=14007"},{"taxonomy":"product_tag","embeddable":true,"href":"https:\/\/flytechltd.com\/en\/wp-json\/wp\/v2\/product_tag?post=14007"}],"curies":[{"name":"wp","href":"https:\/\/api.w.org\/{rel}","templated":true}]}}