{"id":14060,"date":"2024-01-18T19:36:35","date_gmt":"2024-01-18T19:36:35","guid":{"rendered":"https:\/\/flytechltd.com\/?post_type=product&#038;p=14060"},"modified":"2024-01-18T19:36:35","modified_gmt":"2024-01-18T19:36:35","slug":"decakila-ultra-ince-sac-duzlestirici","status":"publish","type":"product","link":"https:\/\/flytechltd.com\/en\/p\/decakila-ultra-ince-sac-duzlestirici\/","title":{"rendered":"Decakila Ultra \u0130nce Sa\u00e7 D\u00fczle\u015ftirici"},"content":{"rendered":"<p>DECAK\u0130LA ULTRA \u0130NCE SA\u00c7 D\u00dcZLE\u015eT\u0130R\u0130C\u0130 KEHS014W<\/p>\n<table width=\"227\">\n<tbody>\n<tr>\n<td width=\"227\">*MAX. SICAKLIK 190*<br \/>\n*\u015eEK\u0130LLEND\u0130RME YAPMADA KOLAYLIK SA\u011eLAYAN ULTRA \u0130NCE TASARIM (D\u00dcZ,BUKLE)<br \/>\n*SERAM\u0130K PLAKALAR<br \/>\n\u00dcR\u00dcN BOYUTU:315x45x28mm<br \/>\n*220-240V-30W<\/td>\n<\/tr>\n<\/tbody>\n<\/table>\n","protected":false},"excerpt":{"rendered":"<p>KEHS014W<\/p>\n","protected":false},"featured_media":14063,"comment_status":"open","ping_status":"closed","template":"","meta":[],"product_brand":[],"product_cat":[326],"product_tag":[],"class_list":{"0":"post-14060","1":"product","2":"type-product","3":"status-publish","4":"has-post-thumbnail","6":"product_cat-kisisel-bakim","8":"first","9":"instock","10":"sale","11":"shipping-taxable","12":"purchasable","13":"product-type-simple"},"aioseo_notices":[],"_links":{"self":[{"href":"https:\/\/flytechltd.com\/en\/wp-json\/wp\/v2\/product\/14060","targetHints":{"allow":["GET"]}}],"collection":[{"href":"https:\/\/flytechltd.com\/en\/wp-json\/wp\/v2\/product"}],"about":[{"href":"https:\/\/flytechltd.com\/en\/wp-json\/wp\/v2\/types\/product"}],"replies":[{"embeddable":true,"href":"https:\/\/flytechltd.com\/en\/wp-json\/wp\/v2\/comments?post=14060"}],"version-history":[{"count":0,"href":"https:\/\/flytechltd.com\/en\/wp-json\/wp\/v2\/product\/14060\/revisions"}],"wp:featuredmedia":[{"embeddable":true,"href":"https:\/\/flytechltd.com\/en\/wp-json\/wp\/v2\/media\/14063"}],"wp:attachment":[{"href":"https:\/\/flytechltd.com\/en\/wp-json\/wp\/v2\/media?parent=14060"}],"wp:term":[{"taxonomy":"product_brand","embeddable":true,"href":"https:\/\/flytechltd.com\/en\/wp-json\/wp\/v2\/product_brand?post=14060"},{"taxonomy":"product_cat","embeddable":true,"href":"https:\/\/flytechltd.com\/en\/wp-json\/wp\/v2\/product_cat?post=14060"},{"taxonomy":"product_tag","embeddable":true,"href":"https:\/\/flytechltd.com\/en\/wp-json\/wp\/v2\/product_tag?post=14060"}],"curies":[{"name":"wp","href":"https:\/\/api.w.org\/{rel}","templated":true}]}}