{"id":14072,"date":"2024-01-18T19:56:35","date_gmt":"2024-01-18T19:56:35","guid":{"rendered":"https:\/\/flytechltd.com\/?post_type=product&#038;p=14072"},"modified":"2024-01-18T19:56:35","modified_gmt":"2024-01-18T19:56:35","slug":"decakila-cikolata-eritme-makinesi","status":"publish","type":"product","link":"https:\/\/flytechltd.com\/en\/p\/decakila-cikolata-eritme-makinesi\/","title":{"rendered":"Decakila \u00c7ikolata Eritme Makinesi"},"content":{"rendered":"<p>DECAK\u0130LA \u00c7\u0130KOLATA ER\u0130TME MAK\u0130NES\u0130 KETT011R<\/p>\n<table width=\"227\">\n<tbody>\n<tr>\n<td width=\"227\">*3 KATLI ER\u0130TME ALANI<br \/>\n*YILBA\u015eI,DO\u011eUM G\u00dcNLER\u0130 VE PART\u0130LER\u0130N VAZGE\u00c7\u0130LMEZ\u0130<br \/>\n*PASLANMAZ \u00c7EL\u0130K PAR\u00c7ALAR<br \/>\n*ER\u0130T\u0130LM\u0130\u015e \u00c7\u0130KOLATA-TABLET \u00c7\u0130KOLATA \u0130LE KULLANIMA UYGUNDUR<br \/>\n*\u00c7\u0130KOLATA HAR\u0130C\u0130 ER\u0130M\u0130\u015e PEYN\u0130R,RANCH,BBQ SOSLARINIZI D\u00d6K\u00dcP C\u0130PS G\u0130B\u0130 GIDALARLA KULLANAB\u0130L\u0130RS\u0130N\u0130Z<br \/>\n*(220-240V-70W)<\/td>\n<\/tr>\n<\/tbody>\n<\/table>\n","protected":false},"excerpt":{"rendered":"<p>KETT011R<\/p>\n","protected":false},"featured_media":14073,"comment_status":"open","ping_status":"closed","template":"","meta":[],"product_brand":[],"product_cat":[328],"product_tag":[],"class_list":{"0":"post-14072","1":"product","2":"type-product","3":"status-publish","4":"has-post-thumbnail","6":"product_cat-mutfak-aletleri","8":"first","9":"instock","10":"sale","11":"shipping-taxable","12":"purchasable","13":"product-type-simple"},"aioseo_notices":[],"_links":{"self":[{"href":"https:\/\/flytechltd.com\/en\/wp-json\/wp\/v2\/product\/14072","targetHints":{"allow":["GET"]}}],"collection":[{"href":"https:\/\/flytechltd.com\/en\/wp-json\/wp\/v2\/product"}],"about":[{"href":"https:\/\/flytechltd.com\/en\/wp-json\/wp\/v2\/types\/product"}],"replies":[{"embeddable":true,"href":"https:\/\/flytechltd.com\/en\/wp-json\/wp\/v2\/comments?post=14072"}],"version-history":[{"count":0,"href":"https:\/\/flytechltd.com\/en\/wp-json\/wp\/v2\/product\/14072\/revisions"}],"wp:featuredmedia":[{"embeddable":true,"href":"https:\/\/flytechltd.com\/en\/wp-json\/wp\/v2\/media\/14073"}],"wp:attachment":[{"href":"https:\/\/flytechltd.com\/en\/wp-json\/wp\/v2\/media?parent=14072"}],"wp:term":[{"taxonomy":"product_brand","embeddable":true,"href":"https:\/\/flytechltd.com\/en\/wp-json\/wp\/v2\/product_brand?post=14072"},{"taxonomy":"product_cat","embeddable":true,"href":"https:\/\/flytechltd.com\/en\/wp-json\/wp\/v2\/product_cat?post=14072"},{"taxonomy":"product_tag","embeddable":true,"href":"https:\/\/flytechltd.com\/en\/wp-json\/wp\/v2\/product_tag?post=14072"}],"curies":[{"name":"wp","href":"https:\/\/api.w.org\/{rel}","templated":true}]}}