{"id":14079,"date":"2024-01-18T20:01:59","date_gmt":"2024-01-18T20:01:59","guid":{"rendered":"https:\/\/flytechltd.com\/?post_type=product&#038;p=14079"},"modified":"2024-06-09T15:09:24","modified_gmt":"2024-06-09T15:09:24","slug":"decakila-tost-makinesi","status":"publish","type":"product","link":"https:\/\/flytechltd.com\/en\/p\/decakila-tost-makinesi\/","title":{"rendered":"Decakila Tost Makinesi"},"content":{"rendered":"<p>DECAK\u0130LA TOST MAK\u0130NES\u0130 METAL KEEC049M<\/p>\n<table width=\"227\">\n<tbody>\n<tr>\n<td width=\"227\">*YAPI\u015eMAZ KAPLAMA<br \/>\n*G\u00dcVENL\u0130K KORUMASI<br \/>\n*\u00c7\u0130FT TARAFLI ISITICI PLAKALAR SAYES\u0130NDE TOST,HAMBURGER VE IZGARA YAPMA \u0130MKANI<br \/>\n*\u00dcR\u00dcN \u00d6L\u00c7\u00dcS\u00dc:230\u00d7145mm<br \/>\n*(220-240V-850W)<\/td>\n<\/tr>\n<\/tbody>\n<\/table>\n","protected":false},"excerpt":{"rendered":"<p>KEEC049M<\/p>\n","protected":false},"featured_media":14080,"comment_status":"open","ping_status":"closed","template":"","meta":[],"product_brand":[],"product_cat":[328,331],"product_tag":[],"class_list":{"0":"post-14079","1":"product","2":"type-product","3":"status-publish","4":"has-post-thumbnail","6":"product_cat-mutfak-aletleri","7":"product_cat-tost-makinesi-izgara","9":"first","10":"instock","11":"sale","12":"shipping-taxable","13":"purchasable","14":"product-type-simple"},"aioseo_notices":[],"_links":{"self":[{"href":"https:\/\/flytechltd.com\/en\/wp-json\/wp\/v2\/product\/14079","targetHints":{"allow":["GET"]}}],"collection":[{"href":"https:\/\/flytechltd.com\/en\/wp-json\/wp\/v2\/product"}],"about":[{"href":"https:\/\/flytechltd.com\/en\/wp-json\/wp\/v2\/types\/product"}],"replies":[{"embeddable":true,"href":"https:\/\/flytechltd.com\/en\/wp-json\/wp\/v2\/comments?post=14079"}],"version-history":[{"count":0,"href":"https:\/\/flytechltd.com\/en\/wp-json\/wp\/v2\/product\/14079\/revisions"}],"wp:featuredmedia":[{"embeddable":true,"href":"https:\/\/flytechltd.com\/en\/wp-json\/wp\/v2\/media\/14080"}],"wp:attachment":[{"href":"https:\/\/flytechltd.com\/en\/wp-json\/wp\/v2\/media?parent=14079"}],"wp:term":[{"taxonomy":"product_brand","embeddable":true,"href":"https:\/\/flytechltd.com\/en\/wp-json\/wp\/v2\/product_brand?post=14079"},{"taxonomy":"product_cat","embeddable":true,"href":"https:\/\/flytechltd.com\/en\/wp-json\/wp\/v2\/product_cat?post=14079"},{"taxonomy":"product_tag","embeddable":true,"href":"https:\/\/flytechltd.com\/en\/wp-json\/wp\/v2\/product_tag?post=14079"}],"curies":[{"name":"wp","href":"https:\/\/api.w.org\/{rel}","templated":true}]}}