{"id":14255,"date":"2024-03-15T19:40:44","date_gmt":"2024-03-15T19:40:44","guid":{"rendered":"https:\/\/flytechltd.com\/?post_type=product&#038;p=14255"},"modified":"2025-07-03T12:39:23","modified_gmt":"2025-07-03T12:39:23","slug":"decakila-kahve-makinesi-cift","status":"publish","type":"product","link":"https:\/\/flytechltd.com\/en\/p\/decakila-kahve-makinesi-cift\/","title":{"rendered":"Decakila Kahve Makinesi \u00c7ift"},"content":{"rendered":"<p>KAHVE MAK\u0130NES\u0130 \u00c7\u0130FT<\/p>\n<p>Kapasite: 500ml (8 Fincan) G\u00fc\u00e7 : 500W Voltaj :220-240V 50-60hz Otomatik Kapanma Sesli \u0130kaz Ta\u015fma Emniyetli<\/p>\n","protected":false},"excerpt":{"rendered":"<p>KECF031B<\/p>\n","protected":false},"featured_media":14256,"comment_status":"open","ping_status":"closed","template":"","meta":[],"product_brand":[],"product_cat":[329],"product_tag":[],"class_list":{"0":"post-14255","1":"product","2":"type-product","3":"status-publish","4":"has-post-thumbnail","6":"product_cat-kahve-makinesi","8":"first","9":"instock","10":"shipping-taxable","11":"purchasable","12":"product-type-simple"},"aioseo_notices":[],"_links":{"self":[{"href":"https:\/\/flytechltd.com\/en\/wp-json\/wp\/v2\/product\/14255","targetHints":{"allow":["GET"]}}],"collection":[{"href":"https:\/\/flytechltd.com\/en\/wp-json\/wp\/v2\/product"}],"about":[{"href":"https:\/\/flytechltd.com\/en\/wp-json\/wp\/v2\/types\/product"}],"replies":[{"embeddable":true,"href":"https:\/\/flytechltd.com\/en\/wp-json\/wp\/v2\/comments?post=14255"}],"version-history":[{"count":0,"href":"https:\/\/flytechltd.com\/en\/wp-json\/wp\/v2\/product\/14255\/revisions"}],"wp:featuredmedia":[{"embeddable":true,"href":"https:\/\/flytechltd.com\/en\/wp-json\/wp\/v2\/media\/14256"}],"wp:attachment":[{"href":"https:\/\/flytechltd.com\/en\/wp-json\/wp\/v2\/media?parent=14255"}],"wp:term":[{"taxonomy":"product_brand","embeddable":true,"href":"https:\/\/flytechltd.com\/en\/wp-json\/wp\/v2\/product_brand?post=14255"},{"taxonomy":"product_cat","embeddable":true,"href":"https:\/\/flytechltd.com\/en\/wp-json\/wp\/v2\/product_cat?post=14255"},{"taxonomy":"product_tag","embeddable":true,"href":"https:\/\/flytechltd.com\/en\/wp-json\/wp\/v2\/product_tag?post=14255"}],"curies":[{"name":"wp","href":"https:\/\/api.w.org\/{rel}","templated":true}]}}