{"id":14272,"date":"2024-03-15T19:51:41","date_gmt":"2024-03-15T19:51:41","guid":{"rendered":"https:\/\/flytechltd.com\/?post_type=product&#038;p=14272"},"modified":"2025-07-03T12:41:43","modified_gmt":"2025-07-03T12:41:43","slug":"decakila-mutfak-servis-seti-6-parca","status":"publish","type":"product","link":"https:\/\/flytechltd.com\/en\/p\/decakila-mutfak-servis-seti-6-parca\/","title":{"rendered":"Decakila Mutfak Servis Seti 6 Par\u00e7a"},"content":{"rendered":"<p>Mutfak Servis Seti 6 Par\u00e7a<\/p>\n<p>KEP\u00c7E,KA\u015eIK,KEVG\u0130R,MAKARNA KA\u015eI\u011eI,SPATULA,S\u00dcZGE\u00c7L\u0130 KA\u015eIK BULA\u015eIK MAK\u0130NES\u0130NDE YIKANAB\u0130L\u0130R YAPI\u015eMAZ G\u00dcVENL\u0130 KULLANIM<\/p>\n","protected":false},"excerpt":{"rendered":"<p>KMTT045B<\/p>\n","protected":false},"featured_media":14273,"comment_status":"open","ping_status":"closed","template":"","meta":[],"product_brand":[],"product_cat":[328],"product_tag":[],"class_list":{"0":"post-14272","1":"product","2":"type-product","3":"status-publish","4":"has-post-thumbnail","6":"product_cat-mutfak-aletleri","8":"first","9":"instock","10":"shipping-taxable","11":"purchasable","12":"product-type-simple"},"aioseo_notices":[],"_links":{"self":[{"href":"https:\/\/flytechltd.com\/en\/wp-json\/wp\/v2\/product\/14272","targetHints":{"allow":["GET"]}}],"collection":[{"href":"https:\/\/flytechltd.com\/en\/wp-json\/wp\/v2\/product"}],"about":[{"href":"https:\/\/flytechltd.com\/en\/wp-json\/wp\/v2\/types\/product"}],"replies":[{"embeddable":true,"href":"https:\/\/flytechltd.com\/en\/wp-json\/wp\/v2\/comments?post=14272"}],"version-history":[{"count":0,"href":"https:\/\/flytechltd.com\/en\/wp-json\/wp\/v2\/product\/14272\/revisions"}],"wp:featuredmedia":[{"embeddable":true,"href":"https:\/\/flytechltd.com\/en\/wp-json\/wp\/v2\/media\/14273"}],"wp:attachment":[{"href":"https:\/\/flytechltd.com\/en\/wp-json\/wp\/v2\/media?parent=14272"}],"wp:term":[{"taxonomy":"product_brand","embeddable":true,"href":"https:\/\/flytechltd.com\/en\/wp-json\/wp\/v2\/product_brand?post=14272"},{"taxonomy":"product_cat","embeddable":true,"href":"https:\/\/flytechltd.com\/en\/wp-json\/wp\/v2\/product_cat?post=14272"},{"taxonomy":"product_tag","embeddable":true,"href":"https:\/\/flytechltd.com\/en\/wp-json\/wp\/v2\/product_tag?post=14272"}],"curies":[{"name":"wp","href":"https:\/\/api.w.org\/{rel}","templated":true}]}}