{"id":14302,"date":"2024-03-15T20:18:51","date_gmt":"2024-03-15T20:18:51","guid":{"rendered":"https:\/\/flytechltd.com\/?post_type=product&#038;p=14302"},"modified":"2025-07-03T12:38:35","modified_gmt":"2025-07-03T12:38:35","slug":"decakila-mini-tost-makinesi","status":"publish","type":"product","link":"https:\/\/flytechltd.com\/en\/p\/decakila-mini-tost-makinesi\/","title":{"rendered":"Decakila Mini Tost Makinesi"},"content":{"rendered":"<p>YEN\u0130 NES\u0130L M\u0130N\u0130 TASARIM \u00c7\u0130FT TARAFLI ISITICI PLAKALAR SAYES\u0130NDE TOST,HAMBURGER VE IZGARA YAPMA \u0130MKANI TERMOSTAT KONTROL\u00dc (220-240V-750W)<\/p>\n","protected":false},"excerpt":{"rendered":"<p>KEEC047R<\/p>\n","protected":false},"featured_media":14303,"comment_status":"open","ping_status":"closed","template":"","meta":[],"product_brand":[],"product_cat":[331],"product_tag":[],"class_list":{"0":"post-14302","1":"product","2":"type-product","3":"status-publish","4":"has-post-thumbnail","6":"product_cat-tost-makinesi-izgara","8":"first","9":"instock","10":"shipping-taxable","11":"purchasable","12":"product-type-simple"},"aioseo_notices":[],"_links":{"self":[{"href":"https:\/\/flytechltd.com\/en\/wp-json\/wp\/v2\/product\/14302","targetHints":{"allow":["GET"]}}],"collection":[{"href":"https:\/\/flytechltd.com\/en\/wp-json\/wp\/v2\/product"}],"about":[{"href":"https:\/\/flytechltd.com\/en\/wp-json\/wp\/v2\/types\/product"}],"replies":[{"embeddable":true,"href":"https:\/\/flytechltd.com\/en\/wp-json\/wp\/v2\/comments?post=14302"}],"version-history":[{"count":0,"href":"https:\/\/flytechltd.com\/en\/wp-json\/wp\/v2\/product\/14302\/revisions"}],"wp:featuredmedia":[{"embeddable":true,"href":"https:\/\/flytechltd.com\/en\/wp-json\/wp\/v2\/media\/14303"}],"wp:attachment":[{"href":"https:\/\/flytechltd.com\/en\/wp-json\/wp\/v2\/media?parent=14302"}],"wp:term":[{"taxonomy":"product_brand","embeddable":true,"href":"https:\/\/flytechltd.com\/en\/wp-json\/wp\/v2\/product_brand?post=14302"},{"taxonomy":"product_cat","embeddable":true,"href":"https:\/\/flytechltd.com\/en\/wp-json\/wp\/v2\/product_cat?post=14302"},{"taxonomy":"product_tag","embeddable":true,"href":"https:\/\/flytechltd.com\/en\/wp-json\/wp\/v2\/product_tag?post=14302"}],"curies":[{"name":"wp","href":"https:\/\/api.w.org\/{rel}","templated":true}]}}