{"id":14548,"date":"2024-04-28T12:28:48","date_gmt":"2024-04-28T12:28:48","guid":{"rendered":"https:\/\/flytechltd.com\/?post_type=product&#038;p=14548"},"modified":"2024-04-28T12:28:49","modified_gmt":"2024-04-28T12:28:49","slug":"hausberg-450ml-frappe-makinesi-hb-7677","status":"publish","type":"product","link":"https:\/\/flytechltd.com\/en\/p\/hausberg-450ml-frappe-makinesi-hb-7677\/","title":{"rendered":"Hausberg 450ml Frappe Makinesi HB-7677"},"content":{"rendered":"<p>\u00d6zellikler:<\/p>\n<ul>\n<li>Haz\u0131r kahve, kokteyl, milkshake, kapu\u00e7ino, sa\u011fl\u0131kl\u0131 i\u00e7ecekler, bebek mamalar\u0131, soslar vb. haz\u0131rlanmas\u0131<\/li>\n<li>Haz\u0131rlanacak h\u0131zl\u0131 i\u00e7ecekler<\/li>\n<li>Temizlemesi kolay<\/li>\n<li>Tam bak\u0131r kablo;\u00a02*0,75mm\u00b2<\/li>\n<li>Paslanmaz \u00e7elik k\u00fcrekler<\/li>\n<li>G\u00f6vde malzemesi: ABS<\/li>\n<li>Fincan kapasitesi: 450 ml<\/li>\n<li>G\u00fcr\u00fclt\u00fc seviyesi: 80dBA<\/li>\n<li>G\u00fc\u00e7: 100-120W, 50\/60Hz, 220-240V<\/li>\n<\/ul>\n","protected":false},"excerpt":{"rendered":"<p>HB-7677<\/p>\n","protected":false},"featured_media":14549,"comment_status":"open","ping_status":"closed","template":"","meta":[],"product_brand":[],"product_cat":[329,332,328],"product_tag":[],"class_list":{"0":"post-14548","1":"product","2":"type-product","3":"status-publish","4":"has-post-thumbnail","6":"product_cat-kahve-makinesi","7":"product_cat-karistirici","8":"product_cat-mutfak-aletleri","10":"first","11":"instock","12":"sale","13":"shipping-taxable","14":"purchasable","15":"product-type-simple"},"aioseo_notices":[],"_links":{"self":[{"href":"https:\/\/flytechltd.com\/en\/wp-json\/wp\/v2\/product\/14548","targetHints":{"allow":["GET"]}}],"collection":[{"href":"https:\/\/flytechltd.com\/en\/wp-json\/wp\/v2\/product"}],"about":[{"href":"https:\/\/flytechltd.com\/en\/wp-json\/wp\/v2\/types\/product"}],"replies":[{"embeddable":true,"href":"https:\/\/flytechltd.com\/en\/wp-json\/wp\/v2\/comments?post=14548"}],"version-history":[{"count":0,"href":"https:\/\/flytechltd.com\/en\/wp-json\/wp\/v2\/product\/14548\/revisions"}],"wp:featuredmedia":[{"embeddable":true,"href":"https:\/\/flytechltd.com\/en\/wp-json\/wp\/v2\/media\/14549"}],"wp:attachment":[{"href":"https:\/\/flytechltd.com\/en\/wp-json\/wp\/v2\/media?parent=14548"}],"wp:term":[{"taxonomy":"product_brand","embeddable":true,"href":"https:\/\/flytechltd.com\/en\/wp-json\/wp\/v2\/product_brand?post=14548"},{"taxonomy":"product_cat","embeddable":true,"href":"https:\/\/flytechltd.com\/en\/wp-json\/wp\/v2\/product_cat?post=14548"},{"taxonomy":"product_tag","embeddable":true,"href":"https:\/\/flytechltd.com\/en\/wp-json\/wp\/v2\/product_tag?post=14548"}],"curies":[{"name":"wp","href":"https:\/\/api.w.org\/{rel}","templated":true}]}}