{"id":14572,"date":"2024-05-03T17:42:20","date_gmt":"2024-05-03T17:42:20","guid":{"rendered":"https:\/\/flytechltd.com\/?post_type=product&#038;p=14572"},"modified":"2024-05-03T17:55:48","modified_gmt":"2024-05-03T17:55:48","slug":"lcd-yazi-cizim-tahtasi-tablet-12-inc-digital-kalem","status":"publish","type":"product","link":"https:\/\/flytechltd.com\/en\/p\/lcd-yazi-cizim-tahtasi-tablet-12-inc-digital-kalem\/","title":{"rendered":"LCD Yaz\u0131 \u00c7izim Tahtas\u0131 Tablet 12 in\u00e7 Digital Kalem"},"content":{"rendered":"<p>Writing Tablet Lcd 12 In\u00e7 Dijital Kalemli \u00c7izim Yaz\u0131 Tahtas\u0131<\/p>\n<p>\u00dcr\u00fcn A\u00e7\u0131klamas\u0131:<\/p>\n<p>Writing Tablet Lcd 12 In\u00e7 Dijital Kalemli \u00c7izim Yaz\u0131 Tahtas\u0131 grafik not yazma ve \u00e7izim tableti &#8211; Ta\u015f\u0131nabilir dijital kalemli \u00e7izim ve yaz\u0131 tahtas\u0131 e\u011fitim tableti &#8211; Boyama &#8211; Duvar yaz\u0131s\u0131 &#8211; Uygulama &#8211; Hesap 12 in\u00e7 b\u00fcy\u00fckl\u00fc\u011f\u00fcnde hem not tutmak hem resim \u00e7izmek gibi farkl\u0131 fonksiyonlar\u0131 bar\u0131nd\u0131r\u0131r. Ta\u015f\u0131nabilir hafiflikte ve boyuttad\u0131r. Dokunmatik kalemi ile birlikte rahat kullan\u0131m sa\u011flar. Hafif renk, g\u00f6zlerinize zarar vermez, radyasyon yoktur. Bas\u0131nca duyarl\u0131, kullan\u0131m\u0131 kolayd\u0131r. Ekran\u0131 sadece bir d\u00fc\u011fme ile temizleyin. Arkas\u0131ndaki kilit tu\u015fu ile silmeyi tamamen durdurabilirsiniz. Pilini \u00e7\u0131kar\u0131p rahat\u00e7a de\u011fi\u015ftirebilirisiniz. Ultra ince ve hafif tasar\u0131m, ta\u015f\u0131mak i\u00e7in uygun. Yazma ve \u00e7izim, ev mesaj\u0131 vb. I\u00e7in uygundur. Lcd grafik not yazma ve \u00e7izim tabletibas sil-\u00c7izim yapt\u0131ktan ve yaz\u0131 yazd\u0131ktan sonra tek tu\u015f ile silebilirsiniz. 12 in\u00e7&#8217;lik lcd \u00e7izim ekran\u0131-Ergonamik dizayn sayesinde ve ince tasar\u0131ml\u0131 lcd ekran\u0131 sayesinde kullan\u0131m\u0131 \u00e7ok kolay ve pratiktir. \u00c7ok hafif olmas\u0131 sayesinde istedi\u011finiz yere ta\u015f\u0131yabilir ve istedi\u011finiz yerde kullanabilirsiniz.<\/p>\n<p>\u00dcr\u00fcn \u00d6zellikleri:<\/p>\n<p>\u00b7 12 in\u00e7 ekran.<\/p>\n<p>\u00b7Ta\u015f\u0131nabilir hafiflik.<\/p>\n<p>\u00b7 Bir d\u00fc\u011fme ile temizlik.<\/p>\n<p>\u00b7Ergonomik dizayn.<\/p>\n","protected":false},"excerpt":{"rendered":"<p>Writing Tablet Lcd 12 In\u00e7 Dijital Kalemli \u00c7izim Yaz\u0131 Tahtas\u0131 \u00dcr\u00fcn A\u00e7\u0131klamas\u0131: Writing Tablet Lcd 12 In\u00e7 Dijital Kalemli \u00c7izim<\/p>\n","protected":false},"featured_media":14579,"comment_status":"open","ping_status":"closed","template":"","meta":[],"product_brand":[],"product_cat":[357,313],"product_tag":[],"class_list":{"0":"post-14572","1":"product","2":"type-product","3":"status-publish","4":"has-post-thumbnail","6":"product_cat-elektronik","7":"product_cat-telefon-ve-tablet","9":"first","10":"instock","11":"sale","12":"shipping-taxable","13":"purchasable","14":"product-type-simple"},"aioseo_notices":[],"_links":{"self":[{"href":"https:\/\/flytechltd.com\/en\/wp-json\/wp\/v2\/product\/14572","targetHints":{"allow":["GET"]}}],"collection":[{"href":"https:\/\/flytechltd.com\/en\/wp-json\/wp\/v2\/product"}],"about":[{"href":"https:\/\/flytechltd.com\/en\/wp-json\/wp\/v2\/types\/product"}],"replies":[{"embeddable":true,"href":"https:\/\/flytechltd.com\/en\/wp-json\/wp\/v2\/comments?post=14572"}],"version-history":[{"count":0,"href":"https:\/\/flytechltd.com\/en\/wp-json\/wp\/v2\/product\/14572\/revisions"}],"wp:featuredmedia":[{"embeddable":true,"href":"https:\/\/flytechltd.com\/en\/wp-json\/wp\/v2\/media\/14579"}],"wp:attachment":[{"href":"https:\/\/flytechltd.com\/en\/wp-json\/wp\/v2\/media?parent=14572"}],"wp:term":[{"taxonomy":"product_brand","embeddable":true,"href":"https:\/\/flytechltd.com\/en\/wp-json\/wp\/v2\/product_brand?post=14572"},{"taxonomy":"product_cat","embeddable":true,"href":"https:\/\/flytechltd.com\/en\/wp-json\/wp\/v2\/product_cat?post=14572"},{"taxonomy":"product_tag","embeddable":true,"href":"https:\/\/flytechltd.com\/en\/wp-json\/wp\/v2\/product_tag?post=14572"}],"curies":[{"name":"wp","href":"https:\/\/api.w.org\/{rel}","templated":true}]}}