{"id":14583,"date":"2024-05-03T17:48:49","date_gmt":"2024-05-03T17:48:49","guid":{"rendered":"https:\/\/flytechltd.com\/?post_type=product&#038;p=14583"},"modified":"2025-11-30T18:12:13","modified_gmt":"2025-11-30T18:12:13","slug":"lcd-yazi-cizim-tahtasi-tablet-8-5-inc-digital-kalem","status":"publish","type":"product","link":"https:\/\/flytechltd.com\/en\/p\/lcd-yazi-cizim-tahtasi-tablet-8-5-inc-digital-kalem\/","title":{"rendered":"LCD Yaz\u0131 \u00c7izim Tahtas\u0131 Tablet 8.5 in\u00e7 Digital Kalem"},"content":{"rendered":"<p>Writing Tablet Lcd 8.5 In\u00e7 Dijital Kalemli \u00c7izim Yaz\u0131 Tahtas\u0131 siyah<br \/>\ngrafik not yazma ve \u00e7izim tableti<br \/>\n&#8211; Ta\u015f\u0131nabilir dijital kalemli \u00e7izim ve yaz\u0131 tahtas\u0131 e\u011fitim tableti<br \/>\n&#8211; Boyama<br \/>\n&#8211; Duvar yaz\u0131s\u0131<br \/>\n&#8211; Uygulama<br \/>\n&#8211; Hesap<br \/>\n8.5 in\u00e7 b\u00fcy\u00fckl\u00fc\u011f\u00fcnde hem not tutmak hem resim \u00e7izmek gibi farkl\u0131 fonksiyonlar\u0131 bar\u0131nd\u0131r\u0131r.<br \/>\nTa\u015f\u0131nabilir hafiflikte ve boyuttad\u0131r.<br \/>\nDokunmatik kalemi ile birlikte rahat kullan\u0131m sa\u011flar.<br \/>\nHafif renk, g\u00f6zlerinize zarar vermez, radyasyon yoktur.<br \/>\nBas\u0131nca duyarl\u0131, kullan\u0131m\u0131 kolayd\u0131r.<br \/>\nEkran\u0131 sadece bir d\u00fc\u011fme ile temizleyin.<br \/>\nArkas\u0131ndaki kilit tu\u015fu ile silmeyi tamamen durdurabilirsiniz.<br \/>\nPilini \u00e7\u0131kar\u0131p rahat\u00e7a de\u011fi\u015ftirebilirisiniz.<br \/>\nUltra ince ve hafif tasar\u0131m, ta\u015f\u0131mak i\u00e7in uygun.<br \/>\nYazma ve \u00e7izim, ev mesaj\u0131 vb. I\u00e7in uygundur.<br \/>\nLcd grafik not yazma ve \u00e7izim tabletibas sil-\u00c7izim yapt\u0131ktan ve yaz\u0131 yazd\u0131ktan sonra tek tu\u015f ile silebilirsiniz.<br \/>\n8.5 in\u00e7&#8217;lik lcd \u00e7izim ekran\u0131-Ergonamik dizayn sayesinde ve ince tasar\u0131ml\u0131 lcd ekran\u0131 sayesinde kullan\u0131m\u0131 \u00e7ok kolay ve pratiktir.<br \/>\n\u00c7ok hafif olmas\u0131 sayesinde istedi\u011finiz yere ta\u015f\u0131yabilir ve istedi\u011finiz yerde kullanabilirsiniz.<\/p>\n","protected":false},"excerpt":{"rendered":"<p>Writing Tablet Lcd 8.5 In\u00e7 Dijital Kalemli \u00c7izim Yaz\u0131 Tahtas\u0131 siyah grafik not yazma ve \u00e7izim tableti &#8211; Ta\u015f\u0131nabilir dijital<\/p>\n","protected":false},"featured_media":14586,"comment_status":"open","ping_status":"closed","template":"","meta":[],"product_brand":[],"product_cat":[357,313],"product_tag":[],"class_list":{"0":"post-14583","1":"product","2":"type-product","3":"status-publish","4":"has-post-thumbnail","6":"product_cat-elektronik","7":"product_cat-telefon-ve-tablet","9":"first","10":"instock","11":"shipping-taxable","12":"purchasable","13":"product-type-simple"},"aioseo_notices":[],"_links":{"self":[{"href":"https:\/\/flytechltd.com\/en\/wp-json\/wp\/v2\/product\/14583","targetHints":{"allow":["GET"]}}],"collection":[{"href":"https:\/\/flytechltd.com\/en\/wp-json\/wp\/v2\/product"}],"about":[{"href":"https:\/\/flytechltd.com\/en\/wp-json\/wp\/v2\/types\/product"}],"replies":[{"embeddable":true,"href":"https:\/\/flytechltd.com\/en\/wp-json\/wp\/v2\/comments?post=14583"}],"version-history":[{"count":0,"href":"https:\/\/flytechltd.com\/en\/wp-json\/wp\/v2\/product\/14583\/revisions"}],"wp:featuredmedia":[{"embeddable":true,"href":"https:\/\/flytechltd.com\/en\/wp-json\/wp\/v2\/media\/14586"}],"wp:attachment":[{"href":"https:\/\/flytechltd.com\/en\/wp-json\/wp\/v2\/media?parent=14583"}],"wp:term":[{"taxonomy":"product_brand","embeddable":true,"href":"https:\/\/flytechltd.com\/en\/wp-json\/wp\/v2\/product_brand?post=14583"},{"taxonomy":"product_cat","embeddable":true,"href":"https:\/\/flytechltd.com\/en\/wp-json\/wp\/v2\/product_cat?post=14583"},{"taxonomy":"product_tag","embeddable":true,"href":"https:\/\/flytechltd.com\/en\/wp-json\/wp\/v2\/product_tag?post=14583"}],"curies":[{"name":"wp","href":"https:\/\/api.w.org\/{rel}","templated":true}]}}