{"id":14617,"date":"2024-05-03T19:33:30","date_gmt":"2024-05-03T19:33:30","guid":{"rendered":"https:\/\/flytechltd.com\/?post_type=product&#038;p=14617"},"modified":"2024-05-03T19:33:30","modified_gmt":"2024-05-03T19:33:30","slug":"awei-p133k-10000mah-tasinabilir-powerbank-dahili-4-kablolar-led-ekran-usb-girisi","status":"publish","type":"product","link":"https:\/\/flytechltd.com\/en\/p\/awei-p133k-10000mah-tasinabilir-powerbank-dahili-4-kablolar-led-ekran-usb-girisi\/","title":{"rendered":"Awei P133K 10000mAh Ta\u015f\u0131nabilir Powerbank Dahili 4 Kablolar  LED Ekran USB Giri\u015fi"},"content":{"rendered":"<p data-spm-anchor-id=\"a2o4l.pdp_revamp.product_detail.i0.3ba364c6rgyDHI\"><strong>Specification<\/strong><\/p>\n<p>USB Line Input:DC 5V==2A<\/p>\n<p>Type-C Input:DC 5V==2A<\/p>\n<p>Micro\/Type-C\/Light-ning\/line output:<\/p>\n<p>DC 5V==2A (MAX)<\/p>\n<p>USB Output: DC 5V==2A<\/p>\n<p>Battery Capacity: 10000mAh<\/p>\n<p>&nbsp;<\/p>\n","protected":false},"excerpt":{"rendered":"<p>P133K<\/p>\n","protected":false},"featured_media":14618,"comment_status":"open","ping_status":"closed","template":"","meta":[],"product_brand":[],"product_cat":[318],"product_tag":[],"class_list":{"0":"post-14617","1":"product","2":"type-product","3":"status-publish","4":"has-post-thumbnail","6":"product_cat-seyahat-sarj-cihazi","8":"first","9":"instock","10":"sale","11":"shipping-taxable","12":"purchasable","13":"product-type-simple"},"aioseo_notices":[],"_links":{"self":[{"href":"https:\/\/flytechltd.com\/en\/wp-json\/wp\/v2\/product\/14617","targetHints":{"allow":["GET"]}}],"collection":[{"href":"https:\/\/flytechltd.com\/en\/wp-json\/wp\/v2\/product"}],"about":[{"href":"https:\/\/flytechltd.com\/en\/wp-json\/wp\/v2\/types\/product"}],"replies":[{"embeddable":true,"href":"https:\/\/flytechltd.com\/en\/wp-json\/wp\/v2\/comments?post=14617"}],"version-history":[{"count":0,"href":"https:\/\/flytechltd.com\/en\/wp-json\/wp\/v2\/product\/14617\/revisions"}],"wp:featuredmedia":[{"embeddable":true,"href":"https:\/\/flytechltd.com\/en\/wp-json\/wp\/v2\/media\/14618"}],"wp:attachment":[{"href":"https:\/\/flytechltd.com\/en\/wp-json\/wp\/v2\/media?parent=14617"}],"wp:term":[{"taxonomy":"product_brand","embeddable":true,"href":"https:\/\/flytechltd.com\/en\/wp-json\/wp\/v2\/product_brand?post=14617"},{"taxonomy":"product_cat","embeddable":true,"href":"https:\/\/flytechltd.com\/en\/wp-json\/wp\/v2\/product_cat?post=14617"},{"taxonomy":"product_tag","embeddable":true,"href":"https:\/\/flytechltd.com\/en\/wp-json\/wp\/v2\/product_tag?post=14617"}],"curies":[{"name":"wp","href":"https:\/\/api.w.org\/{rel}","templated":true}]}}