{"id":14772,"date":"2024-06-10T20:33:47","date_gmt":"2024-06-10T20:33:47","guid":{"rendered":"https:\/\/flytechltd.com\/?post_type=product&#038;p=14772"},"modified":"2024-09-23T10:53:02","modified_gmt":"2024-09-23T10:53:02","slug":"imou-bullet-2-ipc-f22fep-akilli-renkli-gece-gorusu-dahili-spot-isigi-ve-mikrofona-sahip-2mp-wifi-kamera","status":"publish","type":"product","link":"https:\/\/flytechltd.com\/en\/p\/imou-bullet-2-ipc-f22fep-akilli-renkli-gece-gorusu-dahili-spot-isigi-ve-mikrofona-sahip-2mp-wifi-kamera\/","title":{"rendered":"IMOU Bullet 2 IPC-F22FEP Ak\u0131ll\u0131 Renkli Gece G\u00f6r\u00fc\u015f\u00fc, dahili Spot I\u015f\u0131\u011f\u0131 ve Mikrofona sahip 2MP WiFi Kamera"},"content":{"rendered":"<h2>IMOU Bullet 2E IPC-F22FEP-D Ak\u0131ll\u0131 Renkli Gece G\u00f6r\u00fc\u015f\u00fc, dahili Spot I\u015f\u0131\u011f\u0131 ve Mikrofona sahip 2MP WiFi Kamera<\/h2>\n<p>&nbsp;<\/p>\n<p><strong>IMOU Bullet 2,<\/strong>\u00a0\u00a02,8 mm\/3,6 mm\/6 mm lens se\u00e7ene\u011fiyle 2 MP canl\u0131 izleme sunar; zifiri karanl\u0131kta bile g\u00fcnd\u00fcz kadar net netlik i\u00e7in d\u00f6rt gece g\u00f6r\u00fc\u015f modunu destekler. \u0130nsan Alg\u0131lama, can s\u0131k\u0131c\u0131 yanl\u0131\u015f uyar\u0131lar almadan \u00f6nemli olan\u0131 izlemenize olanak tan\u0131r. IP67 sertifikas\u0131na sahip kamera, farkl\u0131 hava ko\u015fullar\u0131nda d\u0131\u015f mekanlarda kullan\u0131labilir.<\/p>\n<ul>\n<li><strong>IP67 Hava Ko\u015fullar\u0131na Dayan\u0131kl\u0131<\/strong><\/li>\n<li>\u0130nsan Tespiti<\/li>\n<li>1080P<\/li>\n<li>H.265<\/li>\n<li>Ak\u0131ll\u0131 Renkli Gece G\u00f6r\u00fc\u015f\u00fc<\/li>\n<li>Dahili Mikrofon<\/li>\n<li>Dahili Spot I\u015f\u0131\u011f\u0131<\/li>\n<li>\u00c7ift Anten ve MIMO<\/li>\n<li>Yumu\u015fatma modu<\/li>\n<li>Bulut<\/li>\n<\/ul>\n<p><strong>Ak\u0131ll\u0131 Renkli Gece G\u00f6r\u00fc\u015f\u00fc<\/strong><br \/>\nD\u00f6rt ak\u0131ll\u0131 gece g\u00f6r\u00fc\u015f modu, tamamen karanl\u0131kta bile net, tam renkli veya siyah beyaz g\u00f6r\u00fcnt\u00fcler sa\u011flar.<\/p>\n<ul>\n<li><strong>K\u0131z\u0131l\u00f6tesi Modu<\/strong>\u00a0(Geli\u015fmi\u015f IR algoritmalar\u0131 karanl\u0131kta bile net siyah beyaz resimler sa\u011flar.)<\/li>\n<li><strong>Renk Modu<\/strong>\u00a0(Dahili iki adet spot \u0131\u015f\u0131\u011f\u0131 sayesinde gece g\u00f6r\u00fc\u015f\u00fcn\u00fcz art\u0131k ayd\u0131nlat\u0131lm\u0131\u015f ve tam renklidir. Renk Modu ayn\u0131 zamanda evinizin d\u0131\u015f ayd\u0131nlatmas\u0131n\u0131 da sa\u011flar.)<\/li>\n<li><strong>Ak\u0131ll\u0131 Mod<\/strong>\u00a0(Ak\u0131ll\u0131 Mod&#8217;a ge\u00e7erseniz siyah beyaz gece g\u00f6r\u00fc\u015f\u00fcn\u00fcn keyfini \u00e7\u0131karabilirsiniz. \u015e\u00fcpheli hareket alg\u0131land\u0131\u011f\u0131nda spot \u0131\u015f\u0131klar\u0131 otomatik olarak a\u00e7\u0131l\u0131r ve bir \u015fey oldu\u011funda size canl\u0131, tam renkli g\u00f6r\u00fcnt\u00fc g\u00f6sterir.)<\/li>\n<li><strong>Kapal\u0131 Modu<\/strong>\u00a0(Geceleri d\u0131\u015f mekan ayd\u0131nlatmas\u0131na ihtiya\u00e7 duyulmamas\u0131 durumunda \u0131\u015f\u0131k kirlili\u011fini \u00f6nlemek i\u00e7in Kapal\u0131 Moduna ge\u00e7iniz.)<\/li>\n<\/ul>\n<p><strong>\u0130nsan Tespiti<\/strong><br \/>\nG\u00fc\u00e7l\u00fc g\u00f6r\u00fcnt\u00fc i\u015fleme teknolojisi, g\u00f6r\u00fcnt\u00fclerdeki insan hedeflerini h\u0131zl\u0131 bir \u015fekilde bulur ve ak\u0131ll\u0131 telefonunuza an\u0131nda bir bildirim g\u00f6ndererek, rahats\u0131z edici yanl\u0131\u015f uyar\u0131lar almadan \u00f6nemli olan\u0131 izlemenize olanak tan\u0131r.<\/p>\n<p><strong>1080P Full HD Video ve H.265 S\u0131k\u0131\u015ft\u0131rma<\/strong><br \/>\n1080P sens\u00f6r ve geli\u015fmi\u015f IR algoritmalar\u0131, hem g\u00fcnd\u00fcz hem de gece kristal netli\u011finde video sa\u011flar. Son teknoloji \u00fcr\u00fcn\u00fc H.265 s\u0131k\u0131\u015ft\u0131rma, ayn\u0131 video kalitesinde a\u011f bant geni\u015fli\u011fini ve depolama kullan\u0131m\u0131n\u0131 %50 azalt\u0131r.<\/p>\n<p><strong>Dahili Spot I\u015f\u0131klar\u0131<\/strong><br \/>\nKamera, dahili spot \u0131\u015f\u0131klar\u0131 ile izinsiz giri\u015f tespit etti\u011finde, Bullet 2E, istenmeyen ziyaret\u00e7ileri siz onlar\u0131 fark etmeden aktif olarak \u00f6nemsedi\u011finiz \u015feylerden uzak tutar.<\/p>\n<p><strong>\u00c7ift Anten ve MIMO<\/strong><br \/>\n\u00c7ift Anten ve 2&#215;2 MIMO teknolojisi, uzun mesafelerde bile parazitlere kar\u015f\u0131 dayan\u0131kl\u0131d\u0131r.<br \/>\n<strong><br \/>\nDahili Mikrofon<\/strong><br \/>\nY\u00fcksek kaliteli mikrofon, izleme s\u0131ras\u0131nda sesleri net bir \u015fekilde al\u0131r.<br \/>\n<strong><br \/>\nAlarm Bildirimi<\/strong><br \/>\nAk\u0131ll\u0131 telefonunuz hareket alg\u0131lad\u0131\u011f\u0131nda an\u0131nda uyar\u0131lar g\u00f6ndererek evde veya al\u0131\u015fveri\u015fte olup bitenlerden her yerden haberdar olman\u0131z\u0131 sa\u011flar.<\/p>\n<p><strong>Dahili Wi-Fi Eri\u015fim Noktas\u0131<\/strong><br \/>\nBullet 2E, yumu\u015fak AP modunu destekler, b\u00f6ylece \u0130nternet ba\u011flant\u0131s\u0131 olmad\u0131\u011f\u0131nda bile video ak\u0131\u015f\u0131 yapabilir, kayd\u0131 oynatabilirsiniz.\u00a0Birden fazla senaryoda kullan\u0131m i\u00e7in<\/p>\n<p><strong>hava ko\u015fullar\u0131na dayan\u0131kl\u0131 IP67 hava ko\u015fullar\u0131na dayan\u0131kl\u0131 tasar\u0131m.\u00a0<\/strong><strong>Harici Su Ge\u00e7irmez S\u0131f\u0131rlama D\u00fc\u011fmesi<\/strong>\u00a0Kameray\u0131 s\u0131f\u0131rlamak i\u00e7in 10 saniye bas\u0131l\u0131 tutun. Kapa\u011f\u0131 a\u00e7maya gerek yoktur ve i\u015flem daha uygundur.\u00a0<strong>\u00c7e\u015fitlendirilmi\u015f Depolama<\/strong>\u00a0Video, SD kart, NVR veya Bulut Depolama arac\u0131l\u0131\u011f\u0131yla kolayca depolan\u0131r ve bu videolara kolayca eri\u015filebilir.<\/p>\n<p><strong>Lens:<\/strong>\u00a02,8 mm: hedefi 38,6 m&#8217;de (126,6 ft) ke\u015ffedin, g\u00f6r\u00fc\u015f alan\u0131 120\u00b0&#8217;dir<\/p>\n<p><strong>Imou Cloud<\/strong><br \/>\nImou Cloud, bildirimler, canl\u0131 video ak\u0131\u015f\u0131 ve tek dokunu\u015fla \u00fcr\u00fcn yaz\u0131l\u0131m\u0131 g\u00fcncellemeleriyle hayat\u0131n\u0131z\u0131 kolayla\u015ft\u0131r\u0131r.<\/p>\n<p><strong>Kutuda ne var:<\/strong><\/p>\n<ul>\n<li>1x Kamera<\/li>\n<li>1x H\u0131zl\u0131 Ba\u015flang\u0131\u00e7 \u200b\u200bK\u0131lavuzu<\/li>\n<li>1x G\u00fc\u00e7 Adapt\u00f6r\u00fc<\/li>\n<li>1x Vida Paketi<\/li>\n<li>1x Kurulum Konumu Haritas\u0131<\/li>\n<li>1x Su Ge\u00e7irmez Konekt\u00f6r<\/li>\n<\/ul>\n<p>IMOU IPC-F22FEP-D-0280B Bullet 2&#8217;nin \u00f6zellikleri<\/p>\n<hr \/>\n<table class=\"table mods\">\n<tbody>\n<tr class=\"mod_id_2\">\n<td>Kamera t\u00fcr\u00fc<\/td>\n<td>Madde i\u015fareti<\/td>\n<\/tr>\n<tr class=\"mod_id_4\">\n<td>Kamera Maksimum \u00c7\u00f6z\u00fcn\u00fcrl\u00fc\u011f\u00fc<\/td>\n<td>2 MP<\/td>\n<\/tr>\n<tr class=\"mod_id_15\">\n<td>Kamera Odak uzakl\u0131\u011f\u0131<\/td>\n<td>2,8 mm<\/td>\n<\/tr>\n<tr class=\"mod_id_13\">\n<td>Kamera IR Mesafesi<\/td>\n<td>30 dakika<\/td>\n<\/tr>\n<tr class=\"mod_id_10\">\n<td>Kamera Ses Deste\u011fi<\/td>\n<td>Dahili Mikrofon<\/td>\n<\/tr>\n<tr class=\"mod_id_16\">\n<td>G\u00fc\u00e7 kayna\u011f\u0131<\/td>\n<td>12Vdc<\/td>\n<\/tr>\n<tr class=\"mod_id_17\">\n<td>Koruma seviyesi<\/td>\n<td>IP67<\/td>\n<\/tr>\n<tr class=\"mod_id_37\">\n<td>\u00c7al\u0131\u015fma ortam\u0131<\/td>\n<td>-30\u00b0C~+60\u00b0C<\/td>\n<\/tr>\n<\/tbody>\n<\/table>\n","protected":false},"excerpt":{"rendered":"<p>IPC-F22FEP-D<\/p>\n","protected":false},"featured_media":14773,"comment_status":"open","ping_status":"closed","template":"","meta":[],"product_brand":[],"product_cat":[338],"product_tag":[360],"class_list":{"0":"post-14772","1":"product","2":"type-product","3":"status-publish","4":"has-post-thumbnail","6":"product_cat-guvenlik-kamerasi","7":"product_tag-kampanya","9":"first","10":"instock","11":"sale","12":"shipping-taxable","13":"purchasable","14":"product-type-simple"},"aioseo_notices":[],"_links":{"self":[{"href":"https:\/\/flytechltd.com\/en\/wp-json\/wp\/v2\/product\/14772","targetHints":{"allow":["GET"]}}],"collection":[{"href":"https:\/\/flytechltd.com\/en\/wp-json\/wp\/v2\/product"}],"about":[{"href":"https:\/\/flytechltd.com\/en\/wp-json\/wp\/v2\/types\/product"}],"replies":[{"embeddable":true,"href":"https:\/\/flytechltd.com\/en\/wp-json\/wp\/v2\/comments?post=14772"}],"version-history":[{"count":0,"href":"https:\/\/flytechltd.com\/en\/wp-json\/wp\/v2\/product\/14772\/revisions"}],"wp:featuredmedia":[{"embeddable":true,"href":"https:\/\/flytechltd.com\/en\/wp-json\/wp\/v2\/media\/14773"}],"wp:attachment":[{"href":"https:\/\/flytechltd.com\/en\/wp-json\/wp\/v2\/media?parent=14772"}],"wp:term":[{"taxonomy":"product_brand","embeddable":true,"href":"https:\/\/flytechltd.com\/en\/wp-json\/wp\/v2\/product_brand?post=14772"},{"taxonomy":"product_cat","embeddable":true,"href":"https:\/\/flytechltd.com\/en\/wp-json\/wp\/v2\/product_cat?post=14772"},{"taxonomy":"product_tag","embeddable":true,"href":"https:\/\/flytechltd.com\/en\/wp-json\/wp\/v2\/product_tag?post=14772"}],"curies":[{"name":"wp","href":"https:\/\/api.w.org\/{rel}","templated":true}]}}