{"id":14781,"date":"2024-06-14T20:01:07","date_gmt":"2024-06-14T20:01:07","guid":{"rendered":"https:\/\/flytechltd.com\/?post_type=product&#038;p=14781"},"modified":"2024-09-23T10:52:28","modified_gmt":"2024-09-23T10:52:28","slug":"dahili-mikrofonlu-2-mp-dis-mekan-sabit-bullet-ag-kamerasi","status":"publish","type":"product","link":"https:\/\/flytechltd.com\/en\/p\/dahili-mikrofonlu-2-mp-dis-mekan-sabit-bullet-ag-kamerasi\/","title":{"rendered":"Dahili Mikrofonlu 2 MP D\u0131\u015f Mekan Sabit Bullet A\u011f Kameras\u0131"},"content":{"rendered":"<ul class=\"product_description_item-list\">\n<li class=\"product_description_item\">2 MP \u00e7\u00f6z\u00fcn\u00fcrl\u00fckle y\u00fcksek kaliteli g\u00f6r\u00fcnt\u00fcleme<\/li>\n<li class=\"product_description_item\">Verimli H.265+ s\u0131k\u0131\u015ft\u0131rma teknolojisi<\/li>\n<li class=\"product_description_item\">DWDR teknolojisi sayesinde g\u00fc\u00e7l\u00fc arka ayd\u0131nlatmada bile net g\u00f6r\u00fcnt\u00fcleme<\/li>\n<li class=\"product_description_item\">Depolama i\u00e7in 128 GB&#8217;a kadar SD kart yuvas\u0131<\/li>\n<li class=\"product_description_item\">Hik-Connect ile do\u011frudan Wi-Fi ba\u011flant\u0131s\u0131 m\u00fcmk\u00fcn de\u011fil<\/li>\n<li class=\"product_description_item\">Suya ve toza dayan\u0131kl\u0131 (IP66)<\/li>\n<\/ul>\n<p>&nbsp;<\/p>\n<p><img decoding=\"async\" class=\"\" src=\"https:\/\/www.hikvision.com\/content\/dam\/hikvision\/products\/S000000001\/S000000002\/S000000003\/S000000801\/OFR000063\/M000000084\/specIcons\/3D-DNR.png\" alt=\"\" width=\"40\" height=\"40\" \/><img decoding=\"async\" class=\"\" src=\"https:\/\/www.hikvision.com\/content\/dam\/hikvision\/products\/S000000001\/S000000002\/S000000003\/S000000801\/OFR000063\/M000000084\/specIcons\/IR-.png\" alt=\"\" width=\"40\" height=\"40\" \/><img decoding=\"async\" class=\"\" src=\"https:\/\/www.hikvision.com\/content\/dam\/hikvision\/products\/S000000001\/S000000002\/S000000003\/S000000801\/OFR000063\/M000000084\/specIcons\/SD-Card-.png\" alt=\"\" width=\"40\" height=\"41\" \/><img loading=\"lazy\" decoding=\"async\" class=\"\" src=\"https:\/\/www.hikvision.com\/content\/dam\/hikvision\/products\/S000000001\/S000000002\/S000000003\/S000000801\/OFR000063\/M000000084\/specIcons\/WLAN-.png\" alt=\"\" width=\"40\" height=\"40\" \/><img loading=\"lazy\" decoding=\"async\" class=\"\" src=\"https:\/\/www.hikvision.com\/content\/dam\/hikvision\/products\/S000000001\/S000000002\/S000000003\/S000000801\/OFR000063\/M000000084\/specIcons\/IP66-.png\" alt=\"\" width=\"40\" height=\"40\" \/><img loading=\"lazy\" decoding=\"async\" class=\"\" src=\"https:\/\/www.hikvision.com\/content\/dam\/hikvision\/products\/S000000001\/S000000002\/S000000003\/S000000801\/OFR000063\/M000000084\/specIcons\/Mobile-Surveillance-.png\" alt=\"\" width=\"40\" height=\"40\" \/><\/p>\n<ul class=\"tech-specs-items-description\" data-target=\"Smart Features\">\n<li class=\"tech-specs-items-description-list\"><span class=\"tech-specs-items-description__title--heading\">Ak\u0131ll\u0131 \u00d6zellikler<\/span><\/li>\n<li class=\"tech-specs-items-description-list\"><span class=\"tech-specs-items-description__title\">Alarm Tetikleyici<\/span><span class=\"tech-specs-items-description__title-details\">Hareket alg\u0131lama, a\u011f ba\u011flant\u0131s\u0131 kesildi, IP adresi \u00e7ak\u0131\u015fmas\u0131, yasa d\u0131\u015f\u0131 oturum a\u00e7ma, HDD dolu, HDD hatas\u0131<\/span><\/li>\n<\/ul>\n<ul class=\"tech-specs-items-description\" data-target=\"Camera\">\n<li class=\"tech-specs-items-description-list\"><span class=\"tech-specs-items-description__title--heading\">Kamera<\/span><\/li>\n<li class=\"tech-specs-items-description-list\"><span class=\"tech-specs-items-description__title\">G\u00f6r\u00fcnt\u00fc Sens\u00f6r\u00fc<\/span><span class=\"tech-specs-items-description__title-details\">1\/2,7&#8243; A\u015famal\u0131 Tarama CMOS<\/span><\/li>\n<li class=\"tech-specs-items-description-list\"><span class=\"tech-specs-items-description__title\">Min. Ayd\u0131nlatma<\/span><span class=\"tech-specs-items-description__title-details\">Renk: 0,028 L\u00fcks @ (F2,0, AGC A\u00c7IK)<\/span><\/li>\n<li class=\"tech-specs-items-description-list\"><span class=\"tech-specs-items-description__title\">Deklan\u015f\u00f6r H\u0131z\u0131<\/span><span class=\"tech-specs-items-description__title-details\">1\/3 sn ila 1\/100.000 sn<\/span><\/li>\n<li class=\"tech-specs-items-description-list\"><span class=\"tech-specs-items-description__title\">Yava\u015f Enstantane<\/span><span class=\"tech-specs-items-description__title-details\">Evet<\/span><\/li>\n<li class=\"tech-specs-items-description-list\"><span class=\"tech-specs-items-description__title\">A\u00e7\u0131 Ayar\u0131<\/span><span class=\"tech-specs-items-description__title-details\">Kayd\u0131rma: 0\u00b0 ila 360\u00b0, e\u011fme: -90\u00b0 ila 90\u00b0, d\u00f6nd\u00fcrme: 0\u00b0 ila 90\u00b0<\/span><\/li>\n<li class=\"tech-specs-items-description-list\"><span class=\"tech-specs-items-description__title\">WDR<\/span><span class=\"tech-specs-items-description__title-details\">DWDR<\/span><\/li>\n<li class=\"tech-specs-items-description-list\"><span class=\"tech-specs-items-description__title\">G\u00fcnd\u00fcz Gece<\/span><span class=\"tech-specs-items-description__title-details\">IR Kesme Filtresi<\/span><\/li>\n<\/ul>\n<ul class=\"tech-specs-items-description\" data-target=\"Lens\">\n<li class=\"tech-specs-items-description-list\"><span class=\"tech-specs-items-description__title--heading\">Lens<\/span><\/li>\n<li class=\"tech-specs-items-description-list\"><span class=\"tech-specs-items-description__title\">Diyafram<\/span><span class=\"tech-specs-items-description__title-details\">F2.0<\/span><\/li>\n<li class=\"tech-specs-items-description-list\"><span class=\"tech-specs-items-description__title\">Odak<\/span><span class=\"tech-specs-items-description__title-details\">Sabit<\/span><\/li>\n<li class=\"tech-specs-items-description-list\"><span class=\"tech-specs-items-description__title\">G\u00f6r\u00fc\u015f A\u00e7\u0131s\u0131<\/span>\n<p class=\"mb-p\">2,8 mm, yatay G\u00f6r\u00fc\u015f Alan\u0131: 114,5\u00b0, dikey G\u00f6r\u00fc\u015f Alan\u0131: 62\u00b0, \u00e7apraz G\u00f6r\u00fc\u015f A\u00e7\u0131s\u0131: 135,5\u00b0<\/p>\n<p class=\"mb-p\">4 mm, yatay G\u00f6r\u00fc\u015f Alan\u0131: 86\u00b0, dikey G\u00f6r\u00fc\u015f A\u00e7\u0131s\u0131: 46,5\u00b0, \u00e7apraz G\u00f6r\u00fc\u015f A\u00e7\u0131s\u0131: 102,5\u00b0<\/p>\n<\/li>\n<li class=\"tech-specs-items-description-list\"><span class=\"tech-specs-items-description__title\">Lens Montaj\u0131<\/span><span class=\"tech-specs-items-description__title-details\">M12<\/span><\/li>\n<li class=\"tech-specs-items-description-list\"><span class=\"tech-specs-items-description__title\">Odak Uzakl\u0131\u011f\u0131<\/span><span class=\"tech-specs-items-description__title-details\">2,8\/4mm<\/span><\/li>\n<\/ul>\n<ul class=\"tech-specs-items-description\" data-target=\"Network\">\n<li class=\"tech-specs-items-description-list\"><span class=\"tech-specs-items-description__title--heading\">A\u011f<\/span><\/li>\n<li class=\"tech-specs-items-description-list\"><span class=\"tech-specs-items-description__title\">A\u011f Depolama<\/span><span class=\"tech-specs-items-description__title-details\">Mikro SD\/SDHC\/SDXC kart\u0131 (maks. 256 GB), yerel depolama ve NAS&#8217;\u0131 (NFS, SMB\/CIFS), otomatik a\u011f yenilemeyi (ANR) destekler<\/span><\/li>\n<li class=\"tech-specs-items-description-list\"><span class=\"tech-specs-items-description__title\">Alarm Tetikleyici<\/span><span class=\"tech-specs-items-description__title-details\">Hareket alg\u0131lama, yasa d\u0131\u015f\u0131 oturum a\u00e7ma<\/span><\/li>\n<li class=\"tech-specs-items-description-list\"><span class=\"tech-specs-items-description__title\">Protokoller<\/span><span class=\"tech-specs-items-description__title-details\">TCP\/IP, ICMP, DHCP, DNS, DDNS, HTTP, RTP, RTSP, NTP, UPnP, IGMP, IPv6, UDP, QoS, Bonjour<\/span><\/li>\n<li class=\"tech-specs-items-description-list\"><span class=\"tech-specs-items-description__title\">API&#8217;si<\/span><span class=\"tech-specs-items-description__title-details\">ISAPI<\/span><\/li>\n<li class=\"tech-specs-items-description-list\"><span class=\"tech-specs-items-description__title\">E\u015fzamanl\u0131 Canl\u0131 G\u00f6r\u00fcn\u00fcm<\/span><span class=\"tech-specs-items-description__title-details\">6 kanala kadar<\/span><\/li>\n<li class=\"tech-specs-items-description-list\"><span class=\"tech-specs-items-description__title\">Kullan\u0131c\u0131\/Ana Bilgisayar<\/span>\n<p class=\"mb-p\">32 kullan\u0131c\u0131ya kadar<\/p>\n<p class=\"mb-p\">3 seviye: Y\u00f6netici, Operat\u00f6r ve Kullan\u0131c\u0131<\/p>\n<\/li>\n<li class=\"tech-specs-items-description-list\"><span class=\"tech-specs-items-description__title\">M\u00fc\u015fteri<\/span>\n<p class=\"mb-p\">Kablolu a\u011f: Hik-Connect, iVMS-4200<\/p>\n<p class=\"mb-p\">Wi-Fi: iVMS-4200<\/p>\n<p class=\"mb-p\">*Do\u011frudan Hik-Connect ile Wi-Fi ba\u011flant\u0131s\u0131 m\u00fcmk\u00fcn de\u011fildir.<\/p>\n<\/li>\n<li class=\"tech-specs-items-description-list\"><span class=\"tech-specs-items-description__title\">\u0130nternet Taray\u0131c\u0131s\u0131<\/span>\n<p class=\"mb-p\">Eklenti gerektiren canl\u0131 g\u00f6r\u00fcn\u00fcm: IE8, IE9, IE10, IE11<\/p>\n<p class=\"mb-p\">Yerel hizmet: Chrome 57.0+, Firefox 52.0+<\/p>\n<\/li>\n<li class=\"tech-specs-items-description-list\"><span class=\"tech-specs-items-description__title\">Genel Fonksiyon<\/span><span class=\"tech-specs-items-description__title-details\">Titreme \u00f6nleme, kalp at\u0131\u015f\u0131, ayna, \u015fifre korumas\u0131, e-posta yoluyla \u015fifre s\u0131f\u0131rlama<\/span><\/li>\n<li class=\"tech-specs-items-description-list\"><span class=\"tech-specs-items-description__title\">Donan\u0131m Yaz\u0131l\u0131m\u0131 S\u00fcr\u00fcm\u00fc<\/span><span class=\"tech-specs-items-description__title-details\">V5.5.101<\/span><\/li>\n<\/ul>\n<ul class=\"tech-specs-items-description\" data-target=\"Video\">\n<li class=\"tech-specs-items-description-list\"><span class=\"tech-specs-items-description__title--heading\">Video<\/span><\/li>\n<li class=\"tech-specs-items-description-list\"><span class=\"tech-specs-items-description__title\">Maks. \u00c7\u00f6z\u00fcn\u00fcrl\u00fck<\/span><span class=\"tech-specs-items-description__title-details\">1920 \u00d7 1080<\/span><\/li>\n<\/ul>\n<ul class=\"tech-specs-items-description\" data-target=\"Audio\">\n<li class=\"tech-specs-items-description-list\"><span class=\"tech-specs-items-description__title--heading\">Ses<\/span><\/li>\n<li class=\"tech-specs-items-description-list\"><span class=\"tech-specs-items-description__title\">Ortam G\u00fcr\u00fclt\u00fc Filtreleme<\/span><span class=\"tech-specs-items-description__title-details\">Evet<\/span><\/li>\n<li class=\"tech-specs-items-description-list\"><span class=\"tech-specs-items-description__title\">Ses \u00d6rnekleme Oran\u0131<\/span><span class=\"tech-specs-items-description__title-details\">8 kHz\/16 kHz<\/span><\/li>\n<\/ul>\n<ul class=\"tech-specs-items-description\" data-target=\"Interface\">\n<li class=\"tech-specs-items-description-list\"><span class=\"tech-specs-items-description__title--heading\">Aray\u00fcz<\/span><\/li>\n<li class=\"tech-specs-items-description-list\"><span class=\"tech-specs-items-description__title\">Yeniden Ba\u015flatma Tu\u015fu<\/span><span class=\"tech-specs-items-description__title-details\">Evet<\/span><\/li>\n<li class=\"tech-specs-items-description-list\"><span class=\"tech-specs-items-description__title\">Yerle\u015fik Depolama<\/span><span class=\"tech-specs-items-description__title-details\">Dahili Mikro SD\/SDHC\/SDXC yuvas\u0131, 128 GB&#8217;a kadar<\/span><\/li>\n<li class=\"tech-specs-items-description-list\"><span class=\"tech-specs-items-description__title\">\u0130leti\u015fim Aray\u00fcz\u00fc<\/span><span class=\"tech-specs-items-description__title-details\">1 RJ45 10M\/100M kendinden uyarlamal\u0131 Ethernet ba\u011flant\u0131 noktas\u0131<\/span><\/li>\n<li class=\"tech-specs-items-description-list\"><span class=\"tech-specs-items-description__title\">Ses<\/span><span class=\"tech-specs-items-description__title-details\">1 Dahili mikrofon, mono ses<\/span><\/li>\n<\/ul>\n<ul class=\"tech-specs-items-description\" data-target=\"Image\">\n<li class=\"tech-specs-items-description-list\"><span class=\"tech-specs-items-description__title--heading\">Resim<\/span><\/li>\n<li class=\"tech-specs-items-description-list\"><span class=\"tech-specs-items-description__title\">Maks. \u00c7\u00f6z\u00fcn\u00fcrl\u00fck<\/span><span class=\"tech-specs-items-description__title-details\">1920 \u00d7 1080<\/span><\/li>\n<li class=\"tech-specs-items-description-list\"><span class=\"tech-specs-items-description__title\">Ana Ak\u0131\u015f<\/span>\n<p class=\"mb-p\">50 Hz: 25 fps (1920 \u00d7 1080, 1280 \u00d7 720)<\/p>\n<p class=\"mb-p\">60 Hz: 30 fps (1920 \u00d7 1080, 1280 \u00d7 720)<\/p>\n<\/li>\n<li class=\"tech-specs-items-description-list\"><span class=\"tech-specs-items-description__title\">Alt Ak\u0131\u015f<\/span>\n<p class=\"mb-p\">50 Hz: 25 fps (640 \u00d7 360)<\/p>\n<p class=\"mb-p\">60 Hz: 30 fps (640 \u00d7 360)<\/p>\n<\/li>\n<li class=\"tech-specs-items-description-list\"><span class=\"tech-specs-items-description__title\">G\u00f6r\u00fcnt\u00fc \u0130yile\u015ftirme<\/span><span class=\"tech-specs-items-description__title-details\">BLC, HLC, 3D DNR<\/span><\/li>\n<li class=\"tech-specs-items-description-list\"><span class=\"tech-specs-items-description__title\">G\u00fcnd\u00fcz\/Gece Anahtar\u0131<\/span><span class=\"tech-specs-items-description__title-details\">G\u00fcnd\u00fcz, gece, otomatik, planlanm\u0131\u015f<\/span><\/li>\n<li class=\"tech-specs-items-description-list\"><span class=\"tech-specs-items-description__title\">G\u00f6r\u00fcnt\u00fc Ayarlar\u0131<\/span><span class=\"tech-specs-items-description__title-details\">Doygunluk, parlakl\u0131k, kontrast, keskinlik, AGC, beyaz dengesi istemci yaz\u0131l\u0131m\u0131 veya web taray\u0131c\u0131s\u0131 taraf\u0131ndan ayarlanabilir<\/span><\/li>\n<\/ul>\n<ul class=\"tech-specs-items-description\" data-target=\"General\">\n<li class=\"tech-specs-items-description-list\"><span class=\"tech-specs-items-description__title--heading\">Genel<\/span><\/li>\n<li class=\"tech-specs-items-description-list\"><span class=\"tech-specs-items-description__title\">\u00c7al\u0131\u015fma Ko\u015fullar\u0131<\/span><span class=\"tech-specs-items-description__title-details\">-30 \u00b0C ila +60 \u00b0C (-22\u00b0F ila +140 \u00b0F), nem %95 veya daha az (yo\u011fu\u015fmas\u0131z)<\/span><\/li>\n<li class=\"tech-specs-items-description-list\"><span class=\"tech-specs-items-description__title\">G\u00fc\u00e7 Kayna\u011f\u0131<\/span><span class=\"tech-specs-items-description__title-details\">12 VDC \u00b1 %25, \u00d85,5 mm koaksiyel elektrik fi\u015fi<\/span><\/li>\n<li class=\"tech-specs-items-description-list\"><span class=\"tech-specs-items-description__title\">G\u00fc\u00e7 T\u00fcketimi Ve Ak\u0131m<\/span><span class=\"tech-specs-items-description__title-details\">12 VDC, 0,4 A, maks. 5W<\/span><\/li>\n<li class=\"tech-specs-items-description-list\"><span class=\"tech-specs-items-description__title\">Malzeme<\/span><span class=\"tech-specs-items-description__title-details\">\u00d6n kapak: metal, arka kapak: plastik<\/span><\/li>\n<li class=\"tech-specs-items-description-list\"><span class=\"tech-specs-items-description__title\">Boyutlar<\/span>\n<p class=\"mb-p\">Foto\u011fraf makinesi: 177,6 mm \u00d7 67,8 mm \u00d7 66,2 mm (7&#8243; \u00d7 2,7\\&#8221; \u00d7 2,6\\&#8221;)<\/p>\n<p class=\"mb-p\">Paketle birlikte: 264 mm \u00d7 129 mm \u00d7 120 mm (10,4 \u00d7 5,1\\&#8221; \u00d7 4,7\\&#8221;)&#8221;<\/p>\n<\/li>\n<li class=\"tech-specs-items-description-list\"><span class=\"tech-specs-items-description__title\">A\u011f\u0131rl\u0131k<\/span>\n<p class=\"mb-p\">Kamera: yakla\u015f\u0131k. 270 gr (0,6 lb.)<\/p>\n<p class=\"mb-p\">Paket ile: yakl. 470 gr (1 lb.)<\/p>\n<\/li>\n<\/ul>\n<ul class=\"tech-specs-items-description\" data-target=\"Approval\">\n<li class=\"tech-specs-items-description-list\"><span class=\"tech-specs-items-description__title--heading\">Onay<\/span><\/li>\n<li class=\"tech-specs-items-description-list\"><span class=\"tech-specs-items-description__title\">Koruma<\/span><span class=\"tech-specs-items-description__title-details\">Giri\u015f korumas\u0131: IP66 (IEC 60529-2013)<\/span><\/li>\n<\/ul>\n<ul class=\"tech-specs-items-description\" data-target=\"Compression Standard\">\n<li class=\"tech-specs-items-description-list\"><span class=\"tech-specs-items-description__title--heading\">S\u0131k\u0131\u015ft\u0131rma Standard\u0131<\/span><\/li>\n<li class=\"tech-specs-items-description-list\"><span class=\"tech-specs-items-description__title\">Video S\u0131k\u0131\u015ft\u0131rma<\/span>\n<p class=\"mb-p\">Ana ak\u0131\u015f: H.265+\/H.265\/H.264+\/H.264<\/p>\n<p class=\"mb-p\">Alt ak\u0131\u015f: H.265\/H.264<\/p>\n<\/li>\n<li class=\"tech-specs-items-description-list\"><span class=\"tech-specs-items-description__title\">H.264+<\/span><span class=\"tech-specs-items-description__title-details\">Ana ak\u0131\u015f destekleri<\/span><\/li>\n<li class=\"tech-specs-items-description-list\"><span class=\"tech-specs-items-description__title\">H.265+<\/span><span class=\"tech-specs-items-description__title-details\">Ana ak\u0131\u015f destekleri<\/span><\/li>\n<li class=\"tech-specs-items-description-list\"><span class=\"tech-specs-items-description__title\">H.264 Tipi<\/span><span class=\"tech-specs-items-description__title-details\">Temel Profil\/Ana Profil<\/span><\/li>\n<li class=\"tech-specs-items-description-list\"><span class=\"tech-specs-items-description__title\">H.265 Tipi<\/span><span class=\"tech-specs-items-description__title-details\">Temel Profil<\/span><\/li>\n<li class=\"tech-specs-items-description-list\"><span class=\"tech-specs-items-description__title\">Video Bit H\u0131z\u0131<\/span><span class=\"tech-specs-items-description__title-details\">32 Kbps&#8217;den 8 Mbps&#8217;ye<\/span><\/li>\n<li class=\"tech-specs-items-description-list\"><span class=\"tech-specs-items-description__title\">Ses S\u0131k\u0131\u015ft\u0131rma<\/span><span class=\"tech-specs-items-description__title-details\">G.711\/G.722.1\/G.726\/MP2L2\/PCM<\/span><\/li>\n<li class=\"tech-specs-items-description-list\"><span class=\"tech-specs-items-description__title\">Ses Bit H\u0131z\u0131<\/span><span class=\"tech-specs-items-description__title-details\">64Kbps(G.711)\/16Kbps(G.722.1)\/16Kbps(G.726)\/32 &#8211; 160Kbps(MP2L2)<\/span><\/li>\n<\/ul>\n<ul class=\"tech-specs-items-description\" data-target=\"IR\">\n<li class=\"tech-specs-items-description-list\"><span class=\"tech-specs-items-description__title--heading\">VE<\/span><\/li>\n<li class=\"tech-specs-items-description-list\"><span class=\"tech-specs-items-description__title\">IR Aral\u0131\u011f\u0131<\/span><span class=\"tech-specs-items-description__title-details\">30 m&#8217;ye kadar<\/span><\/li>\n<li class=\"tech-specs-items-description-list\"><span class=\"tech-specs-items-description__title\">Dalgaboyu<\/span><span class=\"tech-specs-items-description__title-details\">850 deniz mili<\/span><\/li>\n<\/ul>\n<ul class=\"tech-specs-items-description\" data-target=\"Wi-Fi (-W)\">\n<li class=\"tech-specs-items-description-list\"><span class=\"tech-specs-items-description__title--heading\">Kablosuz (-W)<\/span><\/li>\n<li class=\"tech-specs-items-description-list\"><span class=\"tech-specs-items-description__title\">Kablosuz Standartlar\u0131<\/span><span class=\"tech-specs-items-description__title-details\">IEEE 802.11b\/g\/n<\/span><\/li>\n<li class=\"tech-specs-items-description-list\"><span class=\"tech-specs-items-description__title\">Frekans Aral\u0131\u011f\u0131<\/span><span class=\"tech-specs-items-description__title-details\">2,4 GHz ila 2,4835 GHz<\/span><\/li>\n<li class=\"tech-specs-items-description-list\"><span class=\"tech-specs-items-description__title\">Transfer Oranlar\u0131<\/span>\n<p class=\"mb-p\">11b: 11 Mb\/sn<\/p>\n<p class=\"mb-p\">11g: 54 Mb\/sn<\/p>\n<p class=\"mb-p\">11n: 150 Mbps&#8217;ye kadar<\/p>\n<\/li>\n<li class=\"tech-specs-items-description-list\"><span class=\"tech-specs-items-description__title\">G\u00fcvenlik<\/span><span class=\"tech-specs-items-description__title-details\">64\/128 bit WEP, WPA\/WPA2, WPA-PSK\/WPA2-PSK, WPS<\/span><\/li>\n<li class=\"tech-specs-items-description-list\"><span class=\"tech-specs-items-description__title\">Kanal Bant Geni\u015fli\u011fi<\/span><span class=\"tech-specs-items-description__title-details\">20 MHz\/40 MHz<\/span><\/li>\n<li class=\"tech-specs-items-description-list\"><span class=\"tech-specs-items-description__title\">Kablosuz Menzil<\/span><span class=\"tech-specs-items-description__title-details\">80 m&#8217;ye kadar (Performans, ger\u00e7ek ortama g\u00f6re de\u011fi\u015fir.)<\/span><\/li>\n<li class=\"tech-specs-items-description-list\"><span class=\"tech-specs-items-description__title\">Protokoller<\/span>\n<p class=\"mb-p\">802.11b: CCK, DQPSK, DBPSK<\/p>\n<p class=\"mb-p\">802.11g\/n: 64-QAM, 16-QAM, QPSK, BPSK<\/p>\n<\/li>\n<\/ul>\n","protected":false},"excerpt":{"rendered":"<p>DS-2CV1021G0<\/p>\n","protected":false},"featured_media":14782,"comment_status":"open","ping_status":"closed","template":"","meta":[],"product_brand":[],"product_cat":[338],"product_tag":[],"class_list":{"0":"post-14781","1":"product","2":"type-product","3":"status-publish","4":"has-post-thumbnail","6":"product_cat-guvenlik-kamerasi","8":"first","9":"instock","10":"sale","11":"shipping-taxable","12":"purchasable","13":"product-type-simple"},"aioseo_notices":[],"_links":{"self":[{"href":"https:\/\/flytechltd.com\/en\/wp-json\/wp\/v2\/product\/14781","targetHints":{"allow":["GET"]}}],"collection":[{"href":"https:\/\/flytechltd.com\/en\/wp-json\/wp\/v2\/product"}],"about":[{"href":"https:\/\/flytechltd.com\/en\/wp-json\/wp\/v2\/types\/product"}],"replies":[{"embeddable":true,"href":"https:\/\/flytechltd.com\/en\/wp-json\/wp\/v2\/comments?post=14781"}],"version-history":[{"count":0,"href":"https:\/\/flytechltd.com\/en\/wp-json\/wp\/v2\/product\/14781\/revisions"}],"wp:featuredmedia":[{"embeddable":true,"href":"https:\/\/flytechltd.com\/en\/wp-json\/wp\/v2\/media\/14782"}],"wp:attachment":[{"href":"https:\/\/flytechltd.com\/en\/wp-json\/wp\/v2\/media?parent=14781"}],"wp:term":[{"taxonomy":"product_brand","embeddable":true,"href":"https:\/\/flytechltd.com\/en\/wp-json\/wp\/v2\/product_brand?post=14781"},{"taxonomy":"product_cat","embeddable":true,"href":"https:\/\/flytechltd.com\/en\/wp-json\/wp\/v2\/product_cat?post=14781"},{"taxonomy":"product_tag","embeddable":true,"href":"https:\/\/flytechltd.com\/en\/wp-json\/wp\/v2\/product_tag?post=14781"}],"curies":[{"name":"wp","href":"https:\/\/api.w.org\/{rel}","templated":true}]}}