{"id":14825,"date":"2024-06-27T19:30:19","date_gmt":"2024-06-27T19:30:19","guid":{"rendered":"https:\/\/flytechltd.com\/?post_type=product&#038;p=14825"},"modified":"2024-07-07T10:43:20","modified_gmt":"2024-07-07T10:43:20","slug":"decakila-masaj-aleti","status":"publish","type":"product","link":"https:\/\/flytechltd.com\/en\/p\/decakila-masaj-aleti\/","title":{"rendered":"Decakila Masaj Aleti"},"content":{"rendered":"<p>*G\u00dc\u00c7: 25W<br \/>\n*3 T\u0130P MASAJ BA\u015eLI\u011eI<br \/>\n*ULTRA D\u00dc\u015e\u00dcK G\u00dcR\u00dcLT\u00dc<br \/>\n*KADEMES\u0130Z HIZ KONTROL\u00dc<\/p>\n","protected":false},"excerpt":{"rendered":"<p>KEBS003S<\/p>\n","protected":false},"featured_media":14828,"comment_status":"open","ping_status":"closed","template":"","meta":[],"product_brand":[],"product_cat":[324,326,327],"product_tag":[],"class_list":{"0":"post-14825","1":"product","2":"type-product","3":"status-publish","4":"has-post-thumbnail","6":"product_cat-ev-aletleri","7":"product_cat-kisisel-bakim","8":"product_cat-masaj-urunleri","10":"first","11":"instock","12":"sale","13":"shipping-taxable","14":"purchasable","15":"product-type-simple"},"aioseo_notices":[],"_links":{"self":[{"href":"https:\/\/flytechltd.com\/en\/wp-json\/wp\/v2\/product\/14825","targetHints":{"allow":["GET"]}}],"collection":[{"href":"https:\/\/flytechltd.com\/en\/wp-json\/wp\/v2\/product"}],"about":[{"href":"https:\/\/flytechltd.com\/en\/wp-json\/wp\/v2\/types\/product"}],"replies":[{"embeddable":true,"href":"https:\/\/flytechltd.com\/en\/wp-json\/wp\/v2\/comments?post=14825"}],"version-history":[{"count":0,"href":"https:\/\/flytechltd.com\/en\/wp-json\/wp\/v2\/product\/14825\/revisions"}],"wp:featuredmedia":[{"embeddable":true,"href":"https:\/\/flytechltd.com\/en\/wp-json\/wp\/v2\/media\/14828"}],"wp:attachment":[{"href":"https:\/\/flytechltd.com\/en\/wp-json\/wp\/v2\/media?parent=14825"}],"wp:term":[{"taxonomy":"product_brand","embeddable":true,"href":"https:\/\/flytechltd.com\/en\/wp-json\/wp\/v2\/product_brand?post=14825"},{"taxonomy":"product_cat","embeddable":true,"href":"https:\/\/flytechltd.com\/en\/wp-json\/wp\/v2\/product_cat?post=14825"},{"taxonomy":"product_tag","embeddable":true,"href":"https:\/\/flytechltd.com\/en\/wp-json\/wp\/v2\/product_tag?post=14825"}],"curies":[{"name":"wp","href":"https:\/\/api.w.org\/{rel}","templated":true}]}}