{"id":14836,"date":"2024-06-27T19:37:51","date_gmt":"2024-06-27T19:37:51","guid":{"rendered":"https:\/\/flytechltd.com\/?post_type=product&#038;p=14836"},"modified":"2025-07-03T12:40:52","modified_gmt":"2025-07-03T12:40:52","slug":"decakila-koltuk-ve-hali-yikama-makinesi","status":"publish","type":"product","link":"https:\/\/flytechltd.com\/en\/p\/decakila-koltuk-ve-hali-yikama-makinesi\/","title":{"rendered":"Decakila Koltuk Ve Hal\u0131 Y\u0131kama Makinesi"},"content":{"rendered":"<p>*G\u00dc\u00c7:400W<br \/>\n*KOVA KAPAS\u0130TES\u0130: 1.1L<br \/>\n*G\u00dc\u00c7 KABLOSU: 3MT<br \/>\n*HALI VE KUMA\u015e LEKES\u0130 TEM\u0130ZLEME<br \/>\n*220-240V 50Hz<\/p>\n<p>&nbsp;<\/p>\n<p>Decakila 400W Portable Spot Cleaner| Portable Carpet Cleaner Machine with Deep Cleaning Upholstery Sprayer for Couch Stain Removal, Carpet Cleaner for Home and Office, IPX4 Waterproof Rating<\/p>\n","protected":false},"excerpt":{"rendered":"<p>CEVC006W<\/p>\n","protected":false},"featured_media":14837,"comment_status":"open","ping_status":"closed","template":"","meta":[],"product_brand":[],"product_cat":[334,324],"product_tag":[],"class_list":{"0":"post-14836","1":"product","2":"type-product","3":"status-publish","4":"has-post-thumbnail","6":"product_cat-elektrikli-supurge","7":"product_cat-ev-aletleri","9":"first","10":"instock","11":"shipping-taxable","12":"purchasable","13":"product-type-simple"},"aioseo_notices":[],"_links":{"self":[{"href":"https:\/\/flytechltd.com\/en\/wp-json\/wp\/v2\/product\/14836","targetHints":{"allow":["GET"]}}],"collection":[{"href":"https:\/\/flytechltd.com\/en\/wp-json\/wp\/v2\/product"}],"about":[{"href":"https:\/\/flytechltd.com\/en\/wp-json\/wp\/v2\/types\/product"}],"replies":[{"embeddable":true,"href":"https:\/\/flytechltd.com\/en\/wp-json\/wp\/v2\/comments?post=14836"}],"version-history":[{"count":0,"href":"https:\/\/flytechltd.com\/en\/wp-json\/wp\/v2\/product\/14836\/revisions"}],"wp:featuredmedia":[{"embeddable":true,"href":"https:\/\/flytechltd.com\/en\/wp-json\/wp\/v2\/media\/14837"}],"wp:attachment":[{"href":"https:\/\/flytechltd.com\/en\/wp-json\/wp\/v2\/media?parent=14836"}],"wp:term":[{"taxonomy":"product_brand","embeddable":true,"href":"https:\/\/flytechltd.com\/en\/wp-json\/wp\/v2\/product_brand?post=14836"},{"taxonomy":"product_cat","embeddable":true,"href":"https:\/\/flytechltd.com\/en\/wp-json\/wp\/v2\/product_cat?post=14836"},{"taxonomy":"product_tag","embeddable":true,"href":"https:\/\/flytechltd.com\/en\/wp-json\/wp\/v2\/product_tag?post=14836"}],"curies":[{"name":"wp","href":"https:\/\/api.w.org\/{rel}","templated":true}]}}