{"id":14850,"date":"2024-06-27T20:15:52","date_gmt":"2024-06-27T20:15:52","guid":{"rendered":"https:\/\/flytechltd.com\/?post_type=product&#038;p=14850"},"modified":"2025-12-16T10:48:35","modified_gmt":"2025-12-16T10:48:35","slug":"joyroom-65w-gan-2c1a-hizli-sarj-cihazi","status":"publish","type":"product","link":"https:\/\/flytechltd.com\/en\/p\/joyroom-65w-gan-2c1a-hizli-sarj-cihazi\/","title":{"rendered":"Joyroom 65W GaN 2C1A H\u0131zl\u0131 \u015earj Cihaz\u0131"},"content":{"rendered":"<p>Name: 65W GaN 2C1A Smart Fast Charger<br \/>\nInput: AC 100-240V~50\/60Hz,1.5A (Max)<br \/>\nUSB-C1\/C2 Output: 5V=3A,9V=3A,12V=3A,15V=3A,20V=3.25A<br \/>\nPPS: 3.3-11V=5A<br \/>\nUSB-A Output: 5V=3A,9V=3A,12V=3A,20V=3A<br \/>\nUSB-C1+USB-A Output: 45W+18W (Max)<br \/>\nUSB-C2+USB-A Output: 5V=3A 15W (Max)<br \/>\nUSB-C1+USB-C2 Output:45W+20W(Max)<br \/>\nUSB-C1+C2+USB-A Output: 45W+15W (Max)<br \/>\nTotal Output: 65W (Max)<br \/>\nColor: Black<br \/>\nSize: 76.8*35.7*39mm<br \/>\nMaterial: PC fireproof material<br \/>\nNet weight: 118g<\/p>\n<p><img fetchpriority=\"high\" decoding=\"async\" class=\"alignnone size-medium wp-image-14853\" src=\"https:\/\/flytechltd.com\/wp-content\/uploads\/2024\/06\/2_d1215899-55ec-4937-a65f-9fd1b15612c2-225x300.jpg\" alt=\"\" width=\"225\" height=\"300\" srcset=\"https:\/\/flytechltd.com\/wp-content\/uploads\/2024\/06\/2_d1215899-55ec-4937-a65f-9fd1b15612c2-225x300.jpg 225w, https:\/\/flytechltd.com\/wp-content\/uploads\/2024\/06\/2_d1215899-55ec-4937-a65f-9fd1b15612c2-150x200.jpg 150w, https:\/\/flytechltd.com\/wp-content\/uploads\/2024\/06\/2_d1215899-55ec-4937-a65f-9fd1b15612c2.jpg 700w\" sizes=\"(max-width: 225px) 100vw, 225px\" \/> \u00a0\u00a0<img decoding=\"async\" class=\"alignnone size-medium wp-image-14859\" src=\"https:\/\/flytechltd.com\/wp-content\/uploads\/2024\/06\/5_f8334d68-4c08-4fc1-9b34-680eec4c1a2a-225x300.jpg\" alt=\"\" width=\"225\" height=\"300\" srcset=\"https:\/\/flytechltd.com\/wp-content\/uploads\/2024\/06\/5_f8334d68-4c08-4fc1-9b34-680eec4c1a2a-225x300.jpg 225w, https:\/\/flytechltd.com\/wp-content\/uploads\/2024\/06\/5_f8334d68-4c08-4fc1-9b34-680eec4c1a2a-150x200.jpg 150w, https:\/\/flytechltd.com\/wp-content\/uploads\/2024\/06\/5_f8334d68-4c08-4fc1-9b34-680eec4c1a2a.jpg 700w\" sizes=\"(max-width: 225px) 100vw, 225px\" \/> <img decoding=\"async\" class=\"alignnone size-medium wp-image-14861\" src=\"https:\/\/flytechltd.com\/wp-content\/uploads\/2024\/06\/7_a3ca1ec6-3259-412b-83bb-60360b999d26-225x300.jpg\" alt=\"\" width=\"225\" height=\"300\" srcset=\"https:\/\/flytechltd.com\/wp-content\/uploads\/2024\/06\/7_a3ca1ec6-3259-412b-83bb-60360b999d26-225x300.jpg 225w, https:\/\/flytechltd.com\/wp-content\/uploads\/2024\/06\/7_a3ca1ec6-3259-412b-83bb-60360b999d26-150x200.jpg 150w, https:\/\/flytechltd.com\/wp-content\/uploads\/2024\/06\/7_a3ca1ec6-3259-412b-83bb-60360b999d26.jpg 700w\" sizes=\"(max-width: 225px) 100vw, 225px\" \/> <img loading=\"lazy\" decoding=\"async\" class=\"alignnone size-medium wp-image-14863\" src=\"https:\/\/flytechltd.com\/wp-content\/uploads\/2024\/06\/8_cdc70677-a44c-4a41-92f6-a58ad7576031-225x300.jpg\" alt=\"\" width=\"225\" height=\"300\" srcset=\"https:\/\/flytechltd.com\/wp-content\/uploads\/2024\/06\/8_cdc70677-a44c-4a41-92f6-a58ad7576031-225x300.jpg 225w, https:\/\/flytechltd.com\/wp-content\/uploads\/2024\/06\/8_cdc70677-a44c-4a41-92f6-a58ad7576031-150x200.jpg 150w, https:\/\/flytechltd.com\/wp-content\/uploads\/2024\/06\/8_cdc70677-a44c-4a41-92f6-a58ad7576031.jpg 700w\" sizes=\"(max-width: 225px) 100vw, 225px\" \/> <img loading=\"lazy\" decoding=\"async\" class=\"alignnone size-medium wp-image-14865\" src=\"https:\/\/flytechltd.com\/wp-content\/uploads\/2024\/06\/9_e186835e-924d-4805-ba06-6269b337eb32-225x300.jpg\" alt=\"\" width=\"225\" height=\"300\" srcset=\"https:\/\/flytechltd.com\/wp-content\/uploads\/2024\/06\/9_e186835e-924d-4805-ba06-6269b337eb32-225x300.jpg 225w, https:\/\/flytechltd.com\/wp-content\/uploads\/2024\/06\/9_e186835e-924d-4805-ba06-6269b337eb32-150x200.jpg 150w, https:\/\/flytechltd.com\/wp-content\/uploads\/2024\/06\/9_e186835e-924d-4805-ba06-6269b337eb32.jpg 700w\" sizes=\"(max-width: 225px) 100vw, 225px\" \/> <img loading=\"lazy\" decoding=\"async\" class=\"alignnone size-medium wp-image-14867\" src=\"https:\/\/flytechltd.com\/wp-content\/uploads\/2024\/06\/13_b58660fa-5806-46d9-b3ce-ddb504062de4-225x300.jpg\" alt=\"\" width=\"225\" height=\"300\" srcset=\"https:\/\/flytechltd.com\/wp-content\/uploads\/2024\/06\/13_b58660fa-5806-46d9-b3ce-ddb504062de4-225x300.jpg 225w, https:\/\/flytechltd.com\/wp-content\/uploads\/2024\/06\/13_b58660fa-5806-46d9-b3ce-ddb504062de4-150x200.jpg 150w, https:\/\/flytechltd.com\/wp-content\/uploads\/2024\/06\/13_b58660fa-5806-46d9-b3ce-ddb504062de4.jpg 700w\" sizes=\"(max-width: 225px) 100vw, 225px\" \/><\/p>\n","protected":false},"excerpt":{"rendered":"<p><strong>JR-TCG01<\/strong><\/p>\n","protected":false},"featured_media":14851,"comment_status":"open","ping_status":"closed","template":"","meta":[],"product_brand":[],"product_cat":[699,316],"product_tag":[],"class_list":{"0":"post-14850","1":"product","2":"type-product","3":"status-publish","4":"has-post-thumbnail","6":"product_cat-adaptorler-telefon-aksesuarlar","7":"product_cat-telefon-aksesuarlar","9":"first","10":"instock","11":"shipping-taxable","12":"purchasable","13":"product-type-simple"},"aioseo_notices":[],"_links":{"self":[{"href":"https:\/\/flytechltd.com\/en\/wp-json\/wp\/v2\/product\/14850","targetHints":{"allow":["GET"]}}],"collection":[{"href":"https:\/\/flytechltd.com\/en\/wp-json\/wp\/v2\/product"}],"about":[{"href":"https:\/\/flytechltd.com\/en\/wp-json\/wp\/v2\/types\/product"}],"replies":[{"embeddable":true,"href":"https:\/\/flytechltd.com\/en\/wp-json\/wp\/v2\/comments?post=14850"}],"version-history":[{"count":0,"href":"https:\/\/flytechltd.com\/en\/wp-json\/wp\/v2\/product\/14850\/revisions"}],"wp:featuredmedia":[{"embeddable":true,"href":"https:\/\/flytechltd.com\/en\/wp-json\/wp\/v2\/media\/14851"}],"wp:attachment":[{"href":"https:\/\/flytechltd.com\/en\/wp-json\/wp\/v2\/media?parent=14850"}],"wp:term":[{"taxonomy":"product_brand","embeddable":true,"href":"https:\/\/flytechltd.com\/en\/wp-json\/wp\/v2\/product_brand?post=14850"},{"taxonomy":"product_cat","embeddable":true,"href":"https:\/\/flytechltd.com\/en\/wp-json\/wp\/v2\/product_cat?post=14850"},{"taxonomy":"product_tag","embeddable":true,"href":"https:\/\/flytechltd.com\/en\/wp-json\/wp\/v2\/product_tag?post=14850"}],"curies":[{"name":"wp","href":"https:\/\/api.w.org\/{rel}","templated":true}]}}