{"id":14923,"date":"2024-07-12T18:07:34","date_gmt":"2024-07-12T18:07:34","guid":{"rendered":"https:\/\/flytechltd.com\/?post_type=product&#038;p=14923"},"modified":"2024-08-05T20:08:23","modified_gmt":"2024-08-05T20:08:23","slug":"damla-premium-tasarim-delmare-desenli-armut-koltuk","status":"publish","type":"product","link":"https:\/\/flytechltd.com\/en\/p\/damla-premium-tasarim-delmare-desenli-armut-koltuk\/","title":{"rendered":"Damla Premium Tasar\u0131m Delmare Desenli Armut Koltuk"},"content":{"rendered":"<p>Armut damla xl premium tasar\u0131m desenli armut koltuk A\u00e7\u0131k ve kapal\u0131 alanlara \u015f\u0131k ve konforlu bir dokunu\u015f: Earmut\u2019un canl\u0131 renk se\u00e7enekleriyle c\u0131v\u0131l c\u0131v\u0131l mekanlar tasarlaman\u0131za yard\u0131mc\u0131 olan armut koltuk modelleri, kaliteli dolgu malzemesi ve dayan\u0131kl\u0131 kuma\u015f\u0131 ile keyfinize uzun s\u00fcre e\u015flik etmeye haz\u0131r! Salonda, ofiste, bah\u00e7ede, piknikte, balkonda, kampta ya da diledi\u011finiz her yerde konfor i\u00e7in armut koltuk modellerimize mutlaka g\u00f6z at\u0131n. Farkl\u0131 zevklere sahip gen\u00e7ler ve \u00e7ocuklar i\u00e7in tasarlanm\u0131\u015f farkl\u0131 renk se\u00e7enekleri ile kendinizi yans\u0131tan bir mekan tasar\u0131m\u0131 i\u00e7in kollar\u0131 s\u0131vay\u0131n. Armut damla xl premium tasar\u0131m desenli armut koltuk \u00e7ok avantajl\u0131 Su ge\u00e7irmez \u0131mpertex oxford dokuma kuma\u015f\u0131yla a\u00e7\u0131k alanlarda g\u00fcvenle kullan\u0131labilir. Armut damla armut koltuk, konforunuzun yan\u0131 s\u0131ra sa\u011fl\u0131\u011f\u0131n\u0131z\u0131 da d\u00fc\u015f\u00fcn\u00fcr. Onlarca \u00f6zel tasar\u0131m desen se\u00e7eneklerini, en canl\u0131 renkleri ile sunmak i\u00e7in oeko-Tex\u00ae standard 100 sertifikas\u0131na sahip tekstil boyalar\u0131 kullan\u0131l\u0131r. Astars\u0131z k\u0131l\u0131f\u0131, nemli bir bezle silinerek kolayca temizlenebilir. Yaln\u0131zca k\u0131l\u0131f\u0131 de\u011fil, dolgu se\u00e7iminde de y\u00fcksek standartlara sahip damla xl premium armut koltuk, y\u00fcksek dansite (yo\u011funluk) geri d\u00f6n\u00fc\u015f\u00fcm strafor boncuk k\u00f6p\u00fck dolgusuyla do\u011fa dostu bir konfor sunar. Dayan\u0131kl\u0131 dolgusu sayesinde formunu uzun s\u00fcre korumas\u0131 i\u00e7in \u00f6zel olarak tasarlanm\u0131\u015ft\u0131r. \u00dcstelik gizli fermuar olarak tasarlanm\u0131\u015f \u00e7ift fermuar sistemi zemini \u00e7izmezken estetik a\u00e7\u0131dan \u00e7\u0131tay\u0131 y\u00fckseltiyor. Ta\u015f\u0131nabilir konfor ve \u015f\u0131kl\u0131k i\u00e7in \u00f6zel boyutlarda tasarland\u0131. \u00d6zellikleri \u00c7ift fermuar sayesinde \u00e7ocuklar i\u00e7in g\u00fcvenli<br \/>\nPratik ve modern tasar\u0131m<br \/>\nRahat ve v\u00fccuda uyum sa\u011flar<br \/>\nSu itici impertex oxford k\u0131l\u0131f<br \/>\nAstars\u0131zd\u0131r. Nemli bez ile silinerek temizlenir.<br \/>\nI\u00e7eri\u011finde y\u00fcksek dansite geri d\u00f6n\u00fc\u015f\u00fcm boncuk strafor k\u00f6p\u00fck (eps) kullan\u0131lm\u0131\u015ft\u0131r<br \/>\nI\u00e7 ve d\u0131\u015f mekan kullan\u0131m\u0131na uygun<br \/>\nBoyutlar: \u2022 oturma yeri geni\u015fli\u011fi: 105 cm \u2022 s\u0131rt y\u00fcksekli\u011fi: 100 cm \u2022 oturma yeri y\u00fcksekli\u011fi: 35 cm K\u0131l\u0131f \u00f6zellikleri Uzun \u00f6m\u00fcrl\u00fc ve su itici impertex oxford kuma\u015f Canl\u0131 renkler. Oeko-Tex\u00ae standard 100 sertifikas\u0131na sahip tekstil boyalar\u0131 kullan\u0131lm\u0131\u015ft\u0131r Nemli bir bezle temizlenmesi kolayd\u0131r Doldurma \/ dolum Armut damla armut koltuk, rahatl\u0131k sa\u011flayan strafor geri d\u00f6n\u00fc\u015f\u00fcm boncuk malzeme ile doldurulmu\u015ftur. Dolgu da zararl\u0131 maddeler i\u00e7ermedi\u011fi i\u00e7in sa\u011fl\u0131kl\u0131d\u0131r. Bak\u0131m Armut damla armut koltuk temizlenmesi \u015fa\u015f\u0131rt\u0131c\u0131 derecede kolayd\u0131r! Inat\u00e7\u0131 lekeleri bile \u00f6zel bir leke \u00e7\u0131kar\u0131c\u0131 kullanarak \u00e7\u0131karabilirsiniz. D\u00fczenli temizlik i\u00e7in nemli bir bez kullan\u0131n ve yumu\u015fak bir \u015fekilde silin.<\/p>\n","protected":false},"excerpt":{"rendered":"<p>PremiumDelmare<\/p>\n","protected":false},"featured_media":14926,"comment_status":"open","ping_status":"closed","template":"","meta":[],"product_brand":[],"product_cat":[348],"product_tag":[],"class_list":{"0":"post-14923","1":"product","2":"type-product","3":"status-publish","4":"has-post-thumbnail","6":"product_cat-armut-koltuk","8":"first","9":"instock","10":"sale","11":"shipping-taxable","12":"purchasable","13":"product-type-simple"},"aioseo_notices":[],"_links":{"self":[{"href":"https:\/\/flytechltd.com\/en\/wp-json\/wp\/v2\/product\/14923","targetHints":{"allow":["GET"]}}],"collection":[{"href":"https:\/\/flytechltd.com\/en\/wp-json\/wp\/v2\/product"}],"about":[{"href":"https:\/\/flytechltd.com\/en\/wp-json\/wp\/v2\/types\/product"}],"replies":[{"embeddable":true,"href":"https:\/\/flytechltd.com\/en\/wp-json\/wp\/v2\/comments?post=14923"}],"version-history":[{"count":0,"href":"https:\/\/flytechltd.com\/en\/wp-json\/wp\/v2\/product\/14923\/revisions"}],"wp:featuredmedia":[{"embeddable":true,"href":"https:\/\/flytechltd.com\/en\/wp-json\/wp\/v2\/media\/14926"}],"wp:attachment":[{"href":"https:\/\/flytechltd.com\/en\/wp-json\/wp\/v2\/media?parent=14923"}],"wp:term":[{"taxonomy":"product_brand","embeddable":true,"href":"https:\/\/flytechltd.com\/en\/wp-json\/wp\/v2\/product_brand?post=14923"},{"taxonomy":"product_cat","embeddable":true,"href":"https:\/\/flytechltd.com\/en\/wp-json\/wp\/v2\/product_cat?post=14923"},{"taxonomy":"product_tag","embeddable":true,"href":"https:\/\/flytechltd.com\/en\/wp-json\/wp\/v2\/product_tag?post=14923"}],"curies":[{"name":"wp","href":"https:\/\/api.w.org\/{rel}","templated":true}]}}