{"id":14935,"date":"2024-07-12T18:26:16","date_gmt":"2024-07-12T18:26:16","guid":{"rendered":"https:\/\/flytechltd.com\/?post_type=product&#038;p=14935"},"modified":"2024-10-18T12:29:21","modified_gmt":"2024-10-18T12:29:21","slug":"calisma-koltugu-baslikli-plastik-ayak-siyah","status":"publish","type":"product","link":"https:\/\/flytechltd.com\/en\/p\/calisma-koltugu-baslikli-plastik-ayak-siyah\/","title":{"rendered":"\u00c7al\u0131\u015fma Koltu\u011fu Ba\u015fl\u0131kl\u0131 Plastik Ayak Siyah"},"content":{"rendered":"<ul>\n<li>Fileli Krom Y\u00f6netici Ofis B\u00fcro Bilgisayar \u00c7al\u0131\u015fma Koltu\u011fu &#8211; Sandalyesi \u00dcR\u00dcN A\u00c7IKLAMASI \u015e\u0131k tasar\u0131m\u0131 ile beraber ergonomiktir<\/li>\n<li>v\u00fccudu rahats\u0131z etmez. Konforlu oturak ve s\u0131rt formu sayesinde uzun saatler \u00e7al\u0131\u015fabilirsiniz. Kullan\u0131m Alanlar\u0131 Makam-m\u00fcd\u00fcr Koltu\u011fu, Ofis Koltu\u011fu, Bilgisayar Koltu\u011fu, \u00c7al\u0131\u015fma Koltu\u011fu vs. Arac\u0131s\u0131z %100 Yerli \u00dcretim Koltuklar\u0131n\u0131z kendi fabrikam\u0131zda ile \u00fcretilmektedir. %100 yerli sermayedir. \u00dcR\u00dcN \u00d6ZELL\u0130KLER\u0130 Birinci S\u0131n\u0131f Sert File Birinci s\u0131n\u0131f sert file ve fileli kuma\u015f kullan\u0131lmaktad\u0131r. Ayarlanabilir Ba\u015fl\u0131k Ayarlanabilir ba\u015fl\u0131k sayesinde ba\u015fl\u0131k seviyesini istedi\u011finiz y\u00fcksekli\u011fe getirebilirsiniz. Krom Ayaklar Y\u00fcksek kaliteli kromajlanm\u0131\u015f malzemedendir. Plastik ayaklar\u0131n aksine uzun y\u0131llar kullanabilirsiniz. Paslanmaz,sararmaz. 360 Derece Hareket \u0130mkan\u0131 Sessiz ve parke \u00e7izmez. 360 derece hareket imk\u00e2n\u0131 verir. Dayan\u0131kl\u0131 mobil tekerler. Birinci Kalite Amortis\u00f6r A\u015fa\u011f\u0131 yukar\u0131 hareketli ve kendi ekseni etraf\u0131nda 360 derece d\u00f6n\u00fc\u015f sa\u011flayan gazl\u0131 amortis\u00f6r. \u00dcR\u00dcN \u00d6L\u00c7\u00dcLER\u0130 Toplam Geni\u015flik: 62 cm<\/li>\n<li>Toplam Derinlik: 57 cm<\/li>\n<li>Toplam Y\u00fckseklik: 120 cm -130 cm ( Amortis\u00f6r konumuna g\u00f6re)<\/li>\n<li>Oturum Y\u00fcksekli\u011fi Minimum: 43 cm<\/li>\n<li>Oturum Y\u00fcksekli\u011fi Maximum: 53 cm<\/li>\n<li>Oturum Derinli\u011fi: 46 cm<\/li>\n<li>Oturum Geni\u015fli\u011fi: 49 cm<\/li>\n<li>S\u0131rt Y\u00fcksekli\u011fi: 90 cm<\/li>\n<\/ul>\n","protected":false},"excerpt":{"rendered":"<p>\u00c7al\u0131\u015fma Koltu\u011fu Ba\u015fl\u0131kl\u0131 Plastik Ayak Siyah<\/p>\n","protected":false},"featured_media":14936,"comment_status":"open","ping_status":"closed","template":"","meta":[],"product_brand":[],"product_cat":[347,349],"product_tag":[],"class_list":{"0":"post-14935","1":"product","2":"type-product","3":"status-publish","4":"has-post-thumbnail","6":"product_cat-sandalye","7":"product_cat-sandalye-sandalye","9":"first","10":"instock","11":"sale","12":"shipping-taxable","13":"purchasable","14":"product-type-simple"},"aioseo_notices":[],"_links":{"self":[{"href":"https:\/\/flytechltd.com\/en\/wp-json\/wp\/v2\/product\/14935","targetHints":{"allow":["GET"]}}],"collection":[{"href":"https:\/\/flytechltd.com\/en\/wp-json\/wp\/v2\/product"}],"about":[{"href":"https:\/\/flytechltd.com\/en\/wp-json\/wp\/v2\/types\/product"}],"replies":[{"embeddable":true,"href":"https:\/\/flytechltd.com\/en\/wp-json\/wp\/v2\/comments?post=14935"}],"version-history":[{"count":0,"href":"https:\/\/flytechltd.com\/en\/wp-json\/wp\/v2\/product\/14935\/revisions"}],"wp:featuredmedia":[{"embeddable":true,"href":"https:\/\/flytechltd.com\/en\/wp-json\/wp\/v2\/media\/14936"}],"wp:attachment":[{"href":"https:\/\/flytechltd.com\/en\/wp-json\/wp\/v2\/media?parent=14935"}],"wp:term":[{"taxonomy":"product_brand","embeddable":true,"href":"https:\/\/flytechltd.com\/en\/wp-json\/wp\/v2\/product_brand?post=14935"},{"taxonomy":"product_cat","embeddable":true,"href":"https:\/\/flytechltd.com\/en\/wp-json\/wp\/v2\/product_cat?post=14935"},{"taxonomy":"product_tag","embeddable":true,"href":"https:\/\/flytechltd.com\/en\/wp-json\/wp\/v2\/product_tag?post=14935"}],"curies":[{"name":"wp","href":"https:\/\/api.w.org\/{rel}","templated":true}]}}