{"id":14951,"date":"2024-07-20T19:25:35","date_gmt":"2024-07-20T19:25:35","guid":{"rendered":"https:\/\/flytechltd.com\/?post_type=product&#038;p=14951"},"modified":"2024-07-20T19:25:36","modified_gmt":"2024-07-20T19:25:36","slug":"wifi-akilli-su-sel-kacak-su-tasma-seviyesi-dedektoru-ses-alarm-sistemi-uzaktan-kontrol-monitoru","status":"publish","type":"product","link":"https:\/\/flytechltd.com\/en\/p\/wifi-akilli-su-sel-kacak-su-tasma-seviyesi-dedektoru-ses-alarm-sistemi-uzaktan-kontrol-monitoru\/","title":{"rendered":"Wifi Ak\u0131ll\u0131 Su Sel Ka\u00e7ak Su Ta\u015fma Seviyesi Dedekt\u00f6r\u00fc Ses Alarm Sistemi Uzaktan Kontrol Monit\u00f6r\u00fc"},"content":{"rendered":"<p>Tuya WiFi ak\u0131ll\u0131 su ka\u00e7ak sens\u00f6r\u00fc su ta\u015fma seviyesi dedekt\u00f6r\u00fc 80dB ses Alarm sistemi sel ka\u00e7ak sens\u00f6r\u00fc uzaktan kontrol monit\u00f6r\u00fc<\/p>\n<p>&nbsp;<\/p>\n<div class=\"detailmodule_html\">\n<div class=\"detail-desc-decorate-richtext\">\n<div class=\"ai-description\">\n<div class=\"origin-part box-sizing\">\n<p align=\"start\"><strong>\u2022 Advanced Leak Detection <\/strong>\u00a0Tuya Smart Water Leak Sensor is designed to accurately detect water leaks and overflows, preventing costly damages and ensuring the safety of your home.<\/p>\n<p align=\"start\"><strong>\u2022 High-Decibel Alarm :<\/strong>With an 80dB sound alarm, this sensor guarantees to promptly alert you of any leaks or overflows, even in noisy environments.<\/p>\n<p align=\"start\"><strong>\u2022 Remote Monitoring :<\/strong>The remote monitoring feature allows you to check on your home&#8217;s water system even when you&#8217;re away, providing peace of mind and convenience.<\/p>\n<p align=\"start\"><strong>\u2022 Tuya Smart Home Integration :<\/strong>Seamlessly integrate this leak sensor with your Tuya smart home system for comprehensive home security and management.<\/p>\n<p align=\"start\"><strong>\u2022 Chinese Origin :<\/strong>Manufactured in mainland China, this product guarantees high-quality craftsmanship and reliability.<\/p>\n<\/div>\n<\/div>\n<\/div>\n<\/div>\n<div class=\"detailmodule_html\">\n<div class=\"detail-desc-decorate-richtext\">\n<p><strong>Wifi tuya water sensro:(connect with wifi network no need hub)<\/strong><\/p>\n<p><strong>work with tuyasmart,smartlife APP , (Battery not inclued)<\/strong><\/p>\n<div><\/div>\n<p><strong>work with tuya smart Valve, and you can use tuya smart to have this this function: when wifi water sensor tiggered , the Valve auto closed or open .<\/strong><\/p>\n<div><\/div>\n<p><strong>Feature<\/strong><\/p>\n<div class=\"detailmodule_text\">\n<p class=\"detail-desc-decorate-content\">Mobile APP control, connected to the network via wifi, remote control at any time, you will receive a notification if there is a leak. IP67 waterproof water leakage detector probe. Wall-mounted, easy to use. Removable battery, easy for installation, low power consumption, energy-saving. You can share the device with your family.<\/p>\n<p class=\"detail-desc-decorate-content\">Low\/high water level monitoring<\/p>\n<\/div>\n<div class=\"detailmodule_text\">\n<p class=\"detail-desc-decorate-title\">Specification<\/p>\n<p class=\"detail-desc-decorate-content\" data-spm-anchor-id=\"a2g0o.detail.1000023.i5.674a9dWh9dWhcO\">Type: Water Leakage Detector Mateial: ABS Color: White Alarm sound:80dB Battery: 2 * AAA battery (not included) Input voltage: DC3V Static current: \u226410yuA Alarm current: \u2264160mA Low-voltage indication: \u2264 2.6V WIFI: 802.11 b\/g\/n Detection: Water-sensor detector Installation method: Wall-mounted Working temperature: -10-50\u2103 Working humidity: 95%RH<\/p>\n<\/div>\n<div class=\"detailmodule_text\"><\/div>\n<div class=\"detailmodule_text\">\n<p class=\"detail-desc-decorate-title\" data-spm-anchor-id=\"a2g0o.detail.1000023.i6.674a9dWh9dWhcO\">Smart water sensor<\/p>\n<\/div>\n<\/div>\n<\/div>\n","protected":false},"excerpt":{"rendered":"<p>WATERSENSOR<\/p>\n","protected":false},"featured_media":14952,"comment_status":"open","ping_status":"closed","template":"","meta":[],"product_brand":[],"product_cat":[337],"product_tag":[],"class_list":{"0":"post-14951","1":"product","2":"type-product","3":"status-publish","4":"has-post-thumbnail","6":"product_cat-guvenlik","8":"first","9":"instock","10":"sale","11":"shipping-taxable","12":"purchasable","13":"product-type-simple"},"aioseo_notices":[],"_links":{"self":[{"href":"https:\/\/flytechltd.com\/en\/wp-json\/wp\/v2\/product\/14951","targetHints":{"allow":["GET"]}}],"collection":[{"href":"https:\/\/flytechltd.com\/en\/wp-json\/wp\/v2\/product"}],"about":[{"href":"https:\/\/flytechltd.com\/en\/wp-json\/wp\/v2\/types\/product"}],"replies":[{"embeddable":true,"href":"https:\/\/flytechltd.com\/en\/wp-json\/wp\/v2\/comments?post=14951"}],"version-history":[{"count":0,"href":"https:\/\/flytechltd.com\/en\/wp-json\/wp\/v2\/product\/14951\/revisions"}],"wp:featuredmedia":[{"embeddable":true,"href":"https:\/\/flytechltd.com\/en\/wp-json\/wp\/v2\/media\/14952"}],"wp:attachment":[{"href":"https:\/\/flytechltd.com\/en\/wp-json\/wp\/v2\/media?parent=14951"}],"wp:term":[{"taxonomy":"product_brand","embeddable":true,"href":"https:\/\/flytechltd.com\/en\/wp-json\/wp\/v2\/product_brand?post=14951"},{"taxonomy":"product_cat","embeddable":true,"href":"https:\/\/flytechltd.com\/en\/wp-json\/wp\/v2\/product_cat?post=14951"},{"taxonomy":"product_tag","embeddable":true,"href":"https:\/\/flytechltd.com\/en\/wp-json\/wp\/v2\/product_tag?post=14951"}],"curies":[{"name":"wp","href":"https:\/\/api.w.org\/{rel}","templated":true}]}}