{"id":14982,"date":"2024-07-20T20:09:30","date_gmt":"2024-07-20T20:09:30","guid":{"rendered":"https:\/\/flytechltd.com\/?post_type=product&#038;p=14982"},"modified":"2025-10-14T14:41:02","modified_gmt":"2025-10-14T14:41:02","slug":"astronot-figurinler-heykelleri-oyuncak-ev-dekor-gold","status":"publish","type":"product","link":"https:\/\/flytechltd.com\/en\/p\/astronot-figurinler-heykelleri-oyuncak-ev-dekor-gold\/","title":{"rendered":"Astronot Fig\u00fcrinler Heykelleri Oyuncak Ev Dekor Gold"},"content":{"rendered":"<p>Astronot fig\u00fcrinler noel re\u00e7ine Spaceman heykel dekoratif Cosmonaut heykelleri minyat\u00fcrleri hediye \u00e7ocuklar i\u00e7in oyuncak ev dekor<\/p>\n","protected":false},"excerpt":{"rendered":"<p>ASTRONOT AyShe<\/p>\n","protected":false},"featured_media":14985,"comment_status":"open","ping_status":"closed","template":"","meta":[],"product_brand":[],"product_cat":[786],"product_tag":[],"class_list":{"0":"post-14982","1":"product","2":"type-product","3":"status-publish","4":"has-post-thumbnail","6":"product_cat-bebek-cocuk-aksesuar","8":"first","9":"instock","10":"sale","11":"shipping-taxable","12":"purchasable","13":"product-type-simple"},"aioseo_notices":[],"_links":{"self":[{"href":"https:\/\/flytechltd.com\/en\/wp-json\/wp\/v2\/product\/14982","targetHints":{"allow":["GET"]}}],"collection":[{"href":"https:\/\/flytechltd.com\/en\/wp-json\/wp\/v2\/product"}],"about":[{"href":"https:\/\/flytechltd.com\/en\/wp-json\/wp\/v2\/types\/product"}],"replies":[{"embeddable":true,"href":"https:\/\/flytechltd.com\/en\/wp-json\/wp\/v2\/comments?post=14982"}],"version-history":[{"count":0,"href":"https:\/\/flytechltd.com\/en\/wp-json\/wp\/v2\/product\/14982\/revisions"}],"wp:featuredmedia":[{"embeddable":true,"href":"https:\/\/flytechltd.com\/en\/wp-json\/wp\/v2\/media\/14985"}],"wp:attachment":[{"href":"https:\/\/flytechltd.com\/en\/wp-json\/wp\/v2\/media?parent=14982"}],"wp:term":[{"taxonomy":"product_brand","embeddable":true,"href":"https:\/\/flytechltd.com\/en\/wp-json\/wp\/v2\/product_brand?post=14982"},{"taxonomy":"product_cat","embeddable":true,"href":"https:\/\/flytechltd.com\/en\/wp-json\/wp\/v2\/product_cat?post=14982"},{"taxonomy":"product_tag","embeddable":true,"href":"https:\/\/flytechltd.com\/en\/wp-json\/wp\/v2\/product_tag?post=14982"}],"curies":[{"name":"wp","href":"https:\/\/api.w.org\/{rel}","templated":true}]}}