{"id":15070,"date":"2024-08-30T10:05:49","date_gmt":"2024-08-30T10:05:49","guid":{"rendered":"https:\/\/flytechltd.com\/?post_type=product&#038;p=15070"},"modified":"2024-08-31T09:29:24","modified_gmt":"2024-08-31T09:29:24","slug":"zkteco-4-port-poe-switch","status":"publish","type":"product","link":"https:\/\/flytechltd.com\/en\/p\/zkteco-4-port-poe-switch\/","title":{"rendered":"ZKTECO 4 PORT POE SW\u0130TCH"},"content":{"rendered":"<p>PE042-55-C, veri iletimi ve g\u00fc\u00e7 kayna\u011f\u0131 i\u00e7in bir a\u011f noktas\u0131 sa\u011flayan geli\u015fmi\u015f bir PoE anahtar\u0131d\u0131r. A\u011f kablolar\u0131 arac\u0131l\u0131\u011f\u0131yla standart IEEE802.3af\/at g\u00fc\u00e7 kayna\u011f\u0131 sa\u011flayabilen 4 PoE ba\u011flant\u0131 noktas\u0131na sahiptir.<br \/>\nIEEE802.3af\/at \u00fczerinden g\u00fc\u00e7 sa\u011flamak i\u00e7in geli\u015fmi\u015f kendi kendini alg\u0131lama algoritmas\u0131 sayesinde, ba\u011fl\u0131 PoE veya PoE olmayan standart ekipman g\u00fcvenli bir \u015fekilde korunur.<\/p>\n","protected":false},"excerpt":{"rendered":"<p>PE042-55-C<\/p>\n","protected":false},"featured_media":15101,"comment_status":"open","ping_status":"closed","template":"","meta":[],"product_brand":[],"product_cat":[337],"product_tag":[],"class_list":{"0":"post-15070","1":"product","2":"type-product","3":"status-publish","4":"has-post-thumbnail","6":"product_cat-guvenlik","8":"first","9":"instock","10":"sale","11":"shipping-taxable","12":"purchasable","13":"product-type-simple"},"aioseo_notices":[],"_links":{"self":[{"href":"https:\/\/flytechltd.com\/en\/wp-json\/wp\/v2\/product\/15070","targetHints":{"allow":["GET"]}}],"collection":[{"href":"https:\/\/flytechltd.com\/en\/wp-json\/wp\/v2\/product"}],"about":[{"href":"https:\/\/flytechltd.com\/en\/wp-json\/wp\/v2\/types\/product"}],"replies":[{"embeddable":true,"href":"https:\/\/flytechltd.com\/en\/wp-json\/wp\/v2\/comments?post=15070"}],"version-history":[{"count":0,"href":"https:\/\/flytechltd.com\/en\/wp-json\/wp\/v2\/product\/15070\/revisions"}],"wp:featuredmedia":[{"embeddable":true,"href":"https:\/\/flytechltd.com\/en\/wp-json\/wp\/v2\/media\/15101"}],"wp:attachment":[{"href":"https:\/\/flytechltd.com\/en\/wp-json\/wp\/v2\/media?parent=15070"}],"wp:term":[{"taxonomy":"product_brand","embeddable":true,"href":"https:\/\/flytechltd.com\/en\/wp-json\/wp\/v2\/product_brand?post=15070"},{"taxonomy":"product_cat","embeddable":true,"href":"https:\/\/flytechltd.com\/en\/wp-json\/wp\/v2\/product_cat?post=15070"},{"taxonomy":"product_tag","embeddable":true,"href":"https:\/\/flytechltd.com\/en\/wp-json\/wp\/v2\/product_tag?post=15070"}],"curies":[{"name":"wp","href":"https:\/\/api.w.org\/{rel}","templated":true}]}}