{"id":15073,"date":"2024-08-30T10:10:42","date_gmt":"2024-08-30T10:10:42","guid":{"rendered":"https:\/\/flytechltd.com\/?post_type=product&#038;p=15073"},"modified":"2024-08-31T09:26:28","modified_gmt":"2024-08-31T09:26:28","slug":"zkteco-24-port-poe-switch","status":"publish","type":"product","link":"https:\/\/flytechltd.com\/en\/p\/zkteco-24-port-poe-switch\/","title":{"rendered":"ZKTECO 24 PORT POE SW\u0130TCH"},"content":{"rendered":"<p>&#8211; 24*10\/100M RJ-45 (PoE) +2*10\/100\/1000M RJ-45+1*1000 SFP<br \/>\n&#8211; IEEE 802.3, IEEE 802.3u ve IEEE802.3af\/at ile uyumludur<br \/>\n&#8211; Maks. PoE g\u00fc\u00e7 \u00e7\u0131k\u0131\u015f\u0131 15,4 W (IEEE 802.3af)\/ 30 W (IEEE 802.3at)<br \/>\n&#8211; 250 metre PoE g\u00fc\u00e7 ve veri iletim mesafesi (Cat 6)<br \/>\n&#8211; MDI\/MDIX kendi kendine uyarlama<br \/>\n&#8211; Sakla ve ilet switchleme<br \/>\n&#8211; Y\u0131ld\u0131r\u0131mdan korunma<br \/>\nPE242-300-C, veri iletimi ve g\u00fc\u00e7 kayna\u011f\u0131 i\u00e7in bir a\u011f noktas\u0131 sa\u011flayan geli\u015fmi\u015f bir PoE anahtar\u0131d\u0131r.<br \/>\nA\u011f kablolar\u0131 arac\u0131l\u0131\u011f\u0131yla standart IEEE802.3af\/at g\u00fc\u00e7 kayna\u011f\u0131 sa\u011flayabilen 24 PoE ba\u011flant\u0131 noktas\u0131na sahiptir. IEEE802.3af\/at \u00fczerinden g\u00fc\u00e7 sa\u011flamak i\u00e7in geli\u015fmi\u015f kendi kendini alg\u0131lama algoritmas\u0131 sayesinde, ba\u011fl\u0131 PoE veya PoE olmayan standart ekipman g\u00fcvenli bir \u015fekilde korunur.<\/p>\n","protected":false},"excerpt":{"rendered":"<p>PE242-300-C<\/p>\n","protected":false},"featured_media":15094,"comment_status":"open","ping_status":"closed","template":"","meta":[],"product_brand":[],"product_cat":[337],"product_tag":[],"class_list":{"0":"post-15073","1":"product","2":"type-product","3":"status-publish","4":"has-post-thumbnail","6":"product_cat-guvenlik","8":"first","9":"instock","10":"sale","11":"shipping-taxable","12":"purchasable","13":"product-type-simple"},"aioseo_notices":[],"_links":{"self":[{"href":"https:\/\/flytechltd.com\/en\/wp-json\/wp\/v2\/product\/15073","targetHints":{"allow":["GET"]}}],"collection":[{"href":"https:\/\/flytechltd.com\/en\/wp-json\/wp\/v2\/product"}],"about":[{"href":"https:\/\/flytechltd.com\/en\/wp-json\/wp\/v2\/types\/product"}],"replies":[{"embeddable":true,"href":"https:\/\/flytechltd.com\/en\/wp-json\/wp\/v2\/comments?post=15073"}],"version-history":[{"count":0,"href":"https:\/\/flytechltd.com\/en\/wp-json\/wp\/v2\/product\/15073\/revisions"}],"wp:featuredmedia":[{"embeddable":true,"href":"https:\/\/flytechltd.com\/en\/wp-json\/wp\/v2\/media\/15094"}],"wp:attachment":[{"href":"https:\/\/flytechltd.com\/en\/wp-json\/wp\/v2\/media?parent=15073"}],"wp:term":[{"taxonomy":"product_brand","embeddable":true,"href":"https:\/\/flytechltd.com\/en\/wp-json\/wp\/v2\/product_brand?post=15073"},{"taxonomy":"product_cat","embeddable":true,"href":"https:\/\/flytechltd.com\/en\/wp-json\/wp\/v2\/product_cat?post=15073"},{"taxonomy":"product_tag","embeddable":true,"href":"https:\/\/flytechltd.com\/en\/wp-json\/wp\/v2\/product_tag?post=15073"}],"curies":[{"name":"wp","href":"https:\/\/api.w.org\/{rel}","templated":true}]}}