{"id":15254,"date":"2024-11-08T20:24:58","date_gmt":"2024-11-08T20:24:58","guid":{"rendered":"https:\/\/flytechltd.com\/?post_type=product&#038;p=15254"},"modified":"2025-01-07T12:05:40","modified_gmt":"2025-01-07T12:05:40","slug":"ofis-calisma-sandalye","status":"publish","type":"product","link":"https:\/\/flytechltd.com\/en\/p\/ofis-calisma-sandalye\/","title":{"rendered":"Ofis \u00c7al\u0131\u015fma Sandalye"},"content":{"rendered":"","protected":false},"excerpt":{"rendered":"<p>CR2024<\/p>\n","protected":false},"featured_media":15255,"comment_status":"open","ping_status":"closed","template":"","meta":[],"product_brand":[],"product_cat":[347,349],"product_tag":[],"class_list":{"0":"post-15254","1":"product","2":"type-product","3":"status-publish","4":"has-post-thumbnail","6":"product_cat-sandalye","7":"product_cat-sandalye-sandalye","9":"first","10":"instock","11":"sale","12":"shipping-taxable","13":"purchasable","14":"product-type-simple"},"aioseo_notices":[],"_links":{"self":[{"href":"https:\/\/flytechltd.com\/en\/wp-json\/wp\/v2\/product\/15254","targetHints":{"allow":["GET"]}}],"collection":[{"href":"https:\/\/flytechltd.com\/en\/wp-json\/wp\/v2\/product"}],"about":[{"href":"https:\/\/flytechltd.com\/en\/wp-json\/wp\/v2\/types\/product"}],"replies":[{"embeddable":true,"href":"https:\/\/flytechltd.com\/en\/wp-json\/wp\/v2\/comments?post=15254"}],"version-history":[{"count":0,"href":"https:\/\/flytechltd.com\/en\/wp-json\/wp\/v2\/product\/15254\/revisions"}],"wp:featuredmedia":[{"embeddable":true,"href":"https:\/\/flytechltd.com\/en\/wp-json\/wp\/v2\/media\/15255"}],"wp:attachment":[{"href":"https:\/\/flytechltd.com\/en\/wp-json\/wp\/v2\/media?parent=15254"}],"wp:term":[{"taxonomy":"product_brand","embeddable":true,"href":"https:\/\/flytechltd.com\/en\/wp-json\/wp\/v2\/product_brand?post=15254"},{"taxonomy":"product_cat","embeddable":true,"href":"https:\/\/flytechltd.com\/en\/wp-json\/wp\/v2\/product_cat?post=15254"},{"taxonomy":"product_tag","embeddable":true,"href":"https:\/\/flytechltd.com\/en\/wp-json\/wp\/v2\/product_tag?post=15254"}],"curies":[{"name":"wp","href":"https:\/\/api.w.org\/{rel}","templated":true}]}}