{"id":15300,"date":"2024-11-08T21:37:29","date_gmt":"2024-11-08T21:37:29","guid":{"rendered":"https:\/\/flytechltd.com\/?post_type=product&#038;p=15300"},"modified":"2025-12-24T09:16:59","modified_gmt":"2025-12-24T09:16:59","slug":"ofis-yonetici-calisma-koltugu-baslikli-ergonomic-modern-2025-beyaz-siyah","status":"publish","type":"product","link":"https:\/\/flytechltd.com\/en\/p\/ofis-yonetici-calisma-koltugu-baslikli-ergonomic-modern-2025-beyaz-siyah\/","title":{"rendered":"Ofis Y\u00f6netici \u00c7al\u0131\u015fma Koltu\u011fu Ba\u015fl\u0131kl\u0131 Ergonomic Modern 2025 Beyaz-Siyah"},"content":{"rendered":"","protected":false},"excerpt":{"rendered":"<p>CR2024<\/p>\n","protected":false},"featured_media":15301,"comment_status":"open","ping_status":"closed","template":"","meta":[],"product_brand":[],"product_cat":[347,349],"product_tag":[],"class_list":{"0":"post-15300","1":"product","2":"type-product","3":"status-publish","4":"has-post-thumbnail","6":"product_cat-sandalye","7":"product_cat-sandalye-sandalye","9":"first","10":"instock","11":"sale","12":"shipping-taxable","13":"purchasable","14":"product-type-simple"},"aioseo_notices":[],"_links":{"self":[{"href":"https:\/\/flytechltd.com\/en\/wp-json\/wp\/v2\/product\/15300","targetHints":{"allow":["GET"]}}],"collection":[{"href":"https:\/\/flytechltd.com\/en\/wp-json\/wp\/v2\/product"}],"about":[{"href":"https:\/\/flytechltd.com\/en\/wp-json\/wp\/v2\/types\/product"}],"replies":[{"embeddable":true,"href":"https:\/\/flytechltd.com\/en\/wp-json\/wp\/v2\/comments?post=15300"}],"version-history":[{"count":0,"href":"https:\/\/flytechltd.com\/en\/wp-json\/wp\/v2\/product\/15300\/revisions"}],"wp:featuredmedia":[{"embeddable":true,"href":"https:\/\/flytechltd.com\/en\/wp-json\/wp\/v2\/media\/15301"}],"wp:attachment":[{"href":"https:\/\/flytechltd.com\/en\/wp-json\/wp\/v2\/media?parent=15300"}],"wp:term":[{"taxonomy":"product_brand","embeddable":true,"href":"https:\/\/flytechltd.com\/en\/wp-json\/wp\/v2\/product_brand?post=15300"},{"taxonomy":"product_cat","embeddable":true,"href":"https:\/\/flytechltd.com\/en\/wp-json\/wp\/v2\/product_cat?post=15300"},{"taxonomy":"product_tag","embeddable":true,"href":"https:\/\/flytechltd.com\/en\/wp-json\/wp\/v2\/product_tag?post=15300"}],"curies":[{"name":"wp","href":"https:\/\/api.w.org\/{rel}","templated":true}]}}