{"id":15333,"date":"2025-01-06T20:06:29","date_gmt":"2025-01-06T20:06:29","guid":{"rendered":"https:\/\/flytechltd.com\/?post_type=product&#038;p=15333"},"modified":"2025-07-03T12:23:29","modified_gmt":"2025-07-03T12:23:29","slug":"decakila-isitici-soba-donen","status":"publish","type":"product","link":"https:\/\/flytechltd.com\/en\/p\/decakila-isitici-soba-donen\/","title":{"rendered":"Decakila Is\u0131t\u0131c\u0131 Soba D\u00f6nen"},"content":{"rendered":"<p>KEFH001B \u00dcr\u00fcn Hakk\u0131nda G\u00fc\u00e7 : 1200W 3 Is\u0131 ayar\u0131 400\/800\/1200W Sa\u011fa \u2013 sola d\u00f6nebilen fonksiyon Devrilme anahtar\u0131 A\u015f\u0131r\u0131 \u0131s\u0131nmaya kar\u015f\u0131 koruma<\/p>\n","protected":false},"excerpt":{"rendered":"<p>KEFH001B<\/p>\n","protected":false},"featured_media":15336,"comment_status":"open","ping_status":"closed","template":"","meta":[],"product_brand":[],"product_cat":[335],"product_tag":[],"class_list":{"0":"post-15333","1":"product","2":"type-product","3":"status-publish","4":"has-post-thumbnail","6":"product_cat-isitma-sogutma","8":"first","9":"instock","10":"shipping-taxable","11":"purchasable","12":"product-type-simple"},"aioseo_notices":[],"_links":{"self":[{"href":"https:\/\/flytechltd.com\/en\/wp-json\/wp\/v2\/product\/15333","targetHints":{"allow":["GET"]}}],"collection":[{"href":"https:\/\/flytechltd.com\/en\/wp-json\/wp\/v2\/product"}],"about":[{"href":"https:\/\/flytechltd.com\/en\/wp-json\/wp\/v2\/types\/product"}],"replies":[{"embeddable":true,"href":"https:\/\/flytechltd.com\/en\/wp-json\/wp\/v2\/comments?post=15333"}],"version-history":[{"count":0,"href":"https:\/\/flytechltd.com\/en\/wp-json\/wp\/v2\/product\/15333\/revisions"}],"wp:featuredmedia":[{"embeddable":true,"href":"https:\/\/flytechltd.com\/en\/wp-json\/wp\/v2\/media\/15336"}],"wp:attachment":[{"href":"https:\/\/flytechltd.com\/en\/wp-json\/wp\/v2\/media?parent=15333"}],"wp:term":[{"taxonomy":"product_brand","embeddable":true,"href":"https:\/\/flytechltd.com\/en\/wp-json\/wp\/v2\/product_brand?post=15333"},{"taxonomy":"product_cat","embeddable":true,"href":"https:\/\/flytechltd.com\/en\/wp-json\/wp\/v2\/product_cat?post=15333"},{"taxonomy":"product_tag","embeddable":true,"href":"https:\/\/flytechltd.com\/en\/wp-json\/wp\/v2\/product_tag?post=15333"}],"curies":[{"name":"wp","href":"https:\/\/api.w.org\/{rel}","templated":true}]}}