{"id":15362,"date":"2025-01-16T18:56:00","date_gmt":"2025-01-16T18:56:00","guid":{"rendered":"https:\/\/flytechltd.com\/?post_type=product&#038;p=15362"},"modified":"2025-01-16T19:19:03","modified_gmt":"2025-01-16T19:19:03","slug":"luks-cizgili-360-donebilen-makyaj-organizatoru-beyaz","status":"publish","type":"product","link":"https:\/\/flytechltd.com\/en\/p\/luks-cizgili-360-donebilen-makyaj-organizatoru-beyaz\/","title":{"rendered":"L\u00fcks \u00c7izgili 360\u00b0 D\u00f6nebilen Makyaj Organizat\u00f6r\u00fc Beyaz"},"content":{"rendered":"<p>360\u00b0 D\u00f6nebilen Makyaj Organizat\u00f6r\u00fc \u2013 5 B\u00f6lmeli Kozmetik Saklama Sepeti, F\u0131r\u00e7alar, Rujlar, Cilt Bak\u0131m \u00dcr\u00fcnleri, K\u0131rtasiye i\u00e7in \u00c7ok Fonksiyonlu Tutucu \u2013 Dayan\u0131kl\u0131, Kokusuz Plastik L\u00fcks \u015eerit Tasar\u0131m\u0131 ile<\/p>\n","protected":false},"excerpt":{"rendered":"<p>AyShe<\/p>\n","protected":false},"featured_media":15365,"comment_status":"open","ping_status":"closed","template":"","meta":[],"product_brand":[],"product_cat":[341],"product_tag":[],"class_list":{"0":"post-15362","1":"product","2":"type-product","3":"status-publish","4":"has-post-thumbnail","6":"product_cat-moda","8":"first","9":"instock","10":"sale","11":"shipping-taxable","12":"purchasable","13":"product-type-simple"},"aioseo_notices":[],"_links":{"self":[{"href":"https:\/\/flytechltd.com\/en\/wp-json\/wp\/v2\/product\/15362","targetHints":{"allow":["GET"]}}],"collection":[{"href":"https:\/\/flytechltd.com\/en\/wp-json\/wp\/v2\/product"}],"about":[{"href":"https:\/\/flytechltd.com\/en\/wp-json\/wp\/v2\/types\/product"}],"replies":[{"embeddable":true,"href":"https:\/\/flytechltd.com\/en\/wp-json\/wp\/v2\/comments?post=15362"}],"version-history":[{"count":0,"href":"https:\/\/flytechltd.com\/en\/wp-json\/wp\/v2\/product\/15362\/revisions"}],"wp:featuredmedia":[{"embeddable":true,"href":"https:\/\/flytechltd.com\/en\/wp-json\/wp\/v2\/media\/15365"}],"wp:attachment":[{"href":"https:\/\/flytechltd.com\/en\/wp-json\/wp\/v2\/media?parent=15362"}],"wp:term":[{"taxonomy":"product_brand","embeddable":true,"href":"https:\/\/flytechltd.com\/en\/wp-json\/wp\/v2\/product_brand?post=15362"},{"taxonomy":"product_cat","embeddable":true,"href":"https:\/\/flytechltd.com\/en\/wp-json\/wp\/v2\/product_cat?post=15362"},{"taxonomy":"product_tag","embeddable":true,"href":"https:\/\/flytechltd.com\/en\/wp-json\/wp\/v2\/product_tag?post=15362"}],"curies":[{"name":"wp","href":"https:\/\/api.w.org\/{rel}","templated":true}]}}