{"id":15386,"date":"2025-01-16T19:02:13","date_gmt":"2025-01-16T19:02:13","guid":{"rendered":"https:\/\/flytechltd.com\/?post_type=product&#038;p=15386"},"modified":"2025-01-16T19:18:32","modified_gmt":"2025-01-16T19:18:32","slug":"seyahat-mucevher-kutusu-beyaz","status":"publish","type":"product","link":"https:\/\/flytechltd.com\/en\/p\/seyahat-mucevher-kutusu-beyaz\/","title":{"rendered":"Seyahat M\u00fccevher Kutusu Beyaz"},"content":{"rendered":"<p>Boyunluklar, K\u00fcpeler ve Y\u00fcz\u00fckler i\u00e7in Uygun Seyahat M\u00fccevher Kutusu, Sevgililer G\u00fcn\u00fc i\u00e7in \u00d6zel, M\u00fccevher Kutular\u0131<\/p>\n","protected":false},"excerpt":{"rendered":"<p>AyShe<\/p>\n","protected":false},"featured_media":15380,"comment_status":"open","ping_status":"closed","template":"","meta":[],"product_brand":[],"product_cat":[341],"product_tag":[],"class_list":{"0":"post-15386","1":"product","2":"type-product","3":"status-publish","4":"has-post-thumbnail","6":"product_cat-moda","8":"first","9":"instock","10":"sale","11":"shipping-taxable","12":"purchasable","13":"product-type-simple"},"aioseo_notices":[],"_links":{"self":[{"href":"https:\/\/flytechltd.com\/en\/wp-json\/wp\/v2\/product\/15386","targetHints":{"allow":["GET"]}}],"collection":[{"href":"https:\/\/flytechltd.com\/en\/wp-json\/wp\/v2\/product"}],"about":[{"href":"https:\/\/flytechltd.com\/en\/wp-json\/wp\/v2\/types\/product"}],"replies":[{"embeddable":true,"href":"https:\/\/flytechltd.com\/en\/wp-json\/wp\/v2\/comments?post=15386"}],"version-history":[{"count":0,"href":"https:\/\/flytechltd.com\/en\/wp-json\/wp\/v2\/product\/15386\/revisions"}],"wp:featuredmedia":[{"embeddable":true,"href":"https:\/\/flytechltd.com\/en\/wp-json\/wp\/v2\/media\/15380"}],"wp:attachment":[{"href":"https:\/\/flytechltd.com\/en\/wp-json\/wp\/v2\/media?parent=15386"}],"wp:term":[{"taxonomy":"product_brand","embeddable":true,"href":"https:\/\/flytechltd.com\/en\/wp-json\/wp\/v2\/product_brand?post=15386"},{"taxonomy":"product_cat","embeddable":true,"href":"https:\/\/flytechltd.com\/en\/wp-json\/wp\/v2\/product_cat?post=15386"},{"taxonomy":"product_tag","embeddable":true,"href":"https:\/\/flytechltd.com\/en\/wp-json\/wp\/v2\/product_tag?post=15386"}],"curies":[{"name":"wp","href":"https:\/\/api.w.org\/{rel}","templated":true}]}}