{"id":15395,"date":"2025-01-16T19:25:49","date_gmt":"2025-01-16T19:25:49","guid":{"rendered":"https:\/\/flytechltd.com\/?post_type=product&#038;p=15395"},"modified":"2025-11-24T18:06:55","modified_gmt":"2025-11-24T18:06:55","slug":"yasam-agaci-led-projektor-lambasi-360-donebilen-ayarlanabilir-gece-isigi-usb-guclu-oda-atmosfer-isigi-enerji-verimli","status":"publish","type":"product","link":"https:\/\/flytechltd.com\/en\/p\/yasam-agaci-led-projektor-lambasi-360-donebilen-ayarlanabilir-gece-isigi-usb-guclu-oda-atmosfer-isigi-enerji-verimli\/","title":{"rendered":"Ya\u015fam A\u011fac\u0131 LED Projekt\u00f6r Lambas\u0131, 360\u00b0 D\u00f6nebilen Ayarlanabilir Gece I\u015f\u0131\u011f\u0131, USB G\u00fc\u00e7l\u00fc Oda Atmosfer I\u015f\u0131\u011f\u0131, Enerji Verimli"},"content":{"rendered":"<p>\u00dcr\u00fcn detaylar\u0131<\/p>\n<p>Malzeme: Plastik<br \/>\nAbajur Malzemesi: Plastik<br \/>\nKontrol Y\u00f6ntemi: Yok<br \/>\nStil: Modern<br \/>\nTema: Di\u011fer ba\u015fl\u0131klar<br \/>\nAyd\u0131nlatma Y\u00f6ntemi: Yukar\u0131 \u0131\u015f\u0131k<br \/>\nOda tipi: Yatak odas\u0131<br \/>\nDesen: Geometrik<br \/>\nMontaj tipi: Tezgah<br \/>\nDahili Aksesuarlar: Kordon<br \/>\nMontaj Alan\u0131: Masa\u00fcst\u00fc<br \/>\nG\u00fc\u00e7 kayna\u011f\u0131: USB ile G\u00fc\u00e7lendirilmi\u015f<\/p>\n","protected":false},"excerpt":{"rendered":"<p>AyShe<\/p>\n","protected":false},"featured_media":15408,"comment_status":"open","ping_status":"closed","template":"","meta":[],"product_brand":[],"product_cat":[785,325],"product_tag":[],"class_list":{"0":"post-15395","1":"product","2":"type-product","3":"status-publish","4":"has-post-thumbnail","6":"product_cat-bebek-kamera-ve-cocuk-lambasi","7":"product_cat-lamba","9":"first","10":"instock","11":"sale","12":"shipping-taxable","13":"purchasable","14":"product-type-simple"},"aioseo_notices":[],"_links":{"self":[{"href":"https:\/\/flytechltd.com\/en\/wp-json\/wp\/v2\/product\/15395","targetHints":{"allow":["GET"]}}],"collection":[{"href":"https:\/\/flytechltd.com\/en\/wp-json\/wp\/v2\/product"}],"about":[{"href":"https:\/\/flytechltd.com\/en\/wp-json\/wp\/v2\/types\/product"}],"replies":[{"embeddable":true,"href":"https:\/\/flytechltd.com\/en\/wp-json\/wp\/v2\/comments?post=15395"}],"version-history":[{"count":0,"href":"https:\/\/flytechltd.com\/en\/wp-json\/wp\/v2\/product\/15395\/revisions"}],"wp:featuredmedia":[{"embeddable":true,"href":"https:\/\/flytechltd.com\/en\/wp-json\/wp\/v2\/media\/15408"}],"wp:attachment":[{"href":"https:\/\/flytechltd.com\/en\/wp-json\/wp\/v2\/media?parent=15395"}],"wp:term":[{"taxonomy":"product_brand","embeddable":true,"href":"https:\/\/flytechltd.com\/en\/wp-json\/wp\/v2\/product_brand?post=15395"},{"taxonomy":"product_cat","embeddable":true,"href":"https:\/\/flytechltd.com\/en\/wp-json\/wp\/v2\/product_cat?post=15395"},{"taxonomy":"product_tag","embeddable":true,"href":"https:\/\/flytechltd.com\/en\/wp-json\/wp\/v2\/product_tag?post=15395"}],"curies":[{"name":"wp","href":"https:\/\/api.w.org\/{rel}","templated":true}]}}