{"id":15438,"date":"2025-01-16T19:40:12","date_gmt":"2025-01-16T19:40:12","guid":{"rendered":"https:\/\/flytechltd.com\/?post_type=product&#038;p=15438"},"modified":"2025-11-14T20:10:55","modified_gmt":"2025-11-14T20:10:55","slug":"yunus-kalp-gece-lambasi-3d-usb-ile-calisan-yatak-odasi-atmosferi-ev-dekoru-icin-mukemmel","status":"publish","type":"product","link":"https:\/\/flytechltd.com\/en\/p\/yunus-kalp-gece-lambasi-3d-usb-ile-calisan-yatak-odasi-atmosferi-ev-dekoru-icin-mukemmel\/","title":{"rendered":"Yunus &#038; Kalp Gece Lambas\u0131 3D &#8211; USB ile \u00c7al\u0131\u015fan, Yatak Odas\u0131 Atmosferi &#038; Ev Dekoru i\u00e7in M\u00fckemmel"},"content":{"rendered":"<div class=\"_2R_25RK2\">\n<h2 class=\"FSPfUoK9\">\u00dcr\u00fcn detaylar\u0131<\/h2>\n<\/div>\n<div class=\"B_OB3uj0\">\n<div>\n<div class=\"_1YBVObhm\" tabindex=\"0\" role=\"button\" aria-label=\"Malzeme: Plastik\">Malzeme:\u00a0Plastik<\/div>\n<div class=\"_1YBVObhm\" tabindex=\"0\" role=\"button\" aria-label=\"Stil: Modern\">Stil:\u00a0Modern<\/div>\n<div class=\"_1YBVObhm\" tabindex=\"0\" role=\"button\" aria-label=\"G\u00f6lge \u015eekli: Di\u011fer \u015eekiller\">G\u00f6lge \u015eekli:\u00a0Di\u011fer \u015eekiller<\/div>\n<div class=\"_1YBVObhm\" tabindex=\"0\" role=\"button\" aria-label=\"Tema: Di\u011fer ba\u015fl\u0131klar\">Tema:\u00a0Di\u011fer ba\u015fl\u0131klar<\/div>\n<div class=\"_1YBVObhm\" tabindex=\"0\" role=\"button\" aria-label=\"Ayd\u0131nlatma Y\u00f6ntemi: Yukar\u0131 \u0131\u015f\u0131k\">Ayd\u0131nlatma Y\u00f6ntemi:\u00a0Yukar\u0131 \u0131\u015f\u0131k<\/div>\n<div class=\"_1YBVObhm\" tabindex=\"0\" role=\"button\" aria-label=\"Oda tipi: \u00c7e\u015fitli Oda Tipleri\">Oda tipi:\u00a0\u00c7e\u015fitli Oda Tipleri<\/div>\n<div class=\"_1YBVObhm\" tabindex=\"0\" role=\"button\" aria-label=\"Metal Kaplama Tipi: Di\u011fer \u00e7e\u015fitler\">Metal Kaplama Tipi:\u00a0Di\u011fer \u00e7e\u015fitler<\/div>\n<div class=\"_1YBVObhm\" tabindex=\"0\" role=\"button\" aria-label=\"Desen: Di\u011fer Desenler\">Desen:\u00a0Di\u011fer Desenler<\/div>\n<div class=\"_1YBVObhm\" tabindex=\"0\" role=\"button\" aria-label=\"Dahili Aksesuarlar: Hi\u00e7biri\">Dahili Aksesuarlar:\u00a0Hi\u00e7biri<\/div>\n<div class=\"_1YBVObhm\" tabindex=\"0\" role=\"button\" aria-label=\"Kontrol Y\u00f6ntemi: Yok\">Kontrol Y\u00f6ntemi:\u00a0Yok<\/div>\n<div class=\"_1YBVObhm\" tabindex=\"0\" role=\"button\" aria-label=\"G\u00fc\u00e7 kayna\u011f\u0131: USB ile G\u00fc\u00e7lendirilmi\u015f\">G\u00fc\u00e7 kayna\u011f\u0131:\u00a0USB ile G\u00fc\u00e7lendirilmi\u015f<\/div>\n<\/div>\n<\/div>\n","protected":false},"excerpt":{"rendered":"<p>AyShe<\/p>\n","protected":false},"featured_media":15443,"comment_status":"open","ping_status":"closed","template":"","meta":[],"product_brand":[],"product_cat":[785,325],"product_tag":[],"class_list":{"0":"post-15438","1":"product","2":"type-product","3":"status-publish","4":"has-post-thumbnail","6":"product_cat-bebek-kamera-ve-cocuk-lambasi","7":"product_cat-lamba","9":"first","10":"instock","11":"sale","12":"shipping-taxable","13":"purchasable","14":"product-type-simple"},"aioseo_notices":[],"_links":{"self":[{"href":"https:\/\/flytechltd.com\/en\/wp-json\/wp\/v2\/product\/15438","targetHints":{"allow":["GET"]}}],"collection":[{"href":"https:\/\/flytechltd.com\/en\/wp-json\/wp\/v2\/product"}],"about":[{"href":"https:\/\/flytechltd.com\/en\/wp-json\/wp\/v2\/types\/product"}],"replies":[{"embeddable":true,"href":"https:\/\/flytechltd.com\/en\/wp-json\/wp\/v2\/comments?post=15438"}],"version-history":[{"count":0,"href":"https:\/\/flytechltd.com\/en\/wp-json\/wp\/v2\/product\/15438\/revisions"}],"wp:featuredmedia":[{"embeddable":true,"href":"https:\/\/flytechltd.com\/en\/wp-json\/wp\/v2\/media\/15443"}],"wp:attachment":[{"href":"https:\/\/flytechltd.com\/en\/wp-json\/wp\/v2\/media?parent=15438"}],"wp:term":[{"taxonomy":"product_brand","embeddable":true,"href":"https:\/\/flytechltd.com\/en\/wp-json\/wp\/v2\/product_brand?post=15438"},{"taxonomy":"product_cat","embeddable":true,"href":"https:\/\/flytechltd.com\/en\/wp-json\/wp\/v2\/product_cat?post=15438"},{"taxonomy":"product_tag","embeddable":true,"href":"https:\/\/flytechltd.com\/en\/wp-json\/wp\/v2\/product_tag?post=15438"}],"curies":[{"name":"wp","href":"https:\/\/api.w.org\/{rel}","templated":true}]}}