{"id":15453,"date":"2025-01-16T19:52:32","date_gmt":"2025-01-16T19:52:32","guid":{"rendered":"https:\/\/flytechltd.com\/?post_type=product&#038;p=15453"},"modified":"2025-11-14T20:10:00","modified_gmt":"2025-11-14T20:10:00","slug":"usb-guclu-su-yansimasi-projektor-lambasi-tak-calistir-ayarlanabilir-parlaklikta-masa-gece-lambasi-ve-uzaktan-kumanda-siyah-yatak-odasi-atmosferi-icin-ideal-yatak-odasi-icin-isik-projektoru","status":"publish","type":"product","link":"https:\/\/flytechltd.com\/en\/p\/usb-guclu-su-yansimasi-projektor-lambasi-tak-calistir-ayarlanabilir-parlaklikta-masa-gece-lambasi-ve-uzaktan-kumanda-siyah-yatak-odasi-atmosferi-icin-ideal-yatak-odasi-icin-isik-projektoru\/","title":{"rendered":"USB G\u00fc\u00e7l\u00fc Su Yans\u0131mas\u0131 Projekt\u00f6r Lambas\u0131 &#8211; Tak &#038; \u00c7al\u0131\u015ft\u0131r, Ayarlanabilir Parlakl\u0131kta Masa Gece Lambas\u0131 ve Uzaktan Kumanda, Siyah, Yatak Odas\u0131 Atmosferi i\u00e7in \u0130deal, Yatak Odas\u0131 i\u00e7in I\u015f\u0131k Projekt\u00f6r\u00fc"},"content":{"rendered":"<div class=\"_2R_25RK2\">\n<h2 class=\"FSPfUoK9\">\u00dcr\u00fcn detaylar\u0131<\/h2>\n<div class=\"_8O63Jowt\">\n<div class=\"_2yTA5nwz\" tabindex=\"0\" role=\"button\" aria-haspopup=\"dialog\" aria-label=\"Bu \u00fcr\u00fcn\u00fc bildir\"><span class=\"_8yFr6bEJ\">Bu \u00fcr\u00fcn\u00fc bildir<\/span><\/div>\n<\/div>\n<\/div>\n<div class=\"B_OB3uj0\">\n<div>\n<div class=\"_1YBVObhm\" tabindex=\"0\" role=\"button\" aria-label=\"Kontrol Y\u00f6ntemi: Basma D\u00fc\u011fmesi Tipi\">Kontrol Y\u00f6ntemi:\u00a0Basma D\u00fc\u011fmesi Tipi<\/div>\n<div class=\"_1YBVObhm\" tabindex=\"0\" role=\"button\" aria-label=\"Temel malzeme: Plastik\">Temel malzeme:\u00a0Plastik<\/div>\n<div class=\"_1YBVObhm\" tabindex=\"0\" role=\"button\" aria-label=\"Ayd\u0131nlatma Y\u00f6ntemi: Ayarlanabilir\">Ayd\u0131nlatma Y\u00f6ntemi:\u00a0Ayarlanabilir<\/div>\n<div class=\"_1YBVObhm\" tabindex=\"0\" role=\"button\" aria-label=\"Malzeme: Plastik\">Malzeme:\u00a0Plastik<\/div>\n<div class=\"_1YBVObhm\" tabindex=\"0\" role=\"button\" aria-label=\"Dahili Aksesuarlar: Uzaktan kumanda\">Dahili Aksesuarlar:\u00a0Uzaktan kumanda<\/div>\n<div class=\"_1YBVObhm\" tabindex=\"0\" role=\"button\" aria-label=\"A\u00e7ma \/Kapama T\u00fcr\u00fc: D\u00fc\u011fme\">A\u00e7ma \/Kapama T\u00fcr\u00fc:\u00a0D\u00fc\u011fme<\/div>\n<div class=\"_1YBVObhm\" tabindex=\"0\" role=\"button\" aria-label=\"G\u00fc\u00e7 modu: USB\">G\u00fc\u00e7 modu:\u00a0USB<\/div>\n<div class=\"_1YBVObhm\" tabindex=\"0\" role=\"button\" aria-label=\"\u00c7al\u0131\u015fma gerilimi: \u226436V\">\u00c7al\u0131\u015fma gerilimi:\u00a0\u226436V<\/div>\n<\/div>\n<\/div>\n","protected":false},"excerpt":{"rendered":"<p>AyShe<\/p>\n","protected":false},"featured_media":15505,"comment_status":"open","ping_status":"closed","template":"","meta":[],"product_brand":[],"product_cat":[785,325],"product_tag":[],"class_list":{"0":"post-15453","1":"product","2":"type-product","3":"status-publish","4":"has-post-thumbnail","6":"product_cat-bebek-kamera-ve-cocuk-lambasi","7":"product_cat-lamba","9":"first","10":"instock","11":"sale","12":"shipping-taxable","13":"purchasable","14":"product-type-simple"},"aioseo_notices":[],"_links":{"self":[{"href":"https:\/\/flytechltd.com\/en\/wp-json\/wp\/v2\/product\/15453","targetHints":{"allow":["GET"]}}],"collection":[{"href":"https:\/\/flytechltd.com\/en\/wp-json\/wp\/v2\/product"}],"about":[{"href":"https:\/\/flytechltd.com\/en\/wp-json\/wp\/v2\/types\/product"}],"replies":[{"embeddable":true,"href":"https:\/\/flytechltd.com\/en\/wp-json\/wp\/v2\/comments?post=15453"}],"version-history":[{"count":0,"href":"https:\/\/flytechltd.com\/en\/wp-json\/wp\/v2\/product\/15453\/revisions"}],"wp:featuredmedia":[{"embeddable":true,"href":"https:\/\/flytechltd.com\/en\/wp-json\/wp\/v2\/media\/15505"}],"wp:attachment":[{"href":"https:\/\/flytechltd.com\/en\/wp-json\/wp\/v2\/media?parent=15453"}],"wp:term":[{"taxonomy":"product_brand","embeddable":true,"href":"https:\/\/flytechltd.com\/en\/wp-json\/wp\/v2\/product_brand?post=15453"},{"taxonomy":"product_cat","embeddable":true,"href":"https:\/\/flytechltd.com\/en\/wp-json\/wp\/v2\/product_cat?post=15453"},{"taxonomy":"product_tag","embeddable":true,"href":"https:\/\/flytechltd.com\/en\/wp-json\/wp\/v2\/product_tag?post=15453"}],"curies":[{"name":"wp","href":"https:\/\/api.w.org\/{rel}","templated":true}]}}