{"id":15528,"date":"2025-01-16T20:49:12","date_gmt":"2025-01-16T20:49:12","guid":{"rendered":"https:\/\/flytechltd.com\/?post_type=product&#038;p=15528"},"modified":"2025-11-14T20:06:29","modified_gmt":"2025-11-14T20:06:29","slug":"ay-isigi-projektor-gece-lambasi-uzay-temali-led-serit-isik-dugme-kontrolu-pille-calisan-fotografcilik-romantik-ortam-selfie-arka-plani-yatak-odasi-dekoru","status":"publish","type":"product","link":"https:\/\/flytechltd.com\/en\/p\/ay-isigi-projektor-gece-lambasi-uzay-temali-led-serit-isik-dugme-kontrolu-pille-calisan-fotografcilik-romantik-ortam-selfie-arka-plani-yatak-odasi-dekoru\/","title":{"rendered":"Ay I\u015f\u0131\u011f\u0131 Projekt\u00f6r Gece Lambas\u0131, Uzay Temal\u0131 LED \u015eerit I\u015f\u0131k, D\u00fc\u011fme Kontrol\u00fc, Pille \u00c7al\u0131\u015fan, Foto\u011fraf\u00e7\u0131l\u0131k, Romantik Ortam, Selfie Arka Plan\u0131, Yatak Odas\u0131 Dekoru"},"content":{"rendered":"<div class=\"_2R_25RK2\">\n<h2 class=\"FSPfUoK9\">\u00dcr\u00fcn detaylar\u0131<\/h2>\n<\/div>\n<div class=\"B_OB3uj0\">\n<div>\n<div class=\"_1YBVObhm\" tabindex=\"0\" role=\"button\" aria-label=\"Tema: Uzay\">Tema:\u00a0Uzay<\/div>\n<div class=\"_1YBVObhm\" tabindex=\"0\" role=\"button\" aria-label=\"Kontrol Y\u00f6ntemi: Butona bas\u0131n\u0131z\">Kontrol Y\u00f6ntemi:\u00a0Butona bas\u0131n\u0131z<\/div>\n<div class=\"_1YBVObhm\" tabindex=\"0\" role=\"button\" aria-label=\"\u00d6zel G\u00fcn: Mardi Gras\">\u00d6zel G\u00fcn:\u00a0Mardi Gras<\/div>\n<div class=\"_1YBVObhm\" tabindex=\"0\" role=\"button\" aria-label=\"G\u00fc\u00e7 kayna\u011f\u0131: Pille \u00c7al\u0131\u015fan (Fi\u015fsiz)\">G\u00fc\u00e7 kayna\u011f\u0131:\u00a0Pille \u00c7al\u0131\u015fan (Fi\u015fsiz)<\/div>\n<\/div>\n<\/div>\n","protected":false},"excerpt":{"rendered":"<p>AyShe<\/p>\n","protected":false},"featured_media":15549,"comment_status":"open","ping_status":"closed","template":"","meta":[],"product_brand":[],"product_cat":[785,325],"product_tag":[],"class_list":{"0":"post-15528","1":"product","2":"type-product","3":"status-publish","4":"has-post-thumbnail","6":"product_cat-bebek-kamera-ve-cocuk-lambasi","7":"product_cat-lamba","9":"first","10":"instock","11":"sale","12":"shipping-taxable","13":"purchasable","14":"product-type-simple"},"aioseo_notices":[],"_links":{"self":[{"href":"https:\/\/flytechltd.com\/en\/wp-json\/wp\/v2\/product\/15528","targetHints":{"allow":["GET"]}}],"collection":[{"href":"https:\/\/flytechltd.com\/en\/wp-json\/wp\/v2\/product"}],"about":[{"href":"https:\/\/flytechltd.com\/en\/wp-json\/wp\/v2\/types\/product"}],"replies":[{"embeddable":true,"href":"https:\/\/flytechltd.com\/en\/wp-json\/wp\/v2\/comments?post=15528"}],"version-history":[{"count":0,"href":"https:\/\/flytechltd.com\/en\/wp-json\/wp\/v2\/product\/15528\/revisions"}],"wp:featuredmedia":[{"embeddable":true,"href":"https:\/\/flytechltd.com\/en\/wp-json\/wp\/v2\/media\/15549"}],"wp:attachment":[{"href":"https:\/\/flytechltd.com\/en\/wp-json\/wp\/v2\/media?parent=15528"}],"wp:term":[{"taxonomy":"product_brand","embeddable":true,"href":"https:\/\/flytechltd.com\/en\/wp-json\/wp\/v2\/product_brand?post=15528"},{"taxonomy":"product_cat","embeddable":true,"href":"https:\/\/flytechltd.com\/en\/wp-json\/wp\/v2\/product_cat?post=15528"},{"taxonomy":"product_tag","embeddable":true,"href":"https:\/\/flytechltd.com\/en\/wp-json\/wp\/v2\/product_tag?post=15528"}],"curies":[{"name":"wp","href":"https:\/\/api.w.org\/{rel}","templated":true}]}}