{"id":15814,"date":"2025-02-28T06:31:58","date_gmt":"2025-02-28T06:31:58","guid":{"rendered":"https:\/\/flytechltd.com\/?post_type=product&#038;p=15814"},"modified":"2025-11-30T18:11:01","modified_gmt":"2025-11-30T18:11:01","slug":"boyama-egitici-oyun-ortusu-halisi-150cm-tekrar-yikanabilir","status":"publish","type":"product","link":"https:\/\/flytechltd.com\/en\/p\/boyama-egitici-oyun-ortusu-halisi-150cm-tekrar-yikanabilir\/","title":{"rendered":"Boyama E\u011fitici Oyun \u00d6rt\u00fcs\u00fc Hal\u0131s\u0131 150cm Tekrar Y\u0131kanabilir"},"content":{"rendered":"<h1 class=\"pr-new-br\" data-drroot=\"h1\">Boyama E\u011fitici Oyun \u00d6rt\u00fcs\u00fc Hal\u0131s\u0131 150cm Tekrar Y\u0131kanabilir<\/h1>\n<p>&nbsp;<\/p>\n<ul class=\"detail-desc-list two-columns\">\n<li>\u00c7ocuklar\u0131n\u0131z\u0131n hayal d\u00fcnyas\u0131n\u0131 canland\u0131rmak ve el yeteneklerini, \u00fcreticili\u011fini \u00f6zg\u00fcrce ifade etmelerine olanak tan\u0131mak i\u00e7in tasarlanm\u0131\u015f boyama \u00f6rt\u00fcs\u00fc seti ile tan\u0131\u015f\u0131n! Bu \u00f6zel seti 100cm x 150cm boyutlar\u0131ndaki \u00f6zel olarak form\u00fcle edilmi\u015f zemine su ve boya ge\u00e7irmez \u00f6rt\u00fc boyama sonras\u0131 makinada y\u0131kanabilir.<\/li>\n<li>Y\u0131kama sonras\u0131 temiz y\u00fczey ile yeniden boyanabilir.<\/li>\n<li>\u00c7ocuklar\u0131n\u0131z\u0131n yemek zamanlar\u0131nda telefon, tablet yerine boyama \u00f6rt\u00fcs\u00fc ile u\u011fra\u015fmalar\u0131, annelerin yemeklerini daha rahat yedirme anlar\u0131n\u0131 daha keyifli hale getirebilir.<\/li>\n<li>E\u011fitici ve E\u011flenceli: \u00d6\u011fretici Boyama \u00d6rt\u00fcs\u00fc, \u00e7ocuklar\u0131n hayvan fig\u00fcrlerini boyarken hem e\u011flendikleri hem de \u00f6\u011frendikleri bir platform sunar.<\/li>\n<li>Her hayvan fig\u00fcr\u00fc, \u0130ngilizce ad\u0131yla beraber belirtilmi\u015ftir, b\u00f6ylece \u00e7ocuklar yeni kelimeler \u00f6\u011frenirken e\u011flenceli vakit ge\u00e7irirler.<\/li>\n<li>i\u00e7erisinde 30 farkl\u0131 hayvan\u0131 bar\u0131nd\u0131rarak ayn\u0131 anda 8 \u00e7ocu\u011fun boyama yapabilece\u011fi geni\u015f bir alan sunar.<\/li>\n<li>\u00d6rt\u00fc \u00fczerinde bulunan asma aparat\u0131 sayesinde duvara sabitlenebilir ve boyama i\u015flemi ger\u00e7ekle\u015febilir.<\/li>\n<li>Boya ve \u00f6rt\u00fc: \u00d6zel olarak form\u00fcle edilen \u00f6rt\u00fc, \u00e7ocuk sa\u011fl\u0131\u011f\u0131na zarar vermeden kullan\u0131labilir.<\/li>\n<li>Zararl\u0131 olmayan ve \u00e7\u0131kar\u0131labilir boyalar sayesinde \u00e7ocuklar \u00f6zg\u00fcrce boyama yapabilir.<\/li>\n<li>Dayan\u0131kl\u0131 uzun \u00f6m\u00fcrl\u00fc: Kaliteli su ge\u00e7irmez \u00f6rt\u00fc, masan\u0131n veya zeminin korunmas\u0131n\u0131 sa\u011flayan dayan\u0131kl\u0131 bir y\u00fczey sunar.<\/li>\n<li>Katlamas\u0131 kolay yer kaplamayan ve \u00fct\u00fclenebilir.<\/li>\n<li>Kolay Temizlik: Boyama bitti\u011finde, \u00f6rt\u00fcy\u00fc 15 dakikal\u0131k k\u0131sa program ile y\u0131kamak yeterlidir.<\/li>\n<li>B\u00f6ylece \u00e7ocu\u011funuz her defas\u0131nda temiz bir \u00f6rt\u00fc ile yeni bir boyama deneyimi ya\u015far.<\/li>\n<li>Konsantrasyon Geli\u015ftirme: Orta boyutu ve detayl\u0131 hayvan fig\u00fcrleri, \u00e7ocuklar\u0131n dikkatlerini odaklamalar\u0131n\u0131 ve konsantrasyon becerilerini geli\u015ftirir.<\/li>\n<li>Kullan\u0131labilen ve y\u0131kanabilen boyalar: y\u0131kanabilen ke\u00e7eli kalemlerin tamam\u0131 ve su bazl\u0131 y\u0131kanabilir sulu boyalar ile farkl\u0131 kullan\u0131m se\u00e7ene\u011fi sa\u011fl\u0131yor.<\/li>\n<\/ul>\n","protected":false},"excerpt":{"rendered":"<p>KIDS<\/p>\n","protected":false},"featured_media":15817,"comment_status":"open","ping_status":"closed","template":"","meta":[],"product_brand":[],"product_cat":[783],"product_tag":[],"class_list":{"0":"post-15814","1":"product","2":"type-product","3":"status-publish","4":"has-post-thumbnail","6":"product_cat-bebek-cocuk-aktivite-gerecleri","8":"first","9":"instock","10":"shipping-taxable","11":"purchasable","12":"product-type-simple"},"aioseo_notices":[],"_links":{"self":[{"href":"https:\/\/flytechltd.com\/en\/wp-json\/wp\/v2\/product\/15814","targetHints":{"allow":["GET"]}}],"collection":[{"href":"https:\/\/flytechltd.com\/en\/wp-json\/wp\/v2\/product"}],"about":[{"href":"https:\/\/flytechltd.com\/en\/wp-json\/wp\/v2\/types\/product"}],"replies":[{"embeddable":true,"href":"https:\/\/flytechltd.com\/en\/wp-json\/wp\/v2\/comments?post=15814"}],"version-history":[{"count":0,"href":"https:\/\/flytechltd.com\/en\/wp-json\/wp\/v2\/product\/15814\/revisions"}],"wp:featuredmedia":[{"embeddable":true,"href":"https:\/\/flytechltd.com\/en\/wp-json\/wp\/v2\/media\/15817"}],"wp:attachment":[{"href":"https:\/\/flytechltd.com\/en\/wp-json\/wp\/v2\/media?parent=15814"}],"wp:term":[{"taxonomy":"product_brand","embeddable":true,"href":"https:\/\/flytechltd.com\/en\/wp-json\/wp\/v2\/product_brand?post=15814"},{"taxonomy":"product_cat","embeddable":true,"href":"https:\/\/flytechltd.com\/en\/wp-json\/wp\/v2\/product_cat?post=15814"},{"taxonomy":"product_tag","embeddable":true,"href":"https:\/\/flytechltd.com\/en\/wp-json\/wp\/v2\/product_tag?post=15814"}],"curies":[{"name":"wp","href":"https:\/\/api.w.org\/{rel}","templated":true}]}}