{"id":15841,"date":"2025-03-12T12:53:55","date_gmt":"2025-03-12T12:53:55","guid":{"rendered":"https:\/\/flytechltd.com\/?post_type=product&#038;p=15841"},"modified":"2025-03-13T12:12:57","modified_gmt":"2025-03-13T12:12:57","slug":"imou-cell-ipc-k9ep-3t0te-eu-3mp","status":"publish","type":"product","link":"https:\/\/flytechltd.com\/en\/p\/imou-cell-ipc-k9ep-3t0te-eu-3mp\/","title":{"rendered":"Imou Cell IPC-K9EP-3T0TE-EU 3MP"},"content":{"rendered":"<p>4G LTE \u015febekesiyle kurulan Cell PT 4G, tek bir \u015farjla neredeyse 365 g\u00fcne kadar kapsaml\u0131 ev korumas\u0131 sa\u011flayan %100 kablosuz, \u015farj edilebilir bir kamerad\u0131r. 2K, IP66 Hava Ko\u015fullar\u0131na Dayan\u0131kl\u0131 Cell PT d\u0131\u015f mekan, evinizin her k\u00f6\u015fesini g\u00f6rebilmeniz i\u00e7in geni\u015f bir g\u00f6r\u00fc\u015f alan\u0131 sa\u011flar. Dahili mikrofon ve hoparl\u00f6rle donat\u0131lm\u0131\u015f d\u0131\u015f mekan kameras\u0131, herkesi dinlemenizi ve konu\u015fman\u0131z\u0131 sa\u011flar. Kolay kablosuz kurulum: G\u00fcvenlik kameran\u0131z\u0131 elektrik kablolar\u0131na ba\u011flaman\u0131za gerek yok. Amazon Alexa ile uyumludur.<\/p>\n<p>3MP QHD Video<br \/>\n2K&#8217;dan daha fazla ayr\u0131nt\u0131 g\u00f6r\u00fcn<\/p>\n<p>4G LTE A\u011f\u0131<br \/>\nG\u00f6r\u00fcnt\u00fc ve video sinyallerini kablosuz olarak iletmek i\u00e7in 4G telefon \u015febekesinde \u00e7al\u0131\u015f\u0131r<\/p>\n<p>15000mAh \u015earj Edilebilir Pil<br \/>\nDC 5V G\u00fc\u00e7 Kayna\u011f\u0131 \u015earj Edilebilir Pil G\u00fcc\u00fc<\/p>\n<p>Siren ve Spot I\u015f\u0131\u011f\u0131<br \/>\nBir davetsiz misafir alg\u0131land\u0131\u011f\u0131nda, kameran\u0131n spot \u0131\u015f\u0131klar\u0131 ve sireni tetiklenir veya olas\u0131 su\u00e7luyu uyarmak i\u00e7in manuel olarak etkinle\u015ftirilir.<\/p>\n<p>PIR+\u0130nsan Alg\u0131lama<br \/>\n\u0130nsanlar\u0131 ve hareket alg\u0131lamay\u0131 ay\u0131rt eder. Daha do\u011fru uyar\u0131lar.<\/p>\n<p>D\u00fc\u015f\u00fck Pil Bildirimleri<br \/>\nPil seviyesi %20, %10&#8217;a d\u00fc\u015ft\u00fc\u011f\u00fcnde sizi bilgilendirir, b\u00f6ylece zaman\u0131nda \u015farj edebilirsiniz.<\/p>\n<p>\u0130ki Y\u00f6nl\u00fc Konu\u015fma<br \/>\nKameran\u0131n \u00f6n\u00fcndeki ki\u015filerle ger\u00e7ek zamanl\u0131 konu\u015fma yaparken de\u011fi\u015fken ses kullanma<\/p>\n<p>Otomatik \u0130zleme<br \/>\nHareketli hedefleri zaman\u0131nda izleme.<\/p>\n<p>Type-C<br \/>\nDaha iyi uyarlanabilirli\u011fe sahip Type-C aray\u00fcz\u00fc.<\/p>\n<p>IP66<br \/>\nD\u0131\u015f mekan ko\u015fullar\u0131 i\u00e7in hava ko\u015fullar\u0131na dayan\u0131kl\u0131<\/p>\n<p>Esnek ve G\u00fcvenli Depolama<br \/>\nyerel depolama i\u00e7in bir mikro SD kart tak\u0131n (256 GB&#8217;a kadar).<\/p>\n<p>G\u00fcne\u015f Paneliyle \u00c7al\u0131\u015f\u0131r<br \/>\nPil \u015farj\u0131 i\u00e7in Imou G\u00fcne\u015f Paneliyle \u00e7al\u0131\u015f\u0131r<\/p>\n<p>\u00d6zellikler:<\/p>\n<p>Kamera<br \/>\n1\/2.8\u201d Progressive CMOS<br \/>\n3MP(2304*1296)<br \/>\nGece G\u00f6r\u00fc\u015f\u00fc: 20m(23ft) Mesafe<br \/>\n3.6mm Sabit Lens<br \/>\nG\u00f6r\u00fc\u015f Alan\u0131: 88\u00b0(H), 45\u00b0(V), 107\u00b0(D), 0~330\u00b0 Pan, 0~90\u00b0 Tilt<br \/>\n15000mAh \u015earj Edilebilir Pil<\/p>\n<p>Video ve Ses<br \/>\nVideo S\u0131k\u0131\u015ft\u0131rma: H.265\/H.264<br \/>\n15fps&#8217;ye Kadar Kare H\u0131z\u0131<br \/>\n8x Dijital Yak\u0131nla\u015ft\u0131rma<br \/>\n\u00c7ift Y\u00f6nl\u00fc Ses<\/p>\n<p>Bildirim Y\u00f6netimi<br \/>\nHareket Alg\u0131lama<br \/>\n\u0130nsan Alg\u0131lama<br \/>\nYap\u0131land\u0131r\u0131labilir B\u00f6lge<br \/>\nPerformans modu<\/p>\n<p>A\u011f<br \/>\nLTE FDD\uff1a<br \/>\nB1\/3\/5\/7\/8\/20\/28<br \/>\nLTE TDD\uff1a<br \/>\nB38\/40\/41<br \/>\n\u0130letim Verileri<br \/>\nLTE FDD\uff08Mbps): 10.3(DL)\/5.1(UL)<br \/>\nLTE TDD\uff08Mbps): 9.1(DL)\/3.1(UL)<br \/>\nImou Uygulamas\u0131: iOS, Android<\/p>\n<p>Yard\u0131mc\u0131 Aray\u00fcz<br \/>\nYerle\u015fik Mikrofon ve Hoparl\u00f6r<br \/>\nA\u00e7ma\/Kapama D\u00fc\u011fmesi<br \/>\nS\u0131f\u0131rlama D\u00fc\u011fmesi<br \/>\nMicro SD Kart Yuvas\u0131 (256 GB&#8217;a kadar)<\/p>\n<p>Depolama<br \/>\nYerel Depolama: SD Kart\uff08256 GB&#8217;a kadar\uff09<br \/>\nBulut Depolama: Imou Abonelik Plan\u0131<\/p>\n<p>Genel<br \/>\nDC 5V 2A G\u00fc\u00e7 \/ Imou G\u00fcne\u015f Paneli Kayna\u011f\u0131<br \/>\nG\u00fc\u00e7 T\u00fcketimi:&lt; 3.5W<br \/>\n\u00c7al\u0131\u015fma S\u0131cakl\u0131\u011f\u0131:-20\u2103~+50\u2103 (-4\u2109~122\u2109)<br \/>\n\u015earj S\u0131cakl\u0131\u011f\u0131:-0\u2103~+45\u2103 (32\u2109~112\u2109)<br \/>\nKamera Boyutlar\u0131: 117*110*142 mm (4,64*4,33*5,59 in\u00e7)<br \/>\nKamera A\u011f\u0131rl\u0131\u011f\u0131: 737 g (1,62 lb)<br \/>\nCE,IC<\/p>\n<p>Kutu i\u00e7eri\u011fi<br \/>\n&#8211; 1x Kamera<br \/>\n&#8211; 1 x G\u00fc\u00e7 Kablosu (1 m)<br \/>\n&#8211; 1x Montaj \u015eablonu<br \/>\n&#8211; 4x Vida<br \/>\n&#8211; 1x H\u0131zl\u0131 Ba\u015flang\u0131\u00e7 \u200b\u200bK\u0131lavuzu<br \/>\n&#8211; 1x Montaj Braketi<br \/>\n&#8211; 4x Geni\u015fletme Vidalar\u0131<\/p>\n","protected":false},"excerpt":{"rendered":"<p>IPC-K9EP-3T0TE-EU<\/p>\n","protected":false},"featured_media":15849,"comment_status":"open","ping_status":"closed","template":"","meta":[],"product_brand":[],"product_cat":[338],"product_tag":[],"class_list":{"0":"post-15841","1":"product","2":"type-product","3":"status-publish","4":"has-post-thumbnail","6":"product_cat-guvenlik-kamerasi","8":"first","9":"instock","10":"sale","11":"shipping-taxable","12":"purchasable","13":"product-type-simple"},"aioseo_notices":[],"_links":{"self":[{"href":"https:\/\/flytechltd.com\/en\/wp-json\/wp\/v2\/product\/15841","targetHints":{"allow":["GET"]}}],"collection":[{"href":"https:\/\/flytechltd.com\/en\/wp-json\/wp\/v2\/product"}],"about":[{"href":"https:\/\/flytechltd.com\/en\/wp-json\/wp\/v2\/types\/product"}],"replies":[{"embeddable":true,"href":"https:\/\/flytechltd.com\/en\/wp-json\/wp\/v2\/comments?post=15841"}],"version-history":[{"count":0,"href":"https:\/\/flytechltd.com\/en\/wp-json\/wp\/v2\/product\/15841\/revisions"}],"wp:featuredmedia":[{"embeddable":true,"href":"https:\/\/flytechltd.com\/en\/wp-json\/wp\/v2\/media\/15849"}],"wp:attachment":[{"href":"https:\/\/flytechltd.com\/en\/wp-json\/wp\/v2\/media?parent=15841"}],"wp:term":[{"taxonomy":"product_brand","embeddable":true,"href":"https:\/\/flytechltd.com\/en\/wp-json\/wp\/v2\/product_brand?post=15841"},{"taxonomy":"product_cat","embeddable":true,"href":"https:\/\/flytechltd.com\/en\/wp-json\/wp\/v2\/product_cat?post=15841"},{"taxonomy":"product_tag","embeddable":true,"href":"https:\/\/flytechltd.com\/en\/wp-json\/wp\/v2\/product_tag?post=15841"}],"curies":[{"name":"wp","href":"https:\/\/api.w.org\/{rel}","templated":true}]}}