{"id":15992,"date":"2025-06-14T13:12:23","date_gmt":"2025-06-14T13:12:23","guid":{"rendered":"https:\/\/flytechltd.com\/?post_type=product&#038;p=15992"},"modified":"2025-06-14T13:12:23","modified_gmt":"2025-06-14T13:12:23","slug":"manyetik-astronot-tws-bluetooth-hoparlor-rgb-isik-kablosuz-sarj","status":"publish","type":"product","link":"https:\/\/flytechltd.com\/en\/p\/manyetik-astronot-tws-bluetooth-hoparlor-rgb-isik-kablosuz-sarj\/","title":{"rendered":"Manyetik Astronot TWS Bluetooth Hoparl\u00f6r RGB I\u015f\u0131k Kablosuz \u015earj"},"content":{"rendered":"<p>1. 360 derece \u00e7ok y\u00f6nl\u00fc ses alan\u0131, s\u00fcper bas\/hibrit stereo ses<br \/>\n2. G\u00fcnl\u00fck kullan\u0131m ihtiya\u00e7lar\u0131n\u0131z\u0131 kar\u015f\u0131lamak i\u00e7in hoparl\u00f6r\/lamba\/cep telefonu stand\u0131 koleksiyonu<br \/>\n3. 40 mm rubidyum m\u0131knat\u0131sl\u0131 hoparl\u00f6rler, zengin ses detaylar\u0131 getiriyor, sadece g\u00fc\u00e7l\u00fc bas de\u011fil, pop klasik enstr\u00fcmanlar sesi, performans benzerlerinden \u00e7ok daha iyi<br \/>\n4. \u00c7e\u015fitli \u00f6nceden ayarlanm\u0131\u015f ayd\u0131nlatma, iste\u011fe g\u00f6re renk de\u011fi\u015fimi ve farkl\u0131 sahnelere uyum sa\u011flamak i\u00e7in \u00e7e\u015fitli ayd\u0131nlatma modlar\u0131<br \/>\n5. TWS, FM, TF kart geni\u015fletme, USB, AUX deste\u011fi<\/p>\n<p>Parametreler:<br \/>\n1. Bluetooth s\u00fcr\u00fcm\u00fc: V5.0<br \/>\n2. I\u015f\u0131k rengi: 7 \u00e7e\u015fit RGB \u0131\u015f\u0131k modu<br \/>\n3. Pil kapasitesi: 1200 mAh \/ 1500 mAh<br \/>\n4. Frekans tepki aral\u0131\u011f\u0131: 60Hz-15KHz<br \/>\n5. \u00c7al\u0131\u015fma voltaj\u0131: 5V<br \/>\n6. G\u00fc\u00e7: 5W<br \/>\n7. Sinyal-g\u00fcr\u00fclt\u00fc oran\u0131: 60dB&#8217;den b\u00fcy\u00fck veya e\u015fit<br \/>\n8. Hoparl\u00f6r say\u0131s\u0131: 1<br \/>\n9. Hoparl\u00f6r ayar modu: d\u00fc\u011fme<br \/>\n10. Kabin malzemesi: plastik<br \/>\n11. G\u00f6r\u00fcn\u00fcm boyutu: 170 x 108 x 205<br \/>\n12. \u00dcr\u00fcn a\u011f\u0131rl\u0131\u011f\u0131: 420g<\/p>\n","protected":false},"excerpt":{"rendered":"<p>1. 360 derece \u00e7ok y\u00f6nl\u00fc ses alan\u0131, s\u00fcper bas\/hibrit stereo ses 2. G\u00fcnl\u00fck kullan\u0131m ihtiya\u00e7lar\u0131n\u0131z\u0131 kar\u015f\u0131lamak i\u00e7in hoparl\u00f6r\/lamba\/cep telefonu stand\u0131<\/p>\n","protected":false},"featured_media":15993,"comment_status":"open","ping_status":"closed","template":"","meta":[],"product_brand":[],"product_cat":[304,310,322,316],"product_tag":[],"class_list":{"0":"post-15992","1":"product","2":"type-product","3":"status-publish","4":"has-post-thumbnail","6":"product_cat-bilgisayar-aksesuarlari","7":"product_cat-hoparlorler","8":"product_cat-tablet-aksesuarlar","9":"product_cat-telefon-aksesuarlar","11":"first","12":"instock","13":"shipping-taxable","14":"purchasable","15":"product-type-simple"},"aioseo_notices":[],"_links":{"self":[{"href":"https:\/\/flytechltd.com\/en\/wp-json\/wp\/v2\/product\/15992","targetHints":{"allow":["GET"]}}],"collection":[{"href":"https:\/\/flytechltd.com\/en\/wp-json\/wp\/v2\/product"}],"about":[{"href":"https:\/\/flytechltd.com\/en\/wp-json\/wp\/v2\/types\/product"}],"replies":[{"embeddable":true,"href":"https:\/\/flytechltd.com\/en\/wp-json\/wp\/v2\/comments?post=15992"}],"version-history":[{"count":0,"href":"https:\/\/flytechltd.com\/en\/wp-json\/wp\/v2\/product\/15992\/revisions"}],"wp:featuredmedia":[{"embeddable":true,"href":"https:\/\/flytechltd.com\/en\/wp-json\/wp\/v2\/media\/15993"}],"wp:attachment":[{"href":"https:\/\/flytechltd.com\/en\/wp-json\/wp\/v2\/media?parent=15992"}],"wp:term":[{"taxonomy":"product_brand","embeddable":true,"href":"https:\/\/flytechltd.com\/en\/wp-json\/wp\/v2\/product_brand?post=15992"},{"taxonomy":"product_cat","embeddable":true,"href":"https:\/\/flytechltd.com\/en\/wp-json\/wp\/v2\/product_cat?post=15992"},{"taxonomy":"product_tag","embeddable":true,"href":"https:\/\/flytechltd.com\/en\/wp-json\/wp\/v2\/product_tag?post=15992"}],"curies":[{"name":"wp","href":"https:\/\/api.w.org\/{rel}","templated":true}]}}