{"id":16081,"date":"2025-07-24T08:24:46","date_gmt":"2025-07-24T08:24:46","guid":{"rendered":"https:\/\/flytechltd.com\/?post_type=product&#038;p=16081"},"modified":"2026-02-26T14:04:52","modified_gmt":"2026-02-26T14:04:52","slug":"cocuklar-icin-sarj-edilebilir-elektrikli-araba-ferrari-beyaz","status":"publish","type":"product","link":"https:\/\/flytechltd.com\/en\/p\/cocuklar-icin-sarj-edilebilir-elektrikli-araba-ferrari-beyaz\/","title":{"rendered":"\u00c7ocuklar \u0130\u00e7in \u015earj Edilebilir Elektrikli Araba Ferrari Beyaz"},"content":{"rendered":"<div class=\"J_module\">\n<div id=\"tl_0\" class=\"magic-0\" data-section=\"AliMagic-ob6qzz\" data-section-title=\"Product Description\">\u00dcr\u00fcn a\u00e7\u0131klamas\u0131<\/div>\n<\/div>\n<div class=\"J_module\">\n<div class=\"ife-detail-decorate-table\">\n<table class=\"all magic-1\">\n<tbody>\n<tr>\n<td colspan=\"1\" rowspan=\"1\">\n<div class=\"magic-2\"><span class=\"magic-3\"><b id=\"tl_1\" class=\"magic-4\">\u00dcr\u00fcn ad\u0131<\/b><\/span><\/div>\n<\/td>\n<td colspan=\"1\" rowspan=\"1\">\n<div id=\"tl_2\" class=\"magic-5\">Ak\u00fcl\u00fc Araba<\/div>\n<\/td>\n<\/tr>\n<tr>\n<td colspan=\"1\" rowspan=\"1\">\n<div class=\"magic-2\"><span class=\"magic-3\"><b id=\"tl_3\" class=\"magic-4\">\u00c7er\u00e7eve<\/b><\/span><\/div>\n<\/td>\n<td colspan=\"1\" rowspan=\"1\">\n<div id=\"tl_4\" class=\"magic-5\">ABS plastik<\/div>\n<\/td>\n<\/tr>\n<tr>\n<td colspan=\"1\" rowspan=\"1\">\n<div class=\"magic-2\"><span class=\"magic-3\"><b id=\"tl_5\" class=\"magic-4\">OEM veya ODM<\/b><\/span><\/div>\n<\/td>\n<td colspan=\"1\" rowspan=\"1\">\n<div id=\"tl_6\" class=\"magic-5\">Mevcut<\/div>\n<\/td>\n<\/tr>\n<tr>\n<td colspan=\"1\" rowspan=\"1\">\n<div class=\"magic-2\"><span class=\"magic-3\"><b id=\"tl_7\" class=\"magic-4\">Renk<\/b><\/span><\/div>\n<\/td>\n<td colspan=\"1\" rowspan=\"1\">\n<div id=\"tl_8\" class=\"magic-5\">K\u0131rm\u0131z\u0131, beyaz, mavi, sar\u0131<\/div>\n<\/td>\n<\/tr>\n<tr>\n<td colspan=\"1\" rowspan=\"1\">\n<div class=\"magic-2\"><span class=\"magic-3\"><b id=\"tl_9\" class=\"magic-4\">Pil<\/b><\/span><\/div>\n<\/td>\n<td colspan=\"1\" rowspan=\"1\">\n<div id=\"tl_10\" class=\"magic-5\">6v * 4ah<\/div>\n<\/td>\n<\/tr>\n<tr>\n<td colspan=\"1\" rowspan=\"1\">\n<div class=\"magic-2\"><span class=\"magic-3\"><b id=\"tl_11\" class=\"magic-4\">Motor<\/b><\/span><\/div>\n<\/td>\n<td colspan=\"1\" rowspan=\"1\">\n<div class=\"magic-5\">380*2<\/div>\n<\/td>\n<\/tr>\n<tr>\n<td colspan=\"1\" rowspan=\"1\">\n<div class=\"magic-2\"><span class=\"magic-3\"><b id=\"tl_12\" class=\"magic-4\">\u015earj s\u00fcresi<\/b><\/span><\/div>\n<\/td>\n<td colspan=\"1\" rowspan=\"1\">\n<div id=\"tl_13\" class=\"magic-5\">6-8 saat<\/div>\n<\/td>\n<\/tr>\n<tr>\n<td colspan=\"1\" rowspan=\"1\">\n<div class=\"magic-2\"><span class=\"magic-3\"><b id=\"tl_14\" class=\"magic-4\">Maksimum y\u00fck<\/b><\/span><\/div>\n<\/td>\n<td colspan=\"1\" rowspan=\"1\">\n<div id=\"tl_15\" class=\"magic-5\">30 KG<\/div>\n<\/td>\n<\/tr>\n<tr>\n<td colspan=\"1\" rowspan=\"1\">\n<div class=\"magic-2\"><span class=\"magic-3\"><b id=\"tl_16\" class=\"magic-4\">\u00dcr\u00fcn boyutu<\/b><\/span><\/div>\n<\/td>\n<td colspan=\"1\" rowspan=\"1\">\n<div id=\"tl_17\" class=\"magic-5\">100x56x42cm<\/div>\n<\/td>\n<\/tr>\n<tr>\n<td colspan=\"1\" rowspan=\"1\">\n<div class=\"magic-2\"><span class=\"magic-3\"><b id=\"tl_18\" class=\"magic-4\">Karton boyutu<\/b><\/span><\/div>\n<\/td>\n<td colspan=\"1\" rowspan=\"1\">\n<div id=\"tl_19\" class=\"magic-5\">101x55x27.5cm<\/div>\n<\/td>\n<\/tr>\n<tr>\n<td colspan=\"1\" rowspan=\"1\">\n<div class=\"magic-2\"><span class=\"magic-3\"><b id=\"tl_20\" class=\"magic-4\">N.W:<\/b><\/span><\/div>\n<\/td>\n<td colspan=\"1\" rowspan=\"1\">\n<div id=\"tl_21\" class=\"magic-5\">10 KG<\/div>\n<\/td>\n<\/tr>\n<tr>\n<td colspan=\"1\" rowspan=\"1\">\n<div class=\"magic-2\"><span class=\"magic-3\"><b id=\"tl_22\" class=\"magic-4\">G.W<\/b><\/span><\/div>\n<\/td>\n<td colspan=\"1\" rowspan=\"1\">\n<div id=\"tl_23\" class=\"magic-5\">12 KG<\/div>\n<\/td>\n<\/tr>\n<tr>\n<td colspan=\"1\" rowspan=\"1\">\n<div class=\"magic-2\">\n<div class=\"magic-6\" data-spm-anchor-id=\"0.0.0.i33.14f04f05Cw4Qgw\"><\/div>\n<div class=\"magic-7\" data-spm-anchor-id=\"0.0.0.i33.14f04f05Cw4Qgw\"><span class=\"magic-3\"><b id=\"tl_24\" class=\"magic-4\" data-spm-anchor-id=\"0.0.0.i42.14f04f05yXBoOb\">T\u00fcy<\/b><\/span><\/div>\n<\/div>\n<\/td>\n<td colspan=\"1\" rowspan=\"1\">\n<div id=\"tl_25\" class=\"magic-5\" data-spm-anchor-id=\"a2700.details-description.0.i0.45d9PaRsPaRsLr\">Ileri ve geri, m\u00fczik, \u0131\u015f\u0131klar, arka tekerlek s\u00fcspansiyonu, erken e\u011fitim fonksiyonu, m\u00fczik, hikaye, \u0130ngilizce, pil ekran, USB portu, MP3 portu<\/div>\n<\/td>\n<\/tr>\n<\/tbody>\n<\/table>\n<\/div>\n<\/div>\n<div class=\"J_module\">\n<div id=\"tl_26\" class=\"magic-0\" data-section=\"AliMagic-2ysyd9\" data-section-title=\"Details Images\" data-spm-anchor-id=\"a2700.details-description.0.i1.45d9PaRsPaRsLr\">\n<div class=\"id-text-sm id-p-4 id-bg-[#f8f8f8] id-flex id-items-center\" title=\"Age Range\">\n<div class=\"id-line-clamp-2 id-leading-[18px]\">\n<div class=\"id-text-sm id-p-4 id-bg-[#f8f8f8] id-flex id-items-center\" title=\"Age Range\">\n<div class=\"id-line-clamp-2 id-leading-[18px]\">Age Range<\/div>\n<\/div>\n<div class=\"id-text-sm id-font-medium id-p-4 id-flex id-items-center id-flex-wrap\" title=\"2 to 4 Years, 5 to 7 years, 8 to 13 Years\" data-spm-anchor-id=\"a2700.details.0.i109.47837f49dWMeqT\">\n<div class=\"id-line-clamp-2 id-leading-[18px]\">2 to 7 years<\/div>\n<\/div>\n<\/div>\n<\/div>\n<\/div>\n<\/div>\n","protected":false},"excerpt":{"rendered":"<p>\u00dcr\u00fcn a\u00e7\u0131klamas\u0131 \u00dcr\u00fcn ad\u0131 Ak\u00fcl\u00fc Araba \u00c7er\u00e7eve ABS plastik OEM veya ODM Mevcut Renk K\u0131rm\u0131z\u0131, beyaz, mavi, sar\u0131 Pil 6v<\/p>\n","protected":false},"featured_media":16057,"comment_status":"open","ping_status":"closed","template":"","meta":[],"product_brand":[],"product_cat":[786,788],"product_tag":[],"class_list":{"0":"post-16081","1":"product","2":"type-product","3":"status-publish","4":"has-post-thumbnail","6":"product_cat-bebek-cocuk-aksesuar","7":"product_cat-cocuk-akulu-araba-bisiklet-scooter","9":"first","10":"instock","11":"shipping-taxable","12":"purchasable","13":"product-type-simple"},"aioseo_notices":[],"_links":{"self":[{"href":"https:\/\/flytechltd.com\/en\/wp-json\/wp\/v2\/product\/16081","targetHints":{"allow":["GET"]}}],"collection":[{"href":"https:\/\/flytechltd.com\/en\/wp-json\/wp\/v2\/product"}],"about":[{"href":"https:\/\/flytechltd.com\/en\/wp-json\/wp\/v2\/types\/product"}],"replies":[{"embeddable":true,"href":"https:\/\/flytechltd.com\/en\/wp-json\/wp\/v2\/comments?post=16081"}],"version-history":[{"count":0,"href":"https:\/\/flytechltd.com\/en\/wp-json\/wp\/v2\/product\/16081\/revisions"}],"wp:featuredmedia":[{"embeddable":true,"href":"https:\/\/flytechltd.com\/en\/wp-json\/wp\/v2\/media\/16057"}],"wp:attachment":[{"href":"https:\/\/flytechltd.com\/en\/wp-json\/wp\/v2\/media?parent=16081"}],"wp:term":[{"taxonomy":"product_brand","embeddable":true,"href":"https:\/\/flytechltd.com\/en\/wp-json\/wp\/v2\/product_brand?post=16081"},{"taxonomy":"product_cat","embeddable":true,"href":"https:\/\/flytechltd.com\/en\/wp-json\/wp\/v2\/product_cat?post=16081"},{"taxonomy":"product_tag","embeddable":true,"href":"https:\/\/flytechltd.com\/en\/wp-json\/wp\/v2\/product_tag?post=16081"}],"curies":[{"name":"wp","href":"https:\/\/api.w.org\/{rel}","templated":true}]}}