{"id":16105,"date":"2025-07-24T08:32:38","date_gmt":"2025-07-24T08:32:38","guid":{"rendered":"https:\/\/flytechltd.com\/?post_type=product&#038;p=16105"},"modified":"2026-04-09T19:11:18","modified_gmt":"2026-04-09T19:11:18","slug":"scooter-muzik-ve-isikli-mavi","status":"publish","type":"product","link":"https:\/\/flytechltd.com\/en\/p\/scooter-muzik-ve-isikli-mavi\/","title":{"rendered":"Scooter M\u00fczik ve I\u015f\u0131kl\u0131 Mavi"},"content":{"rendered":"<div class=\"J_module\">\n<div id=\"tl_0\" class=\"magic-0\" data-section=\"AliMagic-rxin4w\" data-section-title=\"Product Description\">\u00dcr\u00fcn a\u00e7\u0131klamas\u0131<\/div>\n<\/div>\n<div class=\"J_module\">\n<div class=\"ife-detail-decorate-table\">\n<table class=\"all magic-1\">\n<tbody>\n<tr>\n<td colspan=\"1\" rowspan=\"1\">\n<div id=\"tl_1\" class=\"magic-2\">\u00dcr\u00fcn ad\u0131<\/div>\n<\/td>\n<td colspan=\"1\" rowspan=\"1\">\n<div id=\"tl_2\" class=\"magic-3\">\u00c7ocuklar i\u00e7in scooter<\/div>\n<\/td>\n<\/tr>\n<tr>\n<td colspan=\"1\" rowspan=\"1\">\n<div id=\"tl_3\" class=\"magic-2\">\u00c7er\u00e7eve<\/div>\n<\/td>\n<td colspan=\"1\" rowspan=\"1\">\n<div id=\"tl_4\" class=\"magic-3\">T\u00fcm al\u00fcminyum kutup + ABS plastik + PU tekerlekler<\/div>\n<\/td>\n<\/tr>\n<tr>\n<td colspan=\"1\" rowspan=\"1\">\n<div id=\"tl_5\" class=\"magic-2\">Boyut<\/div>\n<\/td>\n<td colspan=\"1\" rowspan=\"1\">\n<div id=\"tl_6\" class=\"magic-3\">58*26 *(60-90)cm<\/div>\n<\/td>\n<\/tr>\n<tr>\n<td colspan=\"1\" rowspan=\"1\">\n<div id=\"tl_7\" class=\"magic-2\">Fren<\/div>\n<\/td>\n<td colspan=\"1\" rowspan=\"1\">\n<div id=\"tl_8\" class=\"magic-3\">Ayak freni<\/div>\n<\/td>\n<\/tr>\n<tr>\n<td colspan=\"1\" rowspan=\"1\">\n<div id=\"tl_9\" class=\"magic-2\">Renk<\/div>\n<\/td>\n<td colspan=\"1\" rowspan=\"1\">\n<div id=\"tl_10\" class=\"magic-3\">K\u0131rm\u0131z\u0131, mavi, pembe, grafiti<\/div>\n<\/td>\n<\/tr>\n<tr>\n<td colspan=\"1\" rowspan=\"1\">\n<div id=\"tl_11\" class=\"magic-2\">\u00d6n lastik<\/div>\n<\/td>\n<td colspan=\"1\" rowspan=\"1\">\n<div id=\"tl_12\" class=\"magic-3\">120*35mm<\/div>\n<\/td>\n<\/tr>\n<tr>\n<td colspan=\"1\" rowspan=\"1\">\n<div id=\"tl_13\" class=\"magic-2\">Arka lastik<\/div>\n<\/td>\n<td colspan=\"1\" rowspan=\"1\">\n<div id=\"tl_14\" class=\"magic-3\">80*24mm<\/div>\n<\/td>\n<\/tr>\n<tr>\n<td colspan=\"1\" rowspan=\"1\">\n<div id=\"tl_15\" class=\"magic-2\">Lastik tipi<\/div>\n<\/td>\n<td colspan=\"1\" rowspan=\"1\">\n<div id=\"tl_16\" class=\"magic-3\">PU hafif tekerlekler<\/div>\n<\/td>\n<\/tr>\n<tr>\n<td colspan=\"1\" rowspan=\"1\">\n<div id=\"tl_17\" class=\"magic-2\">Maksimum y\u00fck<\/div>\n<\/td>\n<td colspan=\"1\" rowspan=\"1\">\n<div id=\"tl_18\" class=\"magic-3\">100 KG<\/div>\n<\/td>\n<\/tr>\n<tr>\n<td colspan=\"1\" rowspan=\"1\">\n<div id=\"tl_19\" class=\"magic-2\">Uygun ya\u015f<\/div>\n<\/td>\n<td colspan=\"1\" rowspan=\"1\">\n<div id=\"tl_20\" class=\"magic-3\">3-15 ya\u015f\u0131nda \u00e7ocuklar<\/div>\n<\/td>\n<\/tr>\n<tr>\n<td colspan=\"1\" rowspan=\"1\">\n<div id=\"tl_21\" class=\"magic-2\">Ambalaj<\/div>\n<\/td>\n<td colspan=\"1\" rowspan=\"1\">\n<div id=\"tl_22\" class=\"magic-3\">1 adet\/renk kutusu, 6 adet\/karton<\/div>\n<\/td>\n<\/tr>\n<tr>\n<td colspan=\"1\" rowspan=\"1\">\n<div id=\"tl_23\" class=\"magic-2\">Karton boyutu<\/div>\n<\/td>\n<td colspan=\"1\" rowspan=\"1\">\n<div id=\"tl_24\" class=\"magic-3\">59*47*59cm<\/div>\n<\/td>\n<\/tr>\n<tr>\n<td colspan=\"1\" rowspan=\"1\">\n<div id=\"tl_25\" class=\"magic-2\">N.W:<\/div>\n<\/td>\n<td colspan=\"1\" rowspan=\"1\">\n<div id=\"tl_26\" class=\"magic-3\">19 KG<\/div>\n<\/td>\n<\/tr>\n<tr>\n<td colspan=\"1\" rowspan=\"1\">\n<div id=\"tl_27\" class=\"magic-2\">G.W<\/div>\n<\/td>\n<td colspan=\"1\" rowspan=\"1\">\n<div id=\"tl_28\" class=\"magic-3\">21 KG<\/div>\n<\/td>\n<\/tr>\n<\/tbody>\n<\/table>\n<\/div>\n<\/div>\n<div class=\"J_module\">\n<div id=\"tl_29\" class=\"magic-0\" data-section=\"AliMagic-jxid43\" data-section-title=\"Details Images\" data-spm-anchor-id=\"a2700.details-description.0.i0.d7c09ed09ed0Dj\"><\/div>\n<\/div>\n","protected":false},"excerpt":{"rendered":"<p>\u00dcr\u00fcn a\u00e7\u0131klamas\u0131 \u00dcr\u00fcn ad\u0131 \u00c7ocuklar i\u00e7in scooter \u00c7er\u00e7eve T\u00fcm al\u00fcminyum kutup + ABS plastik + PU tekerlekler Boyut 58*26 *(60-90)cm<\/p>\n","protected":false},"featured_media":16085,"comment_status":"open","ping_status":"closed","template":"","meta":[],"product_brand":[],"product_cat":[788],"product_tag":[],"class_list":{"0":"post-16105","1":"product","2":"type-product","3":"status-publish","4":"has-post-thumbnail","6":"product_cat-cocuk-akulu-araba-bisiklet-scooter","8":"first","9":"instock","10":"shipping-taxable","11":"purchasable","12":"product-type-simple"},"aioseo_notices":[],"_links":{"self":[{"href":"https:\/\/flytechltd.com\/en\/wp-json\/wp\/v2\/product\/16105","targetHints":{"allow":["GET"]}}],"collection":[{"href":"https:\/\/flytechltd.com\/en\/wp-json\/wp\/v2\/product"}],"about":[{"href":"https:\/\/flytechltd.com\/en\/wp-json\/wp\/v2\/types\/product"}],"replies":[{"embeddable":true,"href":"https:\/\/flytechltd.com\/en\/wp-json\/wp\/v2\/comments?post=16105"}],"version-history":[{"count":0,"href":"https:\/\/flytechltd.com\/en\/wp-json\/wp\/v2\/product\/16105\/revisions"}],"wp:featuredmedia":[{"embeddable":true,"href":"https:\/\/flytechltd.com\/en\/wp-json\/wp\/v2\/media\/16085"}],"wp:attachment":[{"href":"https:\/\/flytechltd.com\/en\/wp-json\/wp\/v2\/media?parent=16105"}],"wp:term":[{"taxonomy":"product_brand","embeddable":true,"href":"https:\/\/flytechltd.com\/en\/wp-json\/wp\/v2\/product_brand?post=16105"},{"taxonomy":"product_cat","embeddable":true,"href":"https:\/\/flytechltd.com\/en\/wp-json\/wp\/v2\/product_cat?post=16105"},{"taxonomy":"product_tag","embeddable":true,"href":"https:\/\/flytechltd.com\/en\/wp-json\/wp\/v2\/product_tag?post=16105"}],"curies":[{"name":"wp","href":"https:\/\/api.w.org\/{rel}","templated":true}]}}