{"id":16120,"date":"2025-07-24T08:36:50","date_gmt":"2025-07-24T08:36:50","guid":{"rendered":"https:\/\/flytechltd.com\/?post_type=product&#038;p=16120"},"modified":"2026-03-26T17:20:10","modified_gmt":"2026-03-26T17:20:10","slug":"denge-bisikleti-kirmizi","status":"publish","type":"product","link":"https:\/\/flytechltd.com\/en\/p\/denge-bisikleti-kirmizi\/","title":{"rendered":"Denge Bisikleti K\u0131rm\u0131z\u0131"},"content":{"rendered":"<div class=\"J_module\">\n<div id=\"tl_0\" class=\"magic-0\" data-section=\"AliMagic-z40z8q\" data-section-title=\"Product Description\">\u00dcr\u00fcn a\u00e7\u0131klamas\u0131<\/div>\n<\/div>\n<div class=\"J_module\">\n<div class=\"ife-detail-decorate-table\">\n<table class=\"all magic-1\">\n<tbody>\n<tr>\n<td colspan=\"1\" rowspan=\"1\">\n<div id=\"tl_1\" class=\"magic-2\">Boyut<\/div>\n<\/td>\n<td colspan=\"1\" rowspan=\"1\">\n<div id=\"tl_2\" class=\"magic-3\">12 in\u00e7<\/div>\n<\/td>\n<\/tr>\n<tr>\n<td colspan=\"1\" rowspan=\"1\">\n<div id=\"tl_3\" class=\"magic-2\">Renk<\/div>\n<\/td>\n<td colspan=\"1\" rowspan=\"1\">\n<div id=\"tl_4\" class=\"magic-3\">Siyah, mavi, k\u0131rm\u0131z\u0131, pembe<\/div>\n<\/td>\n<\/tr>\n<tr>\n<td colspan=\"1\" rowspan=\"1\">\n<div id=\"tl_5\" class=\"magic-2\">\u00c7er\u00e7eve<\/div>\n<\/td>\n<td colspan=\"1\" rowspan=\"1\">\n<div id=\"tl_6\" class=\"magic-3\">Magnezyum ala\u015f\u0131ml\u0131 \u00e7er\u00e7eve\/al\u00fcminyum ala\u015f\u0131ml\u0131\/y\u00fcksek karbonlu \u00e7elik<\/div>\n<\/td>\n<\/tr>\n<tr>\n<td colspan=\"1\" rowspan=\"1\">\n<div id=\"tl_7\" class=\"magic-2\">Lastik<\/div>\n<\/td>\n<td colspan=\"1\" rowspan=\"1\">\n<div id=\"tl_8\" class=\"magic-3\">Pn\u00f6matik tekerlek\/\u015fi\u015fme tekerlek\/EVA lastik<\/div>\n<\/td>\n<\/tr>\n<tr>\n<td colspan=\"1\" rowspan=\"1\">\n<div id=\"tl_9\" class=\"magic-2\">Tekerlek g\u00f6be\u011fi<\/div>\n<\/td>\n<td colspan=\"1\" rowspan=\"1\">\n<div id=\"tl_10\" class=\"magic-3\">Magnezyum ala\u015f\u0131ml\u0131 jant\/al\u00fcminyum ala\u015f\u0131ml\u0131 tekerlekli<\/div>\n<\/td>\n<\/tr>\n<tr>\n<td colspan=\"1\" rowspan=\"1\">\n<div id=\"tl_11\" class=\"magic-2\">N.W<\/div>\n<\/td>\n<td colspan=\"1\" rowspan=\"1\">\n<div id=\"tl_12\" class=\"magic-3\">2.9 KG<\/div>\n<\/td>\n<\/tr>\n<tr>\n<td colspan=\"1\" rowspan=\"1\">\n<div id=\"tl_13\" class=\"magic-2\">G.W<\/div>\n<\/td>\n<td colspan=\"1\" rowspan=\"1\">\n<div id=\"tl_14\" class=\"magic-3\">3.3 KG<\/div>\n<\/td>\n<\/tr>\n<tr>\n<td colspan=\"1\" rowspan=\"1\">\n<div id=\"tl_15\" class=\"magic-2\">Maksimum y\u00fck<\/div>\n<\/td>\n<td colspan=\"1\" rowspan=\"1\">\n<div id=\"tl_16\" class=\"magic-3\">50 KG<\/div>\n<\/td>\n<\/tr>\n<tr>\n<td colspan=\"1\" rowspan=\"1\">\n<div id=\"tl_17\" class=\"magic-2\">Uygun ya\u015f<\/div>\n<\/td>\n<td colspan=\"1\" rowspan=\"1\">\n<div id=\"tl_18\" class=\"magic-3\">2-6 ya\u015f\u0131nda \u00e7ocuklar<\/div>\n<\/td>\n<\/tr>\n<tr>\n<td colspan=\"1\" rowspan=\"1\">\n<div id=\"tl_19\" class=\"magic-2\">Uygun y\u00fckseklik<\/div>\n<\/td>\n<td colspan=\"1\" rowspan=\"1\">\n<div id=\"tl_20\" class=\"magic-3\" data-spm-anchor-id=\"a2700.details-description.0.i0.5b93Se9RSe9Rq8\">80-130 cm<\/div>\n<\/td>\n<\/tr>\n<tr>\n<td colspan=\"1\" rowspan=\"1\">\n<div id=\"tl_21\" class=\"magic-2\">Ambalaj boyutu<\/div>\n<\/td>\n<td colspan=\"1\" rowspan=\"1\">\n<div id=\"tl_22\" class=\"magic-3\">59*16*30 cm<\/div>\n<\/td>\n<\/tr>\n<tr>\n<td colspan=\"1\" rowspan=\"1\">\n<div id=\"tl_23\" class=\"magic-2\">T\u00fcr<\/div>\n<\/td>\n<td colspan=\"1\" rowspan=\"1\">\n<div id=\"tl_24\" class=\"magic-3\">E\u011fitim \u00e7ocuk dengesi<\/div>\n<\/td>\n<\/tr>\n<\/tbody>\n<\/table>\n<\/div>\n<\/div>\n<div class=\"J_module\">\n<div id=\"tl_25\" class=\"magic-0\" data-section=\"AliMagic-t7if3h\" data-section-title=\"Details Images\"><\/div>\n<\/div>\n","protected":false},"excerpt":{"rendered":"<p>\u00dcr\u00fcn a\u00e7\u0131klamas\u0131 Boyut 12 in\u00e7 Renk Siyah, mavi, k\u0131rm\u0131z\u0131, pembe \u00c7er\u00e7eve Magnezyum ala\u015f\u0131ml\u0131 \u00e7er\u00e7eve\/al\u00fcminyum ala\u015f\u0131ml\u0131\/y\u00fcksek karbonlu \u00e7elik Lastik Pn\u00f6matik tekerlek\/\u015fi\u015fme<\/p>\n","protected":false},"featured_media":16111,"comment_status":"open","ping_status":"closed","template":"","meta":[],"product_brand":[],"product_cat":[788],"product_tag":[],"class_list":{"0":"post-16120","1":"product","2":"type-product","3":"status-publish","4":"has-post-thumbnail","6":"product_cat-cocuk-akulu-araba-bisiklet-scooter","8":"first","9":"instock","10":"shipping-taxable","11":"purchasable","12":"product-type-simple"},"aioseo_notices":[],"_links":{"self":[{"href":"https:\/\/flytechltd.com\/en\/wp-json\/wp\/v2\/product\/16120","targetHints":{"allow":["GET"]}}],"collection":[{"href":"https:\/\/flytechltd.com\/en\/wp-json\/wp\/v2\/product"}],"about":[{"href":"https:\/\/flytechltd.com\/en\/wp-json\/wp\/v2\/types\/product"}],"replies":[{"embeddable":true,"href":"https:\/\/flytechltd.com\/en\/wp-json\/wp\/v2\/comments?post=16120"}],"version-history":[{"count":0,"href":"https:\/\/flytechltd.com\/en\/wp-json\/wp\/v2\/product\/16120\/revisions"}],"wp:featuredmedia":[{"embeddable":true,"href":"https:\/\/flytechltd.com\/en\/wp-json\/wp\/v2\/media\/16111"}],"wp:attachment":[{"href":"https:\/\/flytechltd.com\/en\/wp-json\/wp\/v2\/media?parent=16120"}],"wp:term":[{"taxonomy":"product_brand","embeddable":true,"href":"https:\/\/flytechltd.com\/en\/wp-json\/wp\/v2\/product_brand?post=16120"},{"taxonomy":"product_cat","embeddable":true,"href":"https:\/\/flytechltd.com\/en\/wp-json\/wp\/v2\/product_cat?post=16120"},{"taxonomy":"product_tag","embeddable":true,"href":"https:\/\/flytechltd.com\/en\/wp-json\/wp\/v2\/product_tag?post=16120"}],"curies":[{"name":"wp","href":"https:\/\/api.w.org\/{rel}","templated":true}]}}