{"id":16344,"date":"2025-07-24T10:47:54","date_gmt":"2025-07-24T10:47:54","guid":{"rendered":"https:\/\/flytechltd.com\/?post_type=product&#038;p=16344"},"modified":"2025-11-30T18:42:04","modified_gmt":"2025-11-30T18:42:04","slug":"gokkusagi-piyano-oyun-mati","status":"publish","type":"product","link":"https:\/\/flytechltd.com\/en\/p\/gokkusagi-piyano-oyun-mati\/","title":{"rendered":"G\u00f6kku\u015fa\u011f\u0131 Piyano Oyun Mat\u0131"},"content":{"rendered":"","protected":false},"excerpt":{"rendered":"<p>HE-0652<\/p>\n","protected":false},"featured_media":16353,"comment_status":"open","ping_status":"closed","template":"","meta":[],"product_brand":[],"product_cat":[782,783],"product_tag":[],"class_list":{"0":"post-16344","1":"product","2":"type-product","3":"status-publish","4":"has-post-thumbnail","6":"product_cat-bebek-cocuk","7":"product_cat-bebek-cocuk-aktivite-gerecleri","9":"first","10":"instock","11":"shipping-taxable","12":"purchasable","13":"product-type-simple"},"aioseo_notices":[],"_links":{"self":[{"href":"https:\/\/flytechltd.com\/en\/wp-json\/wp\/v2\/product\/16344","targetHints":{"allow":["GET"]}}],"collection":[{"href":"https:\/\/flytechltd.com\/en\/wp-json\/wp\/v2\/product"}],"about":[{"href":"https:\/\/flytechltd.com\/en\/wp-json\/wp\/v2\/types\/product"}],"replies":[{"embeddable":true,"href":"https:\/\/flytechltd.com\/en\/wp-json\/wp\/v2\/comments?post=16344"}],"version-history":[{"count":0,"href":"https:\/\/flytechltd.com\/en\/wp-json\/wp\/v2\/product\/16344\/revisions"}],"wp:featuredmedia":[{"embeddable":true,"href":"https:\/\/flytechltd.com\/en\/wp-json\/wp\/v2\/media\/16353"}],"wp:attachment":[{"href":"https:\/\/flytechltd.com\/en\/wp-json\/wp\/v2\/media?parent=16344"}],"wp:term":[{"taxonomy":"product_brand","embeddable":true,"href":"https:\/\/flytechltd.com\/en\/wp-json\/wp\/v2\/product_brand?post=16344"},{"taxonomy":"product_cat","embeddable":true,"href":"https:\/\/flytechltd.com\/en\/wp-json\/wp\/v2\/product_cat?post=16344"},{"taxonomy":"product_tag","embeddable":true,"href":"https:\/\/flytechltd.com\/en\/wp-json\/wp\/v2\/product_tag?post=16344"}],"curies":[{"name":"wp","href":"https:\/\/api.w.org\/{rel}","templated":true}]}}