{"id":16479,"date":"2025-07-24T11:21:49","date_gmt":"2025-07-24T11:21:49","guid":{"rendered":"https:\/\/flytechltd.com\/?post_type=product&#038;p=16479"},"modified":"2026-03-03T17:39:35","modified_gmt":"2026-03-03T17:39:35","slug":"9872b","status":"publish","type":"product","link":"https:\/\/flytechltd.com\/en\/p\/9872b\/","title":{"rendered":"Oyun Mat\u0131 Klavye Battaniye"},"content":{"rendered":"<p>Yumu\u015fak m\u00fczik dans oyuncak bebek klavyesi m\u00fczikal piyano \u00e7ocuk oyun mat\u0131 \u00e7ocuklar i\u00e7in<\/p>\n<p>\u00dcr\u00fcn \u00f6zellikleri<\/p>\n<p>\u00d6zelli\u011fi 1:\u00c7ekici renk ve g\u00fcvenlik malzemesi<\/p>\n<p>\u00d6zellik 2: m\u00fczik dans katlanabilirKlavye oyun mat\u0131 oyuncaklarBebek i\u00e7in<\/p>\n<p>\u00d6zellik 3: en iyi m\u00fczik ba\u015flatma hediye \u00e7ocuk i\u00e7in oyuncak<\/p>\n<p>Pil: 3 * AA<\/p>\n","protected":false},"excerpt":{"rendered":"<p>9872B<\/p>\n","protected":false},"featured_media":16471,"comment_status":"open","ping_status":"closed","template":"","meta":[],"product_brand":[],"product_cat":[782,783],"product_tag":[],"class_list":{"0":"post-16479","1":"product","2":"type-product","3":"status-publish","4":"has-post-thumbnail","6":"product_cat-bebek-cocuk","7":"product_cat-bebek-cocuk-aktivite-gerecleri","9":"first","10":"instock","11":"shipping-taxable","12":"purchasable","13":"product-type-simple"},"aioseo_notices":[],"_links":{"self":[{"href":"https:\/\/flytechltd.com\/en\/wp-json\/wp\/v2\/product\/16479","targetHints":{"allow":["GET"]}}],"collection":[{"href":"https:\/\/flytechltd.com\/en\/wp-json\/wp\/v2\/product"}],"about":[{"href":"https:\/\/flytechltd.com\/en\/wp-json\/wp\/v2\/types\/product"}],"replies":[{"embeddable":true,"href":"https:\/\/flytechltd.com\/en\/wp-json\/wp\/v2\/comments?post=16479"}],"version-history":[{"count":0,"href":"https:\/\/flytechltd.com\/en\/wp-json\/wp\/v2\/product\/16479\/revisions"}],"wp:featuredmedia":[{"embeddable":true,"href":"https:\/\/flytechltd.com\/en\/wp-json\/wp\/v2\/media\/16471"}],"wp:attachment":[{"href":"https:\/\/flytechltd.com\/en\/wp-json\/wp\/v2\/media?parent=16479"}],"wp:term":[{"taxonomy":"product_brand","embeddable":true,"href":"https:\/\/flytechltd.com\/en\/wp-json\/wp\/v2\/product_brand?post=16479"},{"taxonomy":"product_cat","embeddable":true,"href":"https:\/\/flytechltd.com\/en\/wp-json\/wp\/v2\/product_cat?post=16479"},{"taxonomy":"product_tag","embeddable":true,"href":"https:\/\/flytechltd.com\/en\/wp-json\/wp\/v2\/product_tag?post=16479"}],"curies":[{"name":"wp","href":"https:\/\/api.w.org\/{rel}","templated":true}]}}