{"id":16513,"date":"2025-07-24T11:25:35","date_gmt":"2025-07-24T11:25:35","guid":{"rendered":"https:\/\/flytechltd.com\/?post_type=product&#038;p=16513"},"modified":"2026-01-02T09:29:31","modified_gmt":"2026-01-02T09:29:31","slug":"dinazor-projeksiyon","status":"publish","type":"product","link":"https:\/\/flytechltd.com\/en\/p\/dinazor-projeksiyon\/","title":{"rendered":"Dinazor Projeksiyon"},"content":{"rendered":"<p>Projekt\u00f6r \u00e7ocuk yaz\u0131 masas\u0131 \u00f6\u011frenme \u00e7izim kurulu \u00f6\u011frenme dinozor \u00e7ocuk projeksiyon \u00e7izim kurulu \u00e7ocuklar i\u00e7in<\/p>\n<p>\u00dcr\u00fcn \u00f6zellikleri<\/p>\n<p>\u00d6zelli\u011fi 1:\u00c7ekici renk ve g\u00fcvenlik malzemesi<\/p>\n<p>\u00d6zellik 2: \u00e7ocuklar projeksiyon \u00e7izim kurulu<\/p>\n<p>\u00d6zellik 3: bir \u00e7ocu\u011fa e\u015flik etmek i\u00e7in en iyi hediye<\/p>\n","protected":false},"excerpt":{"rendered":"<p>8212<\/p>\n","protected":false},"featured_media":16516,"comment_status":"open","ping_status":"closed","template":"","meta":[],"product_brand":[],"product_cat":[783],"product_tag":[],"class_list":{"0":"post-16513","1":"product","2":"type-product","3":"status-publish","4":"has-post-thumbnail","6":"product_cat-bebek-cocuk-aktivite-gerecleri","8":"first","9":"instock","10":"shipping-taxable","11":"purchasable","12":"product-type-simple"},"aioseo_notices":[],"_links":{"self":[{"href":"https:\/\/flytechltd.com\/en\/wp-json\/wp\/v2\/product\/16513","targetHints":{"allow":["GET"]}}],"collection":[{"href":"https:\/\/flytechltd.com\/en\/wp-json\/wp\/v2\/product"}],"about":[{"href":"https:\/\/flytechltd.com\/en\/wp-json\/wp\/v2\/types\/product"}],"replies":[{"embeddable":true,"href":"https:\/\/flytechltd.com\/en\/wp-json\/wp\/v2\/comments?post=16513"}],"version-history":[{"count":0,"href":"https:\/\/flytechltd.com\/en\/wp-json\/wp\/v2\/product\/16513\/revisions"}],"wp:featuredmedia":[{"embeddable":true,"href":"https:\/\/flytechltd.com\/en\/wp-json\/wp\/v2\/media\/16516"}],"wp:attachment":[{"href":"https:\/\/flytechltd.com\/en\/wp-json\/wp\/v2\/media?parent=16513"}],"wp:term":[{"taxonomy":"product_brand","embeddable":true,"href":"https:\/\/flytechltd.com\/en\/wp-json\/wp\/v2\/product_brand?post=16513"},{"taxonomy":"product_cat","embeddable":true,"href":"https:\/\/flytechltd.com\/en\/wp-json\/wp\/v2\/product_cat?post=16513"},{"taxonomy":"product_tag","embeddable":true,"href":"https:\/\/flytechltd.com\/en\/wp-json\/wp\/v2\/product_tag?post=16513"}],"curies":[{"name":"wp","href":"https:\/\/api.w.org\/{rel}","templated":true}]}}