{"id":16524,"date":"2025-07-24T11:27:17","date_gmt":"2025-07-24T11:27:17","guid":{"rendered":"https:\/\/flytechltd.com\/?post_type=product&#038;p=16524"},"modified":"2026-03-14T16:44:38","modified_gmt":"2026-03-14T16:44:38","slug":"1846","status":"publish","type":"product","link":"https:\/\/flytechltd.com\/en\/p\/1846\/","title":{"rendered":"Plaj Masas\u0131"},"content":{"rendered":"<p>Yaz plaj kum masa \u00e7ocuk su oyunu kapal\u0131 a\u00e7\u0131k plastik bebek su masa oyuncak sandalye ile<\/p>\n<p>\u00dcr\u00fcn \u00f6zellikleri<\/p>\n<p>\u00d6zellik 1:\u00c7ekici renk ve g\u00fcvenlik malzemesi<\/p>\n<p>\u00d6zellik 2: \u00e7ocuklar yaz kapal\u0131 a\u00e7\u0131k plaj kum ve su oyun masa sandalye oyuncak seti<\/p>\n<p>\u00d6zellik 3: plastik \u00e7ok fonksiyonlu plaj oyuncak<\/p>\n","protected":false},"excerpt":{"rendered":"<p>1846<\/p>\n","protected":false},"featured_media":16525,"comment_status":"open","ping_status":"closed","template":"","meta":[],"product_brand":[],"product_cat":[784],"product_tag":[],"class_list":{"0":"post-16524","1":"product","2":"type-product","3":"status-publish","4":"has-post-thumbnail","6":"product_cat-bebek-cocuk-plaj-gerecleri","8":"first","9":"instock","10":"shipping-taxable","11":"purchasable","12":"product-type-simple"},"aioseo_notices":[],"_links":{"self":[{"href":"https:\/\/flytechltd.com\/en\/wp-json\/wp\/v2\/product\/16524","targetHints":{"allow":["GET"]}}],"collection":[{"href":"https:\/\/flytechltd.com\/en\/wp-json\/wp\/v2\/product"}],"about":[{"href":"https:\/\/flytechltd.com\/en\/wp-json\/wp\/v2\/types\/product"}],"replies":[{"embeddable":true,"href":"https:\/\/flytechltd.com\/en\/wp-json\/wp\/v2\/comments?post=16524"}],"version-history":[{"count":0,"href":"https:\/\/flytechltd.com\/en\/wp-json\/wp\/v2\/product\/16524\/revisions"}],"wp:featuredmedia":[{"embeddable":true,"href":"https:\/\/flytechltd.com\/en\/wp-json\/wp\/v2\/media\/16525"}],"wp:attachment":[{"href":"https:\/\/flytechltd.com\/en\/wp-json\/wp\/v2\/media?parent=16524"}],"wp:term":[{"taxonomy":"product_brand","embeddable":true,"href":"https:\/\/flytechltd.com\/en\/wp-json\/wp\/v2\/product_brand?post=16524"},{"taxonomy":"product_cat","embeddable":true,"href":"https:\/\/flytechltd.com\/en\/wp-json\/wp\/v2\/product_cat?post=16524"},{"taxonomy":"product_tag","embeddable":true,"href":"https:\/\/flytechltd.com\/en\/wp-json\/wp\/v2\/product_tag?post=16524"}],"curies":[{"name":"wp","href":"https:\/\/api.w.org\/{rel}","templated":true}]}}