{"id":16546,"date":"2025-07-24T11:41:52","date_gmt":"2025-07-24T11:41:52","guid":{"rendered":"https:\/\/flytechltd.com\/?post_type=product&#038;p=16546"},"modified":"2026-04-16T20:07:57","modified_gmt":"2026-04-16T20:07:57","slug":"mini-cabana-cadir-bebek-oyun-evi-cocuk-kosku-yurumeye-baslayan-cocuklar-icin-grey","status":"publish","type":"product","link":"https:\/\/flytechltd.com\/en\/p\/mini-cabana-cadir-bebek-oyun-evi-cocuk-kosku-yurumeye-baslayan-cocuklar-icin-grey\/","title":{"rendered":"Mini Cabana \u00c7ad\u0131r Bebek Oyun Evi \u00c7ocuk K\u00f6\u015fk\u00fc Y\u00fcr\u00fcmeye Ba\u015flayan \u00c7ocuklar \u0130\u00e7in Grey"},"content":{"rendered":"<pre id=\"tw-target-text\" class=\"tw-data-text tw-text-large tw-ta\" dir=\"ltr\" tabindex=\"-1\" role=\"text\" data-placeholder=\"\u00c7eviri\" data-ved=\"2ahUKEwj-6c6EneuSAxXh1QIHHeMVEWUQ3ewLegQIDBAW\" aria-label=\"\u00c7evrilmi\u015f metin: 1-6 Ya\u015f \u00c7ocuklar \u0130\u00e7in Depolama Alanl\u0131 \u0130\u00e7 Mekan Oyun \u00c7ad\u0131r\u0131 \u2013 \u00c7izim, Yap\u0131 Bloklar\u0131 ve Oyun Evi \u0130\u00e7in \u00c7ok Fonksiyonlu Bebek Aktivite Merkezi\"><span class=\"Y2IQFc\" lang=\"tr\">1-6 Ya\u015f \u00c7ocuklar \u0130\u00e7in Depolama Alanl\u0131 \u0130\u00e7 Mekan Oyun \u00c7ad\u0131r\u0131 \u2013 \u00c7izim, Yap\u0131 Bloklar\u0131 ve Oyun Evi \u0130\u00e7in \u00c7ok Fonksiyonlu Bebek Aktivite Merkezi<\/span><\/pre>\n<p><img fetchpriority=\"high\" decoding=\"async\" class=\"aligncenter wp-image-17593\" src=\"https:\/\/flytechltd.com\/wp-content\/uploads\/2025\/07\/H23dcff688e9f482db0da72b15354064dH-238x300.jpg\" alt=\"\" width=\"300\" height=\"378\" srcset=\"https:\/\/flytechltd.com\/wp-content\/uploads\/2025\/07\/H23dcff688e9f482db0da72b15354064dH-238x300.jpg 238w, https:\/\/flytechltd.com\/wp-content\/uploads\/2025\/07\/H23dcff688e9f482db0da72b15354064dH-150x189.jpg 150w, https:\/\/flytechltd.com\/wp-content\/uploads\/2025\/07\/H23dcff688e9f482db0da72b15354064dH.jpg 740w\" sizes=\"(max-width: 300px) 100vw, 300px\" \/><\/p>\n<p><img decoding=\"async\" class=\"aligncenter wp-image-17595\" src=\"https:\/\/flytechltd.com\/wp-content\/uploads\/2025\/07\/H704d59a0f74f44adb8d3704f2c947c7cc-198x300.jpg\" alt=\"\" width=\"300\" height=\"455\" srcset=\"https:\/\/flytechltd.com\/wp-content\/uploads\/2025\/07\/H704d59a0f74f44adb8d3704f2c947c7cc-198x300.jpg 198w, https:\/\/flytechltd.com\/wp-content\/uploads\/2025\/07\/H704d59a0f74f44adb8d3704f2c947c7cc-676x1024.jpg 676w, https:\/\/flytechltd.com\/wp-content\/uploads\/2025\/07\/H704d59a0f74f44adb8d3704f2c947c7cc-768x1164.jpg 768w, https:\/\/flytechltd.com\/wp-content\/uploads\/2025\/07\/H704d59a0f74f44adb8d3704f2c947c7cc-150x227.jpg 150w, https:\/\/flytechltd.com\/wp-content\/uploads\/2025\/07\/H704d59a0f74f44adb8d3704f2c947c7cc.jpg 800w\" sizes=\"(max-width: 300px) 100vw, 300px\" \/><\/p>\n<p><img decoding=\"async\" class=\"aligncenter wp-image-17601\" src=\"https:\/\/flytechltd.com\/wp-content\/uploads\/2025\/07\/Hec46a5a85c544c2783f4ee1ee45c169dG-206x300.jpg\" alt=\"\" width=\"300\" height=\"437\" srcset=\"https:\/\/flytechltd.com\/wp-content\/uploads\/2025\/07\/Hec46a5a85c544c2783f4ee1ee45c169dG-206x300.jpg 206w, https:\/\/flytechltd.com\/wp-content\/uploads\/2025\/07\/Hec46a5a85c544c2783f4ee1ee45c169dG-703x1024.jpg 703w, https:\/\/flytechltd.com\/wp-content\/uploads\/2025\/07\/Hec46a5a85c544c2783f4ee1ee45c169dG-768x1119.jpg 768w, https:\/\/flytechltd.com\/wp-content\/uploads\/2025\/07\/Hec46a5a85c544c2783f4ee1ee45c169dG-150x219.jpg 150w, https:\/\/flytechltd.com\/wp-content\/uploads\/2025\/07\/Hec46a5a85c544c2783f4ee1ee45c169dG.jpg 800w\" sizes=\"(max-width: 300px) 100vw, 300px\" \/><\/p>\n<p>&nbsp;<\/p>\n<p><img loading=\"lazy\" decoding=\"async\" class=\"aligncenter wp-image-17597\" src=\"https:\/\/flytechltd.com\/wp-content\/uploads\/2025\/07\/Ha4398f717119441ab9b32d74d825bdcaa-1-108x300.jpg\" alt=\"\" width=\"300\" height=\"834\" srcset=\"https:\/\/flytechltd.com\/wp-content\/uploads\/2025\/07\/Ha4398f717119441ab9b32d74d825bdcaa-1-108x300.jpg 108w, https:\/\/flytechltd.com\/wp-content\/uploads\/2025\/07\/Ha4398f717119441ab9b32d74d825bdcaa-1-369x1024.jpg 369w, https:\/\/flytechltd.com\/wp-content\/uploads\/2025\/07\/Ha4398f717119441ab9b32d74d825bdcaa-1-768x2134.jpg 768w, https:\/\/flytechltd.com\/wp-content\/uploads\/2025\/07\/Ha4398f717119441ab9b32d74d825bdcaa-1-553x1536.jpg 553w, https:\/\/flytechltd.com\/wp-content\/uploads\/2025\/07\/Ha4398f717119441ab9b32d74d825bdcaa-1-737x2048.jpg 737w, https:\/\/flytechltd.com\/wp-content\/uploads\/2025\/07\/Ha4398f717119441ab9b32d74d825bdcaa-1-150x417.jpg 150w, https:\/\/flytechltd.com\/wp-content\/uploads\/2025\/07\/Ha4398f717119441ab9b32d74d825bdcaa-1.jpg 800w\" sizes=\"(max-width: 300px) 100vw, 300px\" \/><\/p>\n","protected":false},"excerpt":{"rendered":"<p>1-6 Ya\u015f \u00c7ocuklar \u0130\u00e7in Depolama Alanl\u0131 \u0130\u00e7 Mekan Oyun \u00c7ad\u0131r\u0131 \u2013 \u00c7izim, Yap\u0131 Bloklar\u0131 ve Oyun Evi \u0130\u00e7in \u00c7ok Fonksiyonlu<\/p>\n","protected":false},"featured_media":16547,"comment_status":"open","ping_status":"closed","template":"","meta":[],"product_brand":[],"product_cat":[790],"product_tag":[],"class_list":{"0":"post-16546","1":"product","2":"type-product","3":"status-publish","4":"has-post-thumbnail","6":"product_cat-oyun-parklari","8":"first","9":"instock","10":"sale","11":"shipping-taxable","12":"purchasable","13":"product-type-simple"},"aioseo_notices":[],"_links":{"self":[{"href":"https:\/\/flytechltd.com\/en\/wp-json\/wp\/v2\/product\/16546","targetHints":{"allow":["GET"]}}],"collection":[{"href":"https:\/\/flytechltd.com\/en\/wp-json\/wp\/v2\/product"}],"about":[{"href":"https:\/\/flytechltd.com\/en\/wp-json\/wp\/v2\/types\/product"}],"replies":[{"embeddable":true,"href":"https:\/\/flytechltd.com\/en\/wp-json\/wp\/v2\/comments?post=16546"}],"version-history":[{"count":0,"href":"https:\/\/flytechltd.com\/en\/wp-json\/wp\/v2\/product\/16546\/revisions"}],"wp:featuredmedia":[{"embeddable":true,"href":"https:\/\/flytechltd.com\/en\/wp-json\/wp\/v2\/media\/16547"}],"wp:attachment":[{"href":"https:\/\/flytechltd.com\/en\/wp-json\/wp\/v2\/media?parent=16546"}],"wp:term":[{"taxonomy":"product_brand","embeddable":true,"href":"https:\/\/flytechltd.com\/en\/wp-json\/wp\/v2\/product_brand?post=16546"},{"taxonomy":"product_cat","embeddable":true,"href":"https:\/\/flytechltd.com\/en\/wp-json\/wp\/v2\/product_cat?post=16546"},{"taxonomy":"product_tag","embeddable":true,"href":"https:\/\/flytechltd.com\/en\/wp-json\/wp\/v2\/product_tag?post=16546"}],"curies":[{"name":"wp","href":"https:\/\/api.w.org\/{rel}","templated":true}]}}