{"id":16549,"date":"2025-07-24T11:47:13","date_gmt":"2025-07-24T11:47:13","guid":{"rendered":"https:\/\/flytechltd.com\/?post_type=product&#038;p=16549"},"modified":"2026-04-16T20:46:18","modified_gmt":"2026-04-16T20:46:18","slug":"oyun-park-seti-cit-kaydirak-salincak-cizim-tahtasi-seti-basketbol-potasi-sallanan-at-depolama-dolabi-depolama-dolabi-top-havuzu-seti-1-cm-kalinliginda-mat-icerir","status":"publish","type":"product","link":"https:\/\/flytechltd.com\/en\/p\/oyun-park-seti-cit-kaydirak-salincak-cizim-tahtasi-seti-basketbol-potasi-sallanan-at-depolama-dolabi-depolama-dolabi-top-havuzu-seti-1-cm-kalinliginda-mat-icerir\/","title":{"rendered":"Oyun Park Seti  \u00c7it + Kayd\u0131rak + Sal\u0131ncak + \u00c7izim Tahtas\u0131 Seti + Basketbol Potas\u0131 + Sallanan At + Depolama dolab\u0131 + Depolama dolab\u0131 + Top Havuzu seti + 1 cm kal\u0131nl\u0131\u011f\u0131nda mat i\u00e7erir"},"content":{"rendered":"<p><img fetchpriority=\"high\" decoding=\"async\" class=\"alignnone wp-image-17362\" src=\"https:\/\/flytechltd.com\/wp-content\/uploads\/2025\/07\/H8b8d3e1d7939492eae26a522a41ebffdY_converted-141x300.jpg\" alt=\"\" width=\"300\" height=\"640\" srcset=\"https:\/\/flytechltd.com\/wp-content\/uploads\/2025\/07\/H8b8d3e1d7939492eae26a522a41ebffdY_converted-141x300.jpg 141w, https:\/\/flytechltd.com\/wp-content\/uploads\/2025\/07\/H8b8d3e1d7939492eae26a522a41ebffdY_converted-480x1024.jpg 480w, https:\/\/flytechltd.com\/wp-content\/uploads\/2025\/07\/H8b8d3e1d7939492eae26a522a41ebffdY_converted-720x1536.jpg 720w, https:\/\/flytechltd.com\/wp-content\/uploads\/2025\/07\/H8b8d3e1d7939492eae26a522a41ebffdY_converted-150x320.jpg 150w, https:\/\/flytechltd.com\/wp-content\/uploads\/2025\/07\/H8b8d3e1d7939492eae26a522a41ebffdY_converted.jpg 750w\" sizes=\"(max-width: 300px) 100vw, 300px\" \/><\/p>\n<p>&nbsp;<\/p>\n<p>Sertifikalar: Cpc\/astm\/ce\/en71\/sni\/gcc\/iso9001\/ccc\/ukca\/kc\/sni\/ukca<\/p>\n<p>&nbsp;<\/p>\n<p>CPC (\u00c7ocuk \u00dcr\u00fcnleri Sertifikas\u0131), ABD&#8217;de sat\u0131lan \u00e7ocuk \u00fcr\u00fcnlerinin T\u00fcketici \u00dcr\u00fcn G\u00fcvenli\u011fi Komisyonu (CPSC) taraf\u0131ndan belirlenen g\u00fcvenlik standartlar\u0131na uygunlu\u011funu kan\u0131tlamak i\u00e7in \u00fcretici veya ithalat\u00e7\u0131lar taraf\u0131ndan d\u00fczenlenen zorunlu bir uyumluluk belgesidir. Bu belge, \u00fcr\u00fcnlerin T\u00fcketici \u00dcr\u00fcn G\u00fcvenli\u011fi \u0130yile\u015ftirme Yasas\u0131 (CPSIA) gibi d\u00fczenlemelere uygun oldu\u011funu, zararl\u0131 materyaller i\u00e7ermedi\u011fini ve mekanik riskler ta\u015f\u0131mad\u0131\u011f\u0131n\u0131 teyit eder. Oyuncaklar, giyim \u00fcr\u00fcnleri, bak\u0131m \u00fcr\u00fcnleri gibi t\u00fcm \u00e7ocuk \u00fcr\u00fcnleri bu sertifikasyona tabidir. CPC, tedarik\u00e7ilerin \u00e7ocuk g\u00fcvenli\u011fini \u00f6nceliklendirdi\u011fini, yasal piyasa eri\u015fim ko\u015fullar\u0131n\u0131 kar\u015f\u0131lad\u0131\u011f\u0131n\u0131 ve ABD pazar\u0131na sunulan \u00fcr\u00fcnler i\u00e7in ge\u00e7erli sorumlu \u00fcretim standartlar\u0131na uygun oldu\u011funu g\u00f6sterir.<\/p>\n<p>EN 71, Avrupa Standardizasyon Komitesi (CEN) taraf\u0131ndan geli\u015ftirilen ve AB \u00fclkeleri d\u00fczenleyici kurumlar\u0131 taraf\u0131ndan denetlenen bir Avrupa oyuncak g\u00fcvenlik standard\u0131d\u0131r. 14 ya\u015f alt\u0131 \u00e7ocuklar i\u00e7in tasarlanan oyuncaklarda mekanik ve fiziksel g\u00fcvenlik gerekliliklerini belirleyerek bo\u011fulma, keskin kenarlar veya yap\u0131sal dengesizlik gibi riskleri en aza indirmeyi ama\u00e7lar. AB Oyuncak G\u00fcvenli\u011fi Direktifi 2009\/48\/EC kapsam\u0131nda zorunlu olan bu standart, Avrupa Ekonomik Alan\u0131&#8217;nda sat\u0131lan t\u00fcm oyuncaklar i\u00e7in ge\u00e7erlidir. Uyumluluk sertifikas\u0131, \u00fcr\u00fcnlerin \u00e7ocuklar\u0131n fiziksel temas\u0131 i\u00e7in belirlenen kat\u0131 g\u00fcvenlik kriterlerini kar\u015f\u0131lad\u0131\u011f\u0131n\u0131 g\u00f6sterir. Bu belgelendirme, sorumluluk risklerini azalt\u0131rken 31 Avrupa \u00fclkesini kapsayan pazara yasal giri\u015f imkan\u0131 sa\u011flar.<\/p>\n<p>&nbsp;<\/p>\n<p>&nbsp;<\/p>\n<p>&nbsp;<\/p>\n","protected":false},"excerpt":{"rendered":"<p>&nbsp; Sertifikalar: Cpc\/astm\/ce\/en71\/sni\/gcc\/iso9001\/ccc\/ukca\/kc\/sni\/ukca &nbsp; CPC (\u00c7ocuk \u00dcr\u00fcnleri Sertifikas\u0131), ABD&#8217;de sat\u0131lan \u00e7ocuk \u00fcr\u00fcnlerinin T\u00fcketici \u00dcr\u00fcn G\u00fcvenli\u011fi Komisyonu (CPSC) taraf\u0131ndan belirlenen g\u00fcvenlik<\/p>\n","protected":false},"featured_media":16552,"comment_status":"open","ping_status":"closed","template":"","meta":[],"product_brand":[],"product_cat":[790],"product_tag":[],"class_list":{"0":"post-16549","1":"product","2":"type-product","3":"status-publish","4":"has-post-thumbnail","6":"product_cat-oyun-parklari","8":"first","9":"instock","10":"shipping-taxable","11":"purchasable","12":"product-type-simple"},"aioseo_notices":[],"_links":{"self":[{"href":"https:\/\/flytechltd.com\/en\/wp-json\/wp\/v2\/product\/16549","targetHints":{"allow":["GET"]}}],"collection":[{"href":"https:\/\/flytechltd.com\/en\/wp-json\/wp\/v2\/product"}],"about":[{"href":"https:\/\/flytechltd.com\/en\/wp-json\/wp\/v2\/types\/product"}],"replies":[{"embeddable":true,"href":"https:\/\/flytechltd.com\/en\/wp-json\/wp\/v2\/comments?post=16549"}],"version-history":[{"count":0,"href":"https:\/\/flytechltd.com\/en\/wp-json\/wp\/v2\/product\/16549\/revisions"}],"wp:featuredmedia":[{"embeddable":true,"href":"https:\/\/flytechltd.com\/en\/wp-json\/wp\/v2\/media\/16552"}],"wp:attachment":[{"href":"https:\/\/flytechltd.com\/en\/wp-json\/wp\/v2\/media?parent=16549"}],"wp:term":[{"taxonomy":"product_brand","embeddable":true,"href":"https:\/\/flytechltd.com\/en\/wp-json\/wp\/v2\/product_brand?post=16549"},{"taxonomy":"product_cat","embeddable":true,"href":"https:\/\/flytechltd.com\/en\/wp-json\/wp\/v2\/product_cat?post=16549"},{"taxonomy":"product_tag","embeddable":true,"href":"https:\/\/flytechltd.com\/en\/wp-json\/wp\/v2\/product_tag?post=16549"}],"curies":[{"name":"wp","href":"https:\/\/api.w.org\/{rel}","templated":true}]}}