{"id":16598,"date":"2025-07-28T15:08:38","date_gmt":"2025-07-28T15:08:38","guid":{"rendered":"https:\/\/flytechltd.com\/?post_type=product&#038;p=16598"},"modified":"2026-04-05T13:55:58","modified_gmt":"2026-04-05T13:55:58","slug":"cocuklar-icin-donen-tekerlekli-kitaplikorganizator-ve-depolama-rafi-dilek-evi-pembe","status":"publish","type":"product","link":"https:\/\/flytechltd.com\/en\/p\/cocuklar-icin-donen-tekerlekli-kitaplikorganizator-ve-depolama-rafi-dilek-evi-pembe\/","title":{"rendered":"\u00c7ocuklar \u0130\u00e7in D\u00f6nen Tekerlekli Kitapl\u0131k,Organizat\u00f6r ve Depolama Raf\u0131 Dilek Evi Pembe"},"content":{"rendered":"<table style=\"height: 785px;\" width=\"340\">\n<tbody>\n<tr>\n<td><strong>\u00dcr\u00fcn ad\u0131<\/strong><\/td>\n<td>\u00c7ocuklar \u0130\u00e7in Kapal\u0131 Plastik Resimli Kitap Organizat\u00f6r Raf<\/td>\n<\/tr>\n<tr>\n<td><strong>Malzeme<\/strong><\/td>\n<td>HDPE<\/td>\n<\/tr>\n<tr>\n<td><strong>Renk<\/strong><\/td>\n<td>A\u00e7\u0131k mavi renk, mor renk<\/td>\n<\/tr>\n<tr>\n<td><strong>Sertifikalar<\/strong><\/td>\n<td>CPC\/CE\/EN71\/ASTM\/UKCA<\/p>\n<p>\/KC<\/td>\n<\/tr>\n<tr>\n<td><strong>\u00d6zellik<\/strong><\/td>\n<td>Resimli kitap organizat\u00f6r<br \/>\n, Uzay kazanan Be\u015f taraf, s\u0131radan resimli kitap kapasitesinin on kat\u0131 ile,depolama dolab\u0131 tam y\u00fckl\u00fc olabilir, \u00e7aba olmadan y\u00fcz\u00fcn\u00fc a\u00e7mak kolay resimli kitap s saklayabilir, \u00f6n, arka, sol, sa\u011f ve yukar\u0131daki taraflarda toplam 300 resimli kitap s tutulabilir.Belirli say\u0131, resimli kitap boyutuna ve kal\u0131nl\u0131\u011f\u0131na dayanmaktad\u0131r.\u00a013 b\u00f6l\u00fcm<\/td>\n<\/tr>\n<tr>\n<td><strong>Uygula<\/strong><\/td>\n<td>Ev, E\u011flence Park\u0131, Anaokulu, Restoran, vb<\/td>\n<\/tr>\n<\/tbody>\n<\/table>\n<p><img fetchpriority=\"high\" decoding=\"async\" class=\"aligncenter wp-image-17133 size-full\" src=\"https:\/\/flytechltd.com\/wp-content\/uploads\/2025\/07\/1-13.jpg\" alt=\"\" width=\"750\" height=\"1132\" srcset=\"https:\/\/flytechltd.com\/wp-content\/uploads\/2025\/07\/1-13.jpg 750w, https:\/\/flytechltd.com\/wp-content\/uploads\/2025\/07\/1-13-199x300.jpg 199w, https:\/\/flytechltd.com\/wp-content\/uploads\/2025\/07\/1-13-678x1024.jpg 678w, https:\/\/flytechltd.com\/wp-content\/uploads\/2025\/07\/1-13-150x226.jpg 150w\" sizes=\"(max-width: 750px) 100vw, 750px\" \/> <img decoding=\"async\" class=\"aligncenter wp-image-17135 size-full\" src=\"https:\/\/flytechltd.com\/wp-content\/uploads\/2025\/07\/2-14.jpg\" alt=\"\" width=\"750\" height=\"1406\" srcset=\"https:\/\/flytechltd.com\/wp-content\/uploads\/2025\/07\/2-14.jpg 750w, https:\/\/flytechltd.com\/wp-content\/uploads\/2025\/07\/2-14-160x300.jpg 160w, https:\/\/flytechltd.com\/wp-content\/uploads\/2025\/07\/2-14-546x1024.jpg 546w, https:\/\/flytechltd.com\/wp-content\/uploads\/2025\/07\/2-14-150x281.jpg 150w\" sizes=\"(max-width: 750px) 100vw, 750px\" \/> <img decoding=\"async\" class=\"aligncenter wp-image-17137 size-full\" src=\"https:\/\/flytechltd.com\/wp-content\/uploads\/2025\/07\/4-12.jpg\" alt=\"\" width=\"790\" height=\"1212\" srcset=\"https:\/\/flytechltd.com\/wp-content\/uploads\/2025\/07\/4-12.jpg 790w, https:\/\/flytechltd.com\/wp-content\/uploads\/2025\/07\/4-12-196x300.jpg 196w, https:\/\/flytechltd.com\/wp-content\/uploads\/2025\/07\/4-12-667x1024.jpg 667w, https:\/\/flytechltd.com\/wp-content\/uploads\/2025\/07\/4-12-768x1178.jpg 768w, https:\/\/flytechltd.com\/wp-content\/uploads\/2025\/07\/4-12-150x230.jpg 150w\" sizes=\"(max-width: 790px) 100vw, 790px\" \/> <img loading=\"lazy\" decoding=\"async\" class=\"aligncenter wp-image-17139 size-full\" src=\"https:\/\/flytechltd.com\/wp-content\/uploads\/2025\/07\/5-12.jpg\" alt=\"\" width=\"790\" height=\"1161\" srcset=\"https:\/\/flytechltd.com\/wp-content\/uploads\/2025\/07\/5-12.jpg 790w, https:\/\/flytechltd.com\/wp-content\/uploads\/2025\/07\/5-12-204x300.jpg 204w, https:\/\/flytechltd.com\/wp-content\/uploads\/2025\/07\/5-12-697x1024.jpg 697w, https:\/\/flytechltd.com\/wp-content\/uploads\/2025\/07\/5-12-768x1129.jpg 768w, https:\/\/flytechltd.com\/wp-content\/uploads\/2025\/07\/5-12-150x220.jpg 150w\" sizes=\"(max-width: 790px) 100vw, 790px\" \/> <img loading=\"lazy\" decoding=\"async\" class=\"aligncenter wp-image-17141\" src=\"https:\/\/flytechltd.com\/wp-content\/uploads\/2025\/07\/6-5-186x300.jpg\" alt=\"\" width=\"790\" height=\"1272\" srcset=\"https:\/\/flytechltd.com\/wp-content\/uploads\/2025\/07\/6-5-186x300.jpg 186w, https:\/\/flytechltd.com\/wp-content\/uploads\/2025\/07\/6-5-636x1024.jpg 636w, https:\/\/flytechltd.com\/wp-content\/uploads\/2025\/07\/6-5-150x242.jpg 150w, https:\/\/flytechltd.com\/wp-content\/uploads\/2025\/07\/6-5.jpg 750w\" sizes=\"(max-width: 790px) 100vw, 790px\" \/> <img loading=\"lazy\" decoding=\"async\" class=\"aligncenter wp-image-17143 size-full\" src=\"https:\/\/flytechltd.com\/wp-content\/uploads\/2025\/07\/7-3.jpg\" alt=\"\" width=\"790\" height=\"1148\" srcset=\"https:\/\/flytechltd.com\/wp-content\/uploads\/2025\/07\/7-3.jpg 790w, https:\/\/flytechltd.com\/wp-content\/uploads\/2025\/07\/7-3-206x300.jpg 206w, https:\/\/flytechltd.com\/wp-content\/uploads\/2025\/07\/7-3-705x1024.jpg 705w, https:\/\/flytechltd.com\/wp-content\/uploads\/2025\/07\/7-3-768x1116.jpg 768w, https:\/\/flytechltd.com\/wp-content\/uploads\/2025\/07\/7-3-150x218.jpg 150w\" sizes=\"(max-width: 790px) 100vw, 790px\" \/> <img loading=\"lazy\" decoding=\"async\" class=\"aligncenter wp-image-17145\" src=\"https:\/\/flytechltd.com\/wp-content\/uploads\/2025\/07\/8-2-169x300.jpg\" alt=\"\" width=\"790\" height=\"1406\" srcset=\"https:\/\/flytechltd.com\/wp-content\/uploads\/2025\/07\/8-2-169x300.jpg 169w, https:\/\/flytechltd.com\/wp-content\/uploads\/2025\/07\/8-2-575x1024.jpg 575w, https:\/\/flytechltd.com\/wp-content\/uploads\/2025\/07\/8-2-150x267.jpg 150w, https:\/\/flytechltd.com\/wp-content\/uploads\/2025\/07\/8-2.jpg 750w\" sizes=\"(max-width: 790px) 100vw, 790px\" \/><\/p>\n<p>Sertifikalar: Cpc\/astm\/ce\/en71\/sni\/gcc\/iso9001\/ccc\/ukca\/kc\/sni\/ukca<\/p>\n<p>&nbsp;<\/p>\n<p>CPC (\u00c7ocuk \u00dcr\u00fcnleri Sertifikas\u0131), ABD&#8217;de sat\u0131lan \u00e7ocuk \u00fcr\u00fcnlerinin T\u00fcketici \u00dcr\u00fcn G\u00fcvenli\u011fi Komisyonu (CPSC) taraf\u0131ndan belirlenen g\u00fcvenlik standartlar\u0131na uygunlu\u011funu kan\u0131tlamak i\u00e7in \u00fcretici veya ithalat\u00e7\u0131lar taraf\u0131ndan d\u00fczenlenen zorunlu bir uyumluluk belgesidir. Bu belge, \u00fcr\u00fcnlerin T\u00fcketici \u00dcr\u00fcn G\u00fcvenli\u011fi \u0130yile\u015ftirme Yasas\u0131 (CPSIA) gibi d\u00fczenlemelere uygun oldu\u011funu, zararl\u0131 materyaller i\u00e7ermedi\u011fini ve mekanik riskler ta\u015f\u0131mad\u0131\u011f\u0131n\u0131 teyit eder. Oyuncaklar, giyim \u00fcr\u00fcnleri, bak\u0131m \u00fcr\u00fcnleri gibi t\u00fcm \u00e7ocuk \u00fcr\u00fcnleri bu sertifikasyona tabidir. CPC, tedarik\u00e7ilerin \u00e7ocuk g\u00fcvenli\u011fini \u00f6nceliklendirdi\u011fini, yasal piyasa eri\u015fim ko\u015fullar\u0131n\u0131 kar\u015f\u0131lad\u0131\u011f\u0131n\u0131 ve ABD pazar\u0131na sunulan \u00fcr\u00fcnler i\u00e7in ge\u00e7erli sorumlu \u00fcretim standartlar\u0131na uygun oldu\u011funu g\u00f6sterir.<\/p>\n<p>EN 71, Avrupa Standardizasyon Komitesi (CEN) taraf\u0131ndan geli\u015ftirilen ve AB \u00fclkeleri d\u00fczenleyici kurumlar\u0131 taraf\u0131ndan denetlenen bir Avrupa oyuncak g\u00fcvenlik standard\u0131d\u0131r. 14 ya\u015f alt\u0131 \u00e7ocuklar i\u00e7in tasarlanan oyuncaklarda mekanik ve fiziksel g\u00fcvenlik gerekliliklerini belirleyerek bo\u011fulma, keskin kenarlar veya yap\u0131sal dengesizlik gibi riskleri en aza indirmeyi ama\u00e7lar. AB Oyuncak G\u00fcvenli\u011fi Direktifi 2009\/48\/EC kapsam\u0131nda zorunlu olan bu standart, Avrupa Ekonomik Alan\u0131&#8217;nda sat\u0131lan t\u00fcm oyuncaklar i\u00e7in ge\u00e7erlidir. Uyumluluk sertifikas\u0131, \u00fcr\u00fcnlerin \u00e7ocuklar\u0131n fiziksel temas\u0131 i\u00e7in belirlenen kat\u0131 g\u00fcvenlik kriterlerini kar\u015f\u0131lad\u0131\u011f\u0131n\u0131 g\u00f6sterir. Bu belgelendirme, sorumluluk risklerini azalt\u0131rken 31 Avrupa \u00fclkesini kapsayan pazara yasal giri\u015f imkan\u0131 sa\u011flar.<\/p>\n","protected":false},"excerpt":{"rendered":"<p>\u00dcr\u00fcn ad\u0131 \u00c7ocuklar \u0130\u00e7in Kapal\u0131 Plastik Resimli Kitap Organizat\u00f6r Raf Malzeme HDPE Renk A\u00e7\u0131k mavi renk, mor renk Sertifikalar CPC\/CE\/EN71\/ASTM\/UKCA<\/p>\n","protected":false},"featured_media":16579,"comment_status":"open","ping_status":"closed","template":"","meta":[],"product_brand":[],"product_cat":[787],"product_tag":[],"class_list":{"0":"post-16598","1":"product","2":"type-product","3":"status-publish","4":"has-post-thumbnail","6":"product_cat-cocuk-odasi-duzenleyici-mobilya","8":"first","9":"instock","10":"sale","11":"shipping-taxable","12":"purchasable","13":"product-type-simple"},"aioseo_notices":[],"_links":{"self":[{"href":"https:\/\/flytechltd.com\/en\/wp-json\/wp\/v2\/product\/16598","targetHints":{"allow":["GET"]}}],"collection":[{"href":"https:\/\/flytechltd.com\/en\/wp-json\/wp\/v2\/product"}],"about":[{"href":"https:\/\/flytechltd.com\/en\/wp-json\/wp\/v2\/types\/product"}],"replies":[{"embeddable":true,"href":"https:\/\/flytechltd.com\/en\/wp-json\/wp\/v2\/comments?post=16598"}],"version-history":[{"count":0,"href":"https:\/\/flytechltd.com\/en\/wp-json\/wp\/v2\/product\/16598\/revisions"}],"wp:featuredmedia":[{"embeddable":true,"href":"https:\/\/flytechltd.com\/en\/wp-json\/wp\/v2\/media\/16579"}],"wp:attachment":[{"href":"https:\/\/flytechltd.com\/en\/wp-json\/wp\/v2\/media?parent=16598"}],"wp:term":[{"taxonomy":"product_brand","embeddable":true,"href":"https:\/\/flytechltd.com\/en\/wp-json\/wp\/v2\/product_brand?post=16598"},{"taxonomy":"product_cat","embeddable":true,"href":"https:\/\/flytechltd.com\/en\/wp-json\/wp\/v2\/product_cat?post=16598"},{"taxonomy":"product_tag","embeddable":true,"href":"https:\/\/flytechltd.com\/en\/wp-json\/wp\/v2\/product_tag?post=16598"}],"curies":[{"name":"wp","href":"https:\/\/api.w.org\/{rel}","templated":true}]}}