{"id":16618,"date":"2025-07-29T10:00:55","date_gmt":"2025-07-29T10:00:55","guid":{"rendered":"https:\/\/flytechltd.com\/?post_type=product&#038;p=16618"},"modified":"2026-04-05T13:44:57","modified_gmt":"2026-04-05T13:44:57","slug":"katlanabilir-banyo-sekmesi","status":"publish","type":"product","link":"https:\/\/flytechltd.com\/en\/p\/katlanabilir-banyo-sekmesi\/","title":{"rendered":"Katlanabilir Banyo Sekmesi"},"content":{"rendered":"<table style=\"font-weight: 400; height: 357px;\" width=\"316\">\n<tbody>\n<tr>\n<td style=\"font-weight: 400;\" colspan=\"1\" rowspan=\"1\"><b><strong data-spm-anchor-id=\"0.0.0.i3.759b4f05iAXjMJ\">\u00dcr\u00fcn ad\u0131<\/strong><\/b><\/td>\n<td style=\"font-weight: 400;\" colspan=\"1\" rowspan=\"1\">Yeni Do\u011fan Bebek K\u00fcveti Set<\/td>\n<\/tr>\n<tr>\n<td style=\"font-weight: 400;\" colspan=\"1\" rowspan=\"1\"><b><strong>Malzeme<\/strong><\/b><\/td>\n<td style=\"font-weight: 400;\" colspan=\"1\" rowspan=\"1\">PP ve TPE<\/td>\n<\/tr>\n<tr>\n<td style=\"font-weight: 400;\" colspan=\"1\" rowspan=\"1\"><b><strong>Renk<\/strong><\/b><\/td>\n<td style=\"font-weight: 400;\" colspan=\"1\" rowspan=\"1\">Beyaz ve gri renk<\/td>\n<\/tr>\n<tr>\n<td style=\"font-weight: 400;\" colspan=\"1\" rowspan=\"1\"><b><strong>Sertifikalar<\/strong><\/b><\/td>\n<td style=\"font-weight: 400;\" colspan=\"1\" rowspan=\"1\">CPC\/CE\/EN71\/ASTM\/<\/p>\n<p>UKCA\/KC<\/td>\n<\/tr>\n<tr>\n<td style=\"font-weight: 400;\" colspan=\"1\" rowspan=\"1\"><b><strong>ODM\/OEM<\/strong><\/b><\/td>\n<td style=\"font-weight: 400; text-align: left;\" colspan=\"1\" rowspan=\"1\">Mevcut<\/td>\n<\/tr>\n<tr>\n<td style=\"font-weight: 400;\" colspan=\"1\" rowspan=\"1\"><b><strong>\u00d6zellik<\/strong><\/b><\/td>\n<td style=\"font-weight: 400;\" colspan=\"1\" rowspan=\"1\">\n<p data-spm-anchor-id=\"a2700.pc-decorate.0.i17.57043333RXkDUw\">Katlanabilir;<\/p>\n<p data-spm-anchor-id=\"a2700.pc-decorate.0.i17.57043333RXkDUw\">Temizlemesi kolay;<\/p>\n<p data-spm-anchor-id=\"a2700.pc-decorate.0.i17.57043333RXkDUw\">\u00c7evre koruma ve g\u00fcvenlik<\/p>\n<\/td>\n<\/tr>\n<tr>\n<td style=\"font-weight: 400;\" colspan=\"1\" rowspan=\"1\"><b><strong>Uygula<\/strong><\/b><\/td>\n<td style=\"font-weight: 400;\" colspan=\"1\" rowspan=\"1\">\n<p data-spm-anchor-id=\"a2700.details-description.0.i0.2ccbZjsGZjsGTp\">Ev, E\u011flence Park\u0131, Anaokulu, Restoran, vb<\/p>\n<\/td>\n<\/tr>\n<\/tbody>\n<\/table>\n<p><img fetchpriority=\"high\" decoding=\"async\" class=\"aligncenter wp-image-16972\" src=\"https:\/\/flytechltd.com\/wp-content\/uploads\/2025\/07\/01-2-158x300.jpg\" alt=\"\" width=\"300\" height=\"568\" srcset=\"https:\/\/flytechltd.com\/wp-content\/uploads\/2025\/07\/01-2-158x300.jpg 158w, https:\/\/flytechltd.com\/wp-content\/uploads\/2025\/07\/01-2-540x1024.jpg 540w, https:\/\/flytechltd.com\/wp-content\/uploads\/2025\/07\/01-2-150x284.jpg 150w, https:\/\/flytechltd.com\/wp-content\/uploads\/2025\/07\/01-2.jpg 750w\" sizes=\"(max-width: 300px) 100vw, 300px\" \/> <img decoding=\"async\" class=\"aligncenter wp-image-16974\" src=\"https:\/\/flytechltd.com\/wp-content\/uploads\/2025\/07\/03-3-300x288.jpg\" alt=\"\" width=\"300\" height=\"288\" srcset=\"https:\/\/flytechltd.com\/wp-content\/uploads\/2025\/07\/03-3-300x288.jpg 300w, https:\/\/flytechltd.com\/wp-content\/uploads\/2025\/07\/03-3-150x144.jpg 150w, https:\/\/flytechltd.com\/wp-content\/uploads\/2025\/07\/03-3.jpg 750w\" sizes=\"(max-width: 300px) 100vw, 300px\" \/> <img decoding=\"async\" class=\"aligncenter wp-image-16976\" src=\"https:\/\/flytechltd.com\/wp-content\/uploads\/2025\/07\/3-12-150x300.jpg\" alt=\"\" width=\"300\" height=\"600\" srcset=\"https:\/\/flytechltd.com\/wp-content\/uploads\/2025\/07\/3-12-150x300.jpg 150w, https:\/\/flytechltd.com\/wp-content\/uploads\/2025\/07\/3-12-512x1024.jpg 512w, https:\/\/flytechltd.com\/wp-content\/uploads\/2025\/07\/3-12.jpg 750w\" sizes=\"(max-width: 300px) 100vw, 300px\" \/> <img loading=\"lazy\" decoding=\"async\" class=\"aligncenter wp-image-16980\" src=\"https:\/\/flytechltd.com\/wp-content\/uploads\/2025\/07\/09-1-170x300.jpg\" alt=\"\" width=\"300\" height=\"530\" srcset=\"https:\/\/flytechltd.com\/wp-content\/uploads\/2025\/07\/09-1-170x300.jpg 170w, https:\/\/flytechltd.com\/wp-content\/uploads\/2025\/07\/09-1-580x1024.jpg 580w, https:\/\/flytechltd.com\/wp-content\/uploads\/2025\/07\/09-1-150x265.jpg 150w, https:\/\/flytechltd.com\/wp-content\/uploads\/2025\/07\/09-1.jpg 750w\" sizes=\"(max-width: 300px) 100vw, 300px\" \/> <img loading=\"lazy\" decoding=\"async\" class=\"aligncenter wp-image-16982\" src=\"https:\/\/flytechltd.com\/wp-content\/uploads\/2025\/07\/11-2-162x300.jpg\" alt=\"\" width=\"300\" height=\"554\" srcset=\"https:\/\/flytechltd.com\/wp-content\/uploads\/2025\/07\/11-2-162x300.jpg 162w, https:\/\/flytechltd.com\/wp-content\/uploads\/2025\/07\/11-2-555x1024.jpg 555w, https:\/\/flytechltd.com\/wp-content\/uploads\/2025\/07\/11-2-150x277.jpg 150w, https:\/\/flytechltd.com\/wp-content\/uploads\/2025\/07\/11-2.jpg 750w\" sizes=\"(max-width: 300px) 100vw, 300px\" \/> <img loading=\"lazy\" decoding=\"async\" class=\"aligncenter wp-image-16984\" src=\"https:\/\/flytechltd.com\/wp-content\/uploads\/2025\/07\/12-1-213x300.jpg\" alt=\"\" width=\"300\" height=\"422\" srcset=\"https:\/\/flytechltd.com\/wp-content\/uploads\/2025\/07\/12-1-213x300.jpg 213w, https:\/\/flytechltd.com\/wp-content\/uploads\/2025\/07\/12-1-727x1024.jpg 727w, https:\/\/flytechltd.com\/wp-content\/uploads\/2025\/07\/12-1-150x211.jpg 150w, https:\/\/flytechltd.com\/wp-content\/uploads\/2025\/07\/12-1.jpg 750w\" sizes=\"(max-width: 300px) 100vw, 300px\" \/> <img loading=\"lazy\" decoding=\"async\" class=\"aligncenter wp-image-16986\" src=\"https:\/\/flytechltd.com\/wp-content\/uploads\/2025\/07\/14-1-300x187.jpg\" alt=\"\" width=\"300\" height=\"187\" srcset=\"https:\/\/flytechltd.com\/wp-content\/uploads\/2025\/07\/14-1-300x187.jpg 300w, https:\/\/flytechltd.com\/wp-content\/uploads\/2025\/07\/14-1-150x94.jpg 150w, https:\/\/flytechltd.com\/wp-content\/uploads\/2025\/07\/14-1.jpg 750w\" sizes=\"(max-width: 300px) 100vw, 300px\" \/> <img loading=\"lazy\" decoding=\"async\" class=\"aligncenter wp-image-16988\" src=\"https:\/\/flytechltd.com\/wp-content\/uploads\/2025\/07\/15-1-194x300.jpg\" alt=\"\" width=\"300\" height=\"463\" srcset=\"https:\/\/flytechltd.com\/wp-content\/uploads\/2025\/07\/15-1-194x300.jpg 194w, https:\/\/flytechltd.com\/wp-content\/uploads\/2025\/07\/15-1-664x1024.jpg 664w, https:\/\/flytechltd.com\/wp-content\/uploads\/2025\/07\/15-1-150x231.jpg 150w, https:\/\/flytechltd.com\/wp-content\/uploads\/2025\/07\/15-1.jpg 750w\" sizes=\"(max-width: 300px) 100vw, 300px\" \/> <img loading=\"lazy\" decoding=\"async\" class=\"aligncenter wp-image-16990\" src=\"https:\/\/flytechltd.com\/wp-content\/uploads\/2025\/07\/16-193x300.jpg\" alt=\"\" width=\"300\" height=\"465\" srcset=\"https:\/\/flytechltd.com\/wp-content\/uploads\/2025\/07\/16-193x300.jpg 193w, https:\/\/flytechltd.com\/wp-content\/uploads\/2025\/07\/16-660x1024.jpg 660w, https:\/\/flytechltd.com\/wp-content\/uploads\/2025\/07\/16-150x233.jpg 150w, https:\/\/flytechltd.com\/wp-content\/uploads\/2025\/07\/16.jpg 750w\" sizes=\"(max-width: 300px) 100vw, 300px\" \/> <img loading=\"lazy\" decoding=\"async\" class=\"aligncenter wp-image-16992\" src=\"https:\/\/flytechltd.com\/wp-content\/uploads\/2025\/07\/17-133x300.jpg\" alt=\"\" width=\"300\" height=\"676\" srcset=\"https:\/\/flytechltd.com\/wp-content\/uploads\/2025\/07\/17-133x300.jpg 133w, https:\/\/flytechltd.com\/wp-content\/uploads\/2025\/07\/17-454x1024.jpg 454w, https:\/\/flytechltd.com\/wp-content\/uploads\/2025\/07\/17-682x1536.jpg 682w, https:\/\/flytechltd.com\/wp-content\/uploads\/2025\/07\/17-150x338.jpg 150w, https:\/\/flytechltd.com\/wp-content\/uploads\/2025\/07\/17.jpg 750w\" sizes=\"(max-width: 300px) 100vw, 300px\" \/> <img loading=\"lazy\" decoding=\"async\" class=\"aligncenter wp-image-16994\" src=\"https:\/\/flytechltd.com\/wp-content\/uploads\/2025\/07\/18-188x300.jpg\" alt=\"\" width=\"300\" height=\"478\" srcset=\"https:\/\/flytechltd.com\/wp-content\/uploads\/2025\/07\/18-188x300.jpg 188w, https:\/\/flytechltd.com\/wp-content\/uploads\/2025\/07\/18-643x1024.jpg 643w, https:\/\/flytechltd.com\/wp-content\/uploads\/2025\/07\/18-150x239.jpg 150w, https:\/\/flytechltd.com\/wp-content\/uploads\/2025\/07\/18.jpg 750w\" sizes=\"(max-width: 300px) 100vw, 300px\" \/> <img loading=\"lazy\" decoding=\"async\" class=\"aligncenter wp-image-16998\" src=\"https:\/\/flytechltd.com\/wp-content\/uploads\/2025\/07\/20-140x300.jpg\" alt=\"\" width=\"300\" height=\"643\" srcset=\"https:\/\/flytechltd.com\/wp-content\/uploads\/2025\/07\/20-140x300.jpg 140w, https:\/\/flytechltd.com\/wp-content\/uploads\/2025\/07\/20-478x1024.jpg 478w, https:\/\/flytechltd.com\/wp-content\/uploads\/2025\/07\/20-717x1536.jpg 717w, https:\/\/flytechltd.com\/wp-content\/uploads\/2025\/07\/20-150x321.jpg 150w, https:\/\/flytechltd.com\/wp-content\/uploads\/2025\/07\/20.jpg 750w\" sizes=\"(max-width: 300px) 100vw, 300px\" \/> <img loading=\"lazy\" decoding=\"async\" class=\"aligncenter wp-image-17000\" src=\"https:\/\/flytechltd.com\/wp-content\/uploads\/2025\/07\/21-147x300.jpg\" alt=\"\" width=\"300\" height=\"613\" srcset=\"https:\/\/flytechltd.com\/wp-content\/uploads\/2025\/07\/21-147x300.jpg 147w, https:\/\/flytechltd.com\/wp-content\/uploads\/2025\/07\/21-501x1024.jpg 501w, https:\/\/flytechltd.com\/wp-content\/uploads\/2025\/07\/21-150x306.jpg 150w, https:\/\/flytechltd.com\/wp-content\/uploads\/2025\/07\/21.jpg 750w\" sizes=\"(max-width: 300px) 100vw, 300px\" \/><\/p>\n<p>Sertifikalar: Cpc\/astm\/ce\/en71\/sni\/gcc\/iso9001\/ccc\/ukca\/kc\/sni\/ukca<\/p>\n<p>&nbsp;<\/p>\n<p>CPC (\u00c7ocuk \u00dcr\u00fcnleri Sertifikas\u0131), ABD&#8217;de sat\u0131lan \u00e7ocuk \u00fcr\u00fcnlerinin T\u00fcketici \u00dcr\u00fcn G\u00fcvenli\u011fi Komisyonu (CPSC) taraf\u0131ndan belirlenen g\u00fcvenlik standartlar\u0131na uygunlu\u011funu kan\u0131tlamak i\u00e7in \u00fcretici veya ithalat\u00e7\u0131lar taraf\u0131ndan d\u00fczenlenen zorunlu bir uyumluluk belgesidir. Bu belge, \u00fcr\u00fcnlerin T\u00fcketici \u00dcr\u00fcn G\u00fcvenli\u011fi \u0130yile\u015ftirme Yasas\u0131 (CPSIA) gibi d\u00fczenlemelere uygun oldu\u011funu, zararl\u0131 materyaller i\u00e7ermedi\u011fini ve mekanik riskler ta\u015f\u0131mad\u0131\u011f\u0131n\u0131 teyit eder. Oyuncaklar, giyim \u00fcr\u00fcnleri, bak\u0131m \u00fcr\u00fcnleri gibi t\u00fcm \u00e7ocuk \u00fcr\u00fcnleri bu sertifikasyona tabidir. CPC, tedarik\u00e7ilerin \u00e7ocuk g\u00fcvenli\u011fini \u00f6nceliklendirdi\u011fini, yasal piyasa eri\u015fim ko\u015fullar\u0131n\u0131 kar\u015f\u0131lad\u0131\u011f\u0131n\u0131 ve ABD pazar\u0131na sunulan \u00fcr\u00fcnler i\u00e7in ge\u00e7erli sorumlu \u00fcretim standartlar\u0131na uygun oldu\u011funu g\u00f6sterir.<\/p>\n<p>EN 71, Avrupa Standardizasyon Komitesi (CEN) taraf\u0131ndan geli\u015ftirilen ve AB \u00fclkeleri d\u00fczenleyici kurumlar\u0131 taraf\u0131ndan denetlenen bir Avrupa oyuncak g\u00fcvenlik standard\u0131d\u0131r. 14 ya\u015f alt\u0131 \u00e7ocuklar i\u00e7in tasarlanan oyuncaklarda mekanik ve fiziksel g\u00fcvenlik gerekliliklerini belirleyerek bo\u011fulma, keskin kenarlar veya yap\u0131sal dengesizlik gibi riskleri en aza indirmeyi ama\u00e7lar. AB Oyuncak G\u00fcvenli\u011fi Direktifi 2009\/48\/EC kapsam\u0131nda zorunlu olan bu standart, Avrupa Ekonomik Alan\u0131&#8217;nda sat\u0131lan t\u00fcm oyuncaklar i\u00e7in ge\u00e7erlidir. Uyumluluk sertifikas\u0131, \u00fcr\u00fcnlerin \u00e7ocuklar\u0131n fiziksel temas\u0131 i\u00e7in belirlenen kat\u0131 g\u00fcvenlik kriterlerini kar\u015f\u0131lad\u0131\u011f\u0131n\u0131 g\u00f6sterir. Bu belgelendirme, sorumluluk risklerini azalt\u0131rken 31 Avrupa \u00fclkesini kapsayan pazara yasal giri\u015f imkan\u0131 sa\u011flar.<\/p>\n","protected":false},"excerpt":{"rendered":"<p>\u00dcr\u00fcn ad\u0131 Yeni Do\u011fan Bebek K\u00fcveti Set Malzeme PP ve TPE Renk Beyaz ve gri renk Sertifikalar CPC\/CE\/EN71\/ASTM\/ UKCA\/KC ODM\/OEM<\/p>\n","protected":false},"featured_media":16625,"comment_status":"open","ping_status":"closed","template":"","meta":[],"product_brand":[],"product_cat":[782,786],"product_tag":[],"class_list":{"0":"post-16618","1":"product","2":"type-product","3":"status-publish","4":"has-post-thumbnail","6":"product_cat-bebek-cocuk","7":"product_cat-bebek-cocuk-aksesuar","9":"first","10":"instock","11":"shipping-taxable","12":"purchasable","13":"product-type-simple"},"aioseo_notices":[],"_links":{"self":[{"href":"https:\/\/flytechltd.com\/en\/wp-json\/wp\/v2\/product\/16618","targetHints":{"allow":["GET"]}}],"collection":[{"href":"https:\/\/flytechltd.com\/en\/wp-json\/wp\/v2\/product"}],"about":[{"href":"https:\/\/flytechltd.com\/en\/wp-json\/wp\/v2\/types\/product"}],"replies":[{"embeddable":true,"href":"https:\/\/flytechltd.com\/en\/wp-json\/wp\/v2\/comments?post=16618"}],"version-history":[{"count":0,"href":"https:\/\/flytechltd.com\/en\/wp-json\/wp\/v2\/product\/16618\/revisions"}],"wp:featuredmedia":[{"embeddable":true,"href":"https:\/\/flytechltd.com\/en\/wp-json\/wp\/v2\/media\/16625"}],"wp:attachment":[{"href":"https:\/\/flytechltd.com\/en\/wp-json\/wp\/v2\/media?parent=16618"}],"wp:term":[{"taxonomy":"product_brand","embeddable":true,"href":"https:\/\/flytechltd.com\/en\/wp-json\/wp\/v2\/product_brand?post=16618"},{"taxonomy":"product_cat","embeddable":true,"href":"https:\/\/flytechltd.com\/en\/wp-json\/wp\/v2\/product_cat?post=16618"},{"taxonomy":"product_tag","embeddable":true,"href":"https:\/\/flytechltd.com\/en\/wp-json\/wp\/v2\/product_tag?post=16618"}],"curies":[{"name":"wp","href":"https:\/\/api.w.org\/{rel}","templated":true}]}}