{"id":16675,"date":"2025-07-29T10:25:35","date_gmt":"2025-07-29T10:25:35","guid":{"rendered":"https:\/\/flytechltd.com\/?post_type=product&#038;p=16675"},"modified":"2026-02-20T17:33:00","modified_gmt":"2026-02-20T17:33:00","slug":"tirmanma-cercevesi","status":"publish","type":"product","link":"https:\/\/flytechltd.com\/en\/p\/tirmanma-cercevesi\/","title":{"rendered":"T\u0131rmanma \u00c7er\u00e7evesi"},"content":{"rendered":"<table width=\"364\">\n<tbody>\n<tr>\n<td><strong>\u00dcr\u00fcn ad\u0131<\/strong><\/td>\n<td>Slayt ile \u00c7er\u00e7eve T\u0131rmanma \u00c7ocuklar<\/td>\n<\/tr>\n<tr>\n<td><strong>Malzeme<\/strong><\/td>\n<td>HDPE<\/td>\n<\/tr>\n<tr>\n<td><strong>Renk<\/strong><\/td>\n<td>Beyaz ve gri renk<\/td>\n<\/tr>\n<tr>\n<td><strong>Sertifikalar<\/strong><\/td>\n<td>ASTM,CE,EN71,CCC,CPC,UKCA,<\/p>\n<p>KC,GCC,SNI<\/td>\n<\/tr>\n<tr>\n<td><strong>\u00d6zellik<\/strong><\/td>\n<td>1. \u00c7ok i\u015flevli<\/p>\n<p>2. G\u00fcvenli ve istikrarl\u0131<br \/>\n3. \u00c7evre dostu malzeme<br \/>\n4. Kolay montaj<br \/>\n5. Ergonomik tasar\u0131m<\/td>\n<\/tr>\n<tr>\n<td><strong>Uygula<\/strong><\/td>\n<td>Ev, E\u011flence Park\u0131, Anaokulu, Restoran, vb<\/td>\n<\/tr>\n<\/tbody>\n<\/table>\n<p><img fetchpriority=\"high\" decoding=\"async\" class=\"aligncenter wp-image-17076 size-full\" src=\"https:\/\/flytechltd.com\/wp-content\/uploads\/2025\/07\/1_01-1.jpg\" alt=\"\" width=\"790\" height=\"1188\" srcset=\"https:\/\/flytechltd.com\/wp-content\/uploads\/2025\/07\/1_01-1.jpg 790w, https:\/\/flytechltd.com\/wp-content\/uploads\/2025\/07\/1_01-1-199x300.jpg 199w, https:\/\/flytechltd.com\/wp-content\/uploads\/2025\/07\/1_01-1-681x1024.jpg 681w, https:\/\/flytechltd.com\/wp-content\/uploads\/2025\/07\/1_01-1-768x1155.jpg 768w, https:\/\/flytechltd.com\/wp-content\/uploads\/2025\/07\/1_01-1-150x226.jpg 150w\" sizes=\"(max-width: 790px) 100vw, 790px\" \/> <img decoding=\"async\" class=\"aligncenter wp-image-17078 size-full\" src=\"https:\/\/flytechltd.com\/wp-content\/uploads\/2025\/07\/1_02-1.jpg\" alt=\"\" width=\"790\" height=\"450\" srcset=\"https:\/\/flytechltd.com\/wp-content\/uploads\/2025\/07\/1_02-1.jpg 790w, https:\/\/flytechltd.com\/wp-content\/uploads\/2025\/07\/1_02-1-300x171.jpg 300w, https:\/\/flytechltd.com\/wp-content\/uploads\/2025\/07\/1_02-1-768x437.jpg 768w, https:\/\/flytechltd.com\/wp-content\/uploads\/2025\/07\/1_02-1-150x85.jpg 150w\" sizes=\"(max-width: 790px) 100vw, 790px\" \/> <img decoding=\"async\" class=\"aligncenter wp-image-17080 size-full\" src=\"https:\/\/flytechltd.com\/wp-content\/uploads\/2025\/07\/1_03.jpg\" alt=\"\" width=\"790\" height=\"1021\" srcset=\"https:\/\/flytechltd.com\/wp-content\/uploads\/2025\/07\/1_03.jpg 790w, https:\/\/flytechltd.com\/wp-content\/uploads\/2025\/07\/1_03-232x300.jpg 232w, https:\/\/flytechltd.com\/wp-content\/uploads\/2025\/07\/1_03-768x993.jpg 768w, https:\/\/flytechltd.com\/wp-content\/uploads\/2025\/07\/1_03-150x194.jpg 150w\" sizes=\"(max-width: 790px) 100vw, 790px\" \/> <img loading=\"lazy\" decoding=\"async\" class=\"aligncenter wp-image-17082 size-full\" src=\"https:\/\/flytechltd.com\/wp-content\/uploads\/2025\/07\/1_04-2.jpg\" alt=\"\" width=\"790\" height=\"1085\" srcset=\"https:\/\/flytechltd.com\/wp-content\/uploads\/2025\/07\/1_04-2.jpg 790w, https:\/\/flytechltd.com\/wp-content\/uploads\/2025\/07\/1_04-2-218x300.jpg 218w, https:\/\/flytechltd.com\/wp-content\/uploads\/2025\/07\/1_04-2-746x1024.jpg 746w, https:\/\/flytechltd.com\/wp-content\/uploads\/2025\/07\/1_04-2-768x1055.jpg 768w, https:\/\/flytechltd.com\/wp-content\/uploads\/2025\/07\/1_04-2-150x206.jpg 150w\" sizes=\"(max-width: 790px) 100vw, 790px\" \/><\/p>\n<p><img loading=\"lazy\" decoding=\"async\" class=\"aligncenter wp-image-17086 size-full\" src=\"https:\/\/flytechltd.com\/wp-content\/uploads\/2025\/07\/1_06-2.jpg\" alt=\"\" width=\"790\" height=\"270\" srcset=\"https:\/\/flytechltd.com\/wp-content\/uploads\/2025\/07\/1_06-2.jpg 790w, https:\/\/flytechltd.com\/wp-content\/uploads\/2025\/07\/1_06-2-300x103.jpg 300w, https:\/\/flytechltd.com\/wp-content\/uploads\/2025\/07\/1_06-2-768x262.jpg 768w, https:\/\/flytechltd.com\/wp-content\/uploads\/2025\/07\/1_06-2-150x51.jpg 150w\" sizes=\"(max-width: 790px) 100vw, 790px\" \/> <img loading=\"lazy\" decoding=\"async\" class=\"aligncenter wp-image-17088 size-full\" src=\"https:\/\/flytechltd.com\/wp-content\/uploads\/2025\/07\/1_08-2.jpg\" alt=\"\" width=\"790\" height=\"700\" srcset=\"https:\/\/flytechltd.com\/wp-content\/uploads\/2025\/07\/1_08-2.jpg 790w, https:\/\/flytechltd.com\/wp-content\/uploads\/2025\/07\/1_08-2-300x266.jpg 300w, https:\/\/flytechltd.com\/wp-content\/uploads\/2025\/07\/1_08-2-768x681.jpg 768w, https:\/\/flytechltd.com\/wp-content\/uploads\/2025\/07\/1_08-2-150x133.jpg 150w\" sizes=\"(max-width: 790px) 100vw, 790px\" \/> <img loading=\"lazy\" decoding=\"async\" class=\"aligncenter wp-image-17090 size-full\" src=\"https:\/\/flytechltd.com\/wp-content\/uploads\/2025\/07\/1_10-2.jpg\" alt=\"\" width=\"790\" height=\"617\" srcset=\"https:\/\/flytechltd.com\/wp-content\/uploads\/2025\/07\/1_10-2.jpg 790w, https:\/\/flytechltd.com\/wp-content\/uploads\/2025\/07\/1_10-2-300x234.jpg 300w, https:\/\/flytechltd.com\/wp-content\/uploads\/2025\/07\/1_10-2-768x600.jpg 768w, https:\/\/flytechltd.com\/wp-content\/uploads\/2025\/07\/1_10-2-150x117.jpg 150w\" sizes=\"(max-width: 790px) 100vw, 790px\" \/> <img loading=\"lazy\" decoding=\"async\" class=\"aligncenter wp-image-17092 size-full\" src=\"https:\/\/flytechltd.com\/wp-content\/uploads\/2025\/07\/1_11-2.jpg\" alt=\"\" width=\"790\" height=\"634\" srcset=\"https:\/\/flytechltd.com\/wp-content\/uploads\/2025\/07\/1_11-2.jpg 790w, https:\/\/flytechltd.com\/wp-content\/uploads\/2025\/07\/1_11-2-300x241.jpg 300w, https:\/\/flytechltd.com\/wp-content\/uploads\/2025\/07\/1_11-2-768x616.jpg 768w, https:\/\/flytechltd.com\/wp-content\/uploads\/2025\/07\/1_11-2-150x120.jpg 150w\" sizes=\"(max-width: 790px) 100vw, 790px\" \/> <img loading=\"lazy\" decoding=\"async\" class=\"aligncenter wp-image-17094 size-full\" src=\"https:\/\/flytechltd.com\/wp-content\/uploads\/2025\/07\/1_12-2.jpg\" alt=\"\" width=\"790\" height=\"1038\" srcset=\"https:\/\/flytechltd.com\/wp-content\/uploads\/2025\/07\/1_12-2.jpg 790w, https:\/\/flytechltd.com\/wp-content\/uploads\/2025\/07\/1_12-2-228x300.jpg 228w, https:\/\/flytechltd.com\/wp-content\/uploads\/2025\/07\/1_12-2-779x1024.jpg 779w, https:\/\/flytechltd.com\/wp-content\/uploads\/2025\/07\/1_12-2-768x1009.jpg 768w, https:\/\/flytechltd.com\/wp-content\/uploads\/2025\/07\/1_12-2-150x197.jpg 150w\" sizes=\"(max-width: 790px) 100vw, 790px\" \/> <img loading=\"lazy\" decoding=\"async\" class=\"aligncenter wp-image-17096 size-full\" src=\"https:\/\/flytechltd.com\/wp-content\/uploads\/2025\/07\/1_13-2.jpg\" alt=\"\" width=\"790\" height=\"733\" srcset=\"https:\/\/flytechltd.com\/wp-content\/uploads\/2025\/07\/1_13-2.jpg 790w, https:\/\/flytechltd.com\/wp-content\/uploads\/2025\/07\/1_13-2-300x278.jpg 300w, https:\/\/flytechltd.com\/wp-content\/uploads\/2025\/07\/1_13-2-768x713.jpg 768w, https:\/\/flytechltd.com\/wp-content\/uploads\/2025\/07\/1_13-2-150x139.jpg 150w\" sizes=\"(max-width: 790px) 100vw, 790px\" \/> <img loading=\"lazy\" decoding=\"async\" class=\"aligncenter wp-image-17098 size-full\" src=\"https:\/\/flytechltd.com\/wp-content\/uploads\/2025\/07\/1_14-2.jpg\" alt=\"\" width=\"790\" height=\"1186\" srcset=\"https:\/\/flytechltd.com\/wp-content\/uploads\/2025\/07\/1_14-2.jpg 790w, https:\/\/flytechltd.com\/wp-content\/uploads\/2025\/07\/1_14-2-200x300.jpg 200w, https:\/\/flytechltd.com\/wp-content\/uploads\/2025\/07\/1_14-2-682x1024.jpg 682w, https:\/\/flytechltd.com\/wp-content\/uploads\/2025\/07\/1_14-2-768x1153.jpg 768w, https:\/\/flytechltd.com\/wp-content\/uploads\/2025\/07\/1_14-2-150x225.jpg 150w\" sizes=\"(max-width: 790px) 100vw, 790px\" \/> <img loading=\"lazy\" decoding=\"async\" class=\"aligncenter wp-image-17100 size-full\" src=\"https:\/\/flytechltd.com\/wp-content\/uploads\/2025\/07\/1_15-2.jpg\" alt=\"\" width=\"790\" height=\"840\" srcset=\"https:\/\/flytechltd.com\/wp-content\/uploads\/2025\/07\/1_15-2.jpg 790w, https:\/\/flytechltd.com\/wp-content\/uploads\/2025\/07\/1_15-2-282x300.jpg 282w, https:\/\/flytechltd.com\/wp-content\/uploads\/2025\/07\/1_15-2-768x817.jpg 768w, https:\/\/flytechltd.com\/wp-content\/uploads\/2025\/07\/1_15-2-150x159.jpg 150w\" sizes=\"(max-width: 790px) 100vw, 790px\" \/> <img loading=\"lazy\" decoding=\"async\" class=\"aligncenter wp-image-17102 size-full\" src=\"https:\/\/flytechltd.com\/wp-content\/uploads\/2025\/07\/1_16-2.jpg\" alt=\"\" width=\"790\" height=\"768\" srcset=\"https:\/\/flytechltd.com\/wp-content\/uploads\/2025\/07\/1_16-2.jpg 790w, https:\/\/flytechltd.com\/wp-content\/uploads\/2025\/07\/1_16-2-300x292.jpg 300w, https:\/\/flytechltd.com\/wp-content\/uploads\/2025\/07\/1_16-2-768x747.jpg 768w, https:\/\/flytechltd.com\/wp-content\/uploads\/2025\/07\/1_16-2-150x146.jpg 150w\" sizes=\"(max-width: 790px) 100vw, 790px\" \/> <img loading=\"lazy\" decoding=\"async\" class=\"aligncenter wp-image-17104 size-full\" src=\"https:\/\/flytechltd.com\/wp-content\/uploads\/2025\/07\/1_17-1.jpg\" alt=\"\" width=\"790\" height=\"742\" srcset=\"https:\/\/flytechltd.com\/wp-content\/uploads\/2025\/07\/1_17-1.jpg 790w, https:\/\/flytechltd.com\/wp-content\/uploads\/2025\/07\/1_17-1-300x282.jpg 300w, https:\/\/flytechltd.com\/wp-content\/uploads\/2025\/07\/1_17-1-768x721.jpg 768w, https:\/\/flytechltd.com\/wp-content\/uploads\/2025\/07\/1_17-1-150x141.jpg 150w\" sizes=\"(max-width: 790px) 100vw, 790px\" \/> <img loading=\"lazy\" decoding=\"async\" class=\"aligncenter wp-image-17106 size-full\" src=\"https:\/\/flytechltd.com\/wp-content\/uploads\/2025\/07\/1_19-1.jpg\" alt=\"\" width=\"790\" height=\"612\" srcset=\"https:\/\/flytechltd.com\/wp-content\/uploads\/2025\/07\/1_19-1.jpg 790w, https:\/\/flytechltd.com\/wp-content\/uploads\/2025\/07\/1_19-1-300x232.jpg 300w, https:\/\/flytechltd.com\/wp-content\/uploads\/2025\/07\/1_19-1-768x595.jpg 768w, https:\/\/flytechltd.com\/wp-content\/uploads\/2025\/07\/1_19-1-150x116.jpg 150w\" sizes=\"(max-width: 790px) 100vw, 790px\" \/> <img loading=\"lazy\" decoding=\"async\" class=\"aligncenter wp-image-17108 size-full\" src=\"https:\/\/flytechltd.com\/wp-content\/uploads\/2025\/07\/1_20-1.jpg\" alt=\"\" width=\"790\" height=\"676\" srcset=\"https:\/\/flytechltd.com\/wp-content\/uploads\/2025\/07\/1_20-1.jpg 790w, https:\/\/flytechltd.com\/wp-content\/uploads\/2025\/07\/1_20-1-300x257.jpg 300w, https:\/\/flytechltd.com\/wp-content\/uploads\/2025\/07\/1_20-1-768x657.jpg 768w, https:\/\/flytechltd.com\/wp-content\/uploads\/2025\/07\/1_20-1-150x128.jpg 150w\" sizes=\"(max-width: 790px) 100vw, 790px\" \/> <img loading=\"lazy\" decoding=\"async\" class=\"aligncenter wp-image-17110 size-full\" src=\"https:\/\/flytechltd.com\/wp-content\/uploads\/2025\/07\/1_21-1.jpg\" alt=\"\" width=\"790\" height=\"682\" srcset=\"https:\/\/flytechltd.com\/wp-content\/uploads\/2025\/07\/1_21-1.jpg 790w, https:\/\/flytechltd.com\/wp-content\/uploads\/2025\/07\/1_21-1-300x259.jpg 300w, https:\/\/flytechltd.com\/wp-content\/uploads\/2025\/07\/1_21-1-768x663.jpg 768w, https:\/\/flytechltd.com\/wp-content\/uploads\/2025\/07\/1_21-1-150x129.jpg 150w\" sizes=\"(max-width: 790px) 100vw, 790px\" \/> <img loading=\"lazy\" decoding=\"async\" class=\"aligncenter wp-image-17112 size-full\" src=\"https:\/\/flytechltd.com\/wp-content\/uploads\/2025\/07\/1_22.jpg\" alt=\"\" width=\"790\" height=\"570\" srcset=\"https:\/\/flytechltd.com\/wp-content\/uploads\/2025\/07\/1_22.jpg 790w, https:\/\/flytechltd.com\/wp-content\/uploads\/2025\/07\/1_22-300x216.jpg 300w, https:\/\/flytechltd.com\/wp-content\/uploads\/2025\/07\/1_22-768x554.jpg 768w, https:\/\/flytechltd.com\/wp-content\/uploads\/2025\/07\/1_22-150x108.jpg 150w\" sizes=\"(max-width: 790px) 100vw, 790px\" \/> <img loading=\"lazy\" decoding=\"async\" class=\"aligncenter wp-image-17114 size-full\" src=\"https:\/\/flytechltd.com\/wp-content\/uploads\/2025\/07\/1_23.jpg\" alt=\"\" width=\"790\" height=\"1036\" srcset=\"https:\/\/flytechltd.com\/wp-content\/uploads\/2025\/07\/1_23.jpg 790w, https:\/\/flytechltd.com\/wp-content\/uploads\/2025\/07\/1_23-229x300.jpg 229w, https:\/\/flytechltd.com\/wp-content\/uploads\/2025\/07\/1_23-781x1024.jpg 781w, https:\/\/flytechltd.com\/wp-content\/uploads\/2025\/07\/1_23-768x1007.jpg 768w, https:\/\/flytechltd.com\/wp-content\/uploads\/2025\/07\/1_23-150x197.jpg 150w\" sizes=\"(max-width: 790px) 100vw, 790px\" \/> <img loading=\"lazy\" decoding=\"async\" class=\"aligncenter wp-image-17116 size-full\" src=\"https:\/\/flytechltd.com\/wp-content\/uploads\/2025\/07\/1_24.jpg\" alt=\"\" width=\"790\" height=\"1048\" srcset=\"https:\/\/flytechltd.com\/wp-content\/uploads\/2025\/07\/1_24.jpg 790w, https:\/\/flytechltd.com\/wp-content\/uploads\/2025\/07\/1_24-226x300.jpg 226w, https:\/\/flytechltd.com\/wp-content\/uploads\/2025\/07\/1_24-772x1024.jpg 772w, https:\/\/flytechltd.com\/wp-content\/uploads\/2025\/07\/1_24-768x1019.jpg 768w, https:\/\/flytechltd.com\/wp-content\/uploads\/2025\/07\/1_24-150x199.jpg 150w\" sizes=\"(max-width: 790px) 100vw, 790px\" \/> <img loading=\"lazy\" decoding=\"async\" class=\"aligncenter wp-image-17118 size-full\" src=\"https:\/\/flytechltd.com\/wp-content\/uploads\/2025\/07\/1_25.jpg\" alt=\"\" width=\"790\" height=\"1068\" srcset=\"https:\/\/flytechltd.com\/wp-content\/uploads\/2025\/07\/1_25.jpg 790w, https:\/\/flytechltd.com\/wp-content\/uploads\/2025\/07\/1_25-222x300.jpg 222w, https:\/\/flytechltd.com\/wp-content\/uploads\/2025\/07\/1_25-757x1024.jpg 757w, https:\/\/flytechltd.com\/wp-content\/uploads\/2025\/07\/1_25-768x1038.jpg 768w, https:\/\/flytechltd.com\/wp-content\/uploads\/2025\/07\/1_25-150x203.jpg 150w\" sizes=\"(max-width: 790px) 100vw, 790px\" \/> <img loading=\"lazy\" decoding=\"async\" class=\"aligncenter wp-image-17120 size-full\" src=\"https:\/\/flytechltd.com\/wp-content\/uploads\/2025\/07\/1_26.jpg\" alt=\"\" width=\"790\" height=\"1058\" srcset=\"https:\/\/flytechltd.com\/wp-content\/uploads\/2025\/07\/1_26.jpg 790w, https:\/\/flytechltd.com\/wp-content\/uploads\/2025\/07\/1_26-224x300.jpg 224w, https:\/\/flytechltd.com\/wp-content\/uploads\/2025\/07\/1_26-765x1024.jpg 765w, https:\/\/flytechltd.com\/wp-content\/uploads\/2025\/07\/1_26-768x1029.jpg 768w, https:\/\/flytechltd.com\/wp-content\/uploads\/2025\/07\/1_26-150x201.jpg 150w\" sizes=\"(max-width: 790px) 100vw, 790px\" \/> <img loading=\"lazy\" decoding=\"async\" class=\"aligncenter wp-image-17122 size-full\" src=\"https:\/\/flytechltd.com\/wp-content\/uploads\/2025\/07\/1_29.jpg\" alt=\"\" width=\"790\" height=\"1138\" srcset=\"https:\/\/flytechltd.com\/wp-content\/uploads\/2025\/07\/1_29.jpg 790w, https:\/\/flytechltd.com\/wp-content\/uploads\/2025\/07\/1_29-208x300.jpg 208w, https:\/\/flytechltd.com\/wp-content\/uploads\/2025\/07\/1_29-711x1024.jpg 711w, https:\/\/flytechltd.com\/wp-content\/uploads\/2025\/07\/1_29-768x1106.jpg 768w, https:\/\/flytechltd.com\/wp-content\/uploads\/2025\/07\/1_29-150x216.jpg 150w\" sizes=\"(max-width: 790px) 100vw, 790px\" \/> <img loading=\"lazy\" decoding=\"async\" class=\"aligncenter wp-image-17124 size-full\" src=\"https:\/\/flytechltd.com\/wp-content\/uploads\/2025\/07\/1_30.jpg\" alt=\"\" width=\"790\" height=\"1186\" srcset=\"https:\/\/flytechltd.com\/wp-content\/uploads\/2025\/07\/1_30.jpg 790w, https:\/\/flytechltd.com\/wp-content\/uploads\/2025\/07\/1_30-200x300.jpg 200w, https:\/\/flytechltd.com\/wp-content\/uploads\/2025\/07\/1_30-682x1024.jpg 682w, https:\/\/flytechltd.com\/wp-content\/uploads\/2025\/07\/1_30-768x1153.jpg 768w, https:\/\/flytechltd.com\/wp-content\/uploads\/2025\/07\/1_30-150x225.jpg 150w\" sizes=\"(max-width: 790px) 100vw, 790px\" \/> <img loading=\"lazy\" decoding=\"async\" class=\"aligncenter wp-image-17126 size-full\" src=\"https:\/\/flytechltd.com\/wp-content\/uploads\/2025\/07\/1_31.jpg\" alt=\"\" width=\"790\" height=\"852\" srcset=\"https:\/\/flytechltd.com\/wp-content\/uploads\/2025\/07\/1_31.jpg 790w, https:\/\/flytechltd.com\/wp-content\/uploads\/2025\/07\/1_31-278x300.jpg 278w, https:\/\/flytechltd.com\/wp-content\/uploads\/2025\/07\/1_31-768x828.jpg 768w, https:\/\/flytechltd.com\/wp-content\/uploads\/2025\/07\/1_31-150x162.jpg 150w\" sizes=\"(max-width: 790px) 100vw, 790px\" \/> <img loading=\"lazy\" decoding=\"async\" class=\"aligncenter wp-image-17128 size-full\" src=\"https:\/\/flytechltd.com\/wp-content\/uploads\/2025\/07\/1_32.jpg\" alt=\"\" width=\"790\" height=\"1011\" srcset=\"https:\/\/flytechltd.com\/wp-content\/uploads\/2025\/07\/1_32.jpg 790w, https:\/\/flytechltd.com\/wp-content\/uploads\/2025\/07\/1_32-234x300.jpg 234w, https:\/\/flytechltd.com\/wp-content\/uploads\/2025\/07\/1_32-768x983.jpg 768w, https:\/\/flytechltd.com\/wp-content\/uploads\/2025\/07\/1_32-150x192.jpg 150w\" sizes=\"(max-width: 790px) 100vw, 790px\" \/> <img loading=\"lazy\" decoding=\"async\" class=\"aligncenter wp-image-17130 size-full\" src=\"https:\/\/flytechltd.com\/wp-content\/uploads\/2025\/07\/1_33.jpg\" alt=\"\" width=\"790\" height=\"1105\" srcset=\"https:\/\/flytechltd.com\/wp-content\/uploads\/2025\/07\/1_33.jpg 790w, https:\/\/flytechltd.com\/wp-content\/uploads\/2025\/07\/1_33-214x300.jpg 214w, https:\/\/flytechltd.com\/wp-content\/uploads\/2025\/07\/1_33-732x1024.jpg 732w, https:\/\/flytechltd.com\/wp-content\/uploads\/2025\/07\/1_33-768x1074.jpg 768w, https:\/\/flytechltd.com\/wp-content\/uploads\/2025\/07\/1_33-150x210.jpg 150w\" sizes=\"(max-width: 790px) 100vw, 790px\" \/><\/p>\n<p>Sertifikalar: Cpc\/astm\/ce\/en71\/sni\/gcc\/iso9001\/ccc\/ukca\/kc\/sni\/ukca<\/p>\n<p>&nbsp;<\/p>\n<p>CPC (\u00c7ocuk \u00dcr\u00fcnleri Sertifikas\u0131), ABD&#8217;de sat\u0131lan \u00e7ocuk \u00fcr\u00fcnlerinin T\u00fcketici \u00dcr\u00fcn G\u00fcvenli\u011fi Komisyonu (CPSC) taraf\u0131ndan belirlenen g\u00fcvenlik standartlar\u0131na uygunlu\u011funu kan\u0131tlamak i\u00e7in \u00fcretici veya ithalat\u00e7\u0131lar taraf\u0131ndan d\u00fczenlenen zorunlu bir uyumluluk belgesidir. Bu belge, \u00fcr\u00fcnlerin T\u00fcketici \u00dcr\u00fcn G\u00fcvenli\u011fi \u0130yile\u015ftirme Yasas\u0131 (CPSIA) gibi d\u00fczenlemelere uygun oldu\u011funu, zararl\u0131 materyaller i\u00e7ermedi\u011fini ve mekanik riskler ta\u015f\u0131mad\u0131\u011f\u0131n\u0131 teyit eder. Oyuncaklar, giyim \u00fcr\u00fcnleri, bak\u0131m \u00fcr\u00fcnleri gibi t\u00fcm \u00e7ocuk \u00fcr\u00fcnleri bu sertifikasyona tabidir. CPC, tedarik\u00e7ilerin \u00e7ocuk g\u00fcvenli\u011fini \u00f6nceliklendirdi\u011fini, yasal piyasa eri\u015fim ko\u015fullar\u0131n\u0131 kar\u015f\u0131lad\u0131\u011f\u0131n\u0131 ve ABD pazar\u0131na sunulan \u00fcr\u00fcnler i\u00e7in ge\u00e7erli sorumlu \u00fcretim standartlar\u0131na uygun oldu\u011funu g\u00f6sterir.<\/p>\n<p>EN 71, Avrupa Standardizasyon Komitesi (CEN) taraf\u0131ndan geli\u015ftirilen ve AB \u00fclkeleri d\u00fczenleyici kurumlar\u0131 taraf\u0131ndan denetlenen bir Avrupa oyuncak g\u00fcvenlik standard\u0131d\u0131r. 14 ya\u015f alt\u0131 \u00e7ocuklar i\u00e7in tasarlanan oyuncaklarda mekanik ve fiziksel g\u00fcvenlik gerekliliklerini belirleyerek bo\u011fulma, keskin kenarlar veya yap\u0131sal dengesizlik gibi riskleri en aza indirmeyi ama\u00e7lar. AB Oyuncak G\u00fcvenli\u011fi Direktifi 2009\/48\/EC kapsam\u0131nda zorunlu olan bu standart, Avrupa Ekonomik Alan\u0131&#8217;nda sat\u0131lan t\u00fcm oyuncaklar i\u00e7in ge\u00e7erlidir. Uyumluluk sertifikas\u0131, \u00fcr\u00fcnlerin \u00e7ocuklar\u0131n fiziksel temas\u0131 i\u00e7in belirlenen kat\u0131 g\u00fcvenlik kriterlerini kar\u015f\u0131lad\u0131\u011f\u0131n\u0131 g\u00f6sterir. Bu belgelendirme, sorumluluk risklerini azalt\u0131rken 31 Avrupa \u00fclkesini kapsayan pazara yasal giri\u015f imkan\u0131 sa\u011flar.<\/p>\n","protected":false},"excerpt":{"rendered":"<p>\u00dcr\u00fcn ad\u0131 Slayt ile \u00c7er\u00e7eve T\u0131rmanma \u00c7ocuklar Malzeme HDPE Renk Beyaz ve gri renk Sertifikalar ASTM,CE,EN71,CCC,CPC,UKCA, KC,GCC,SNI \u00d6zellik 1. \u00c7ok<\/p>\n","protected":false},"featured_media":16686,"comment_status":"open","ping_status":"closed","template":"","meta":[],"product_brand":[],"product_cat":[790],"product_tag":[],"class_list":{"0":"post-16675","1":"product","2":"type-product","3":"status-publish","4":"has-post-thumbnail","6":"product_cat-oyun-parklari","8":"first","9":"outofstock","10":"sale","11":"shipping-taxable","12":"purchasable","13":"product-type-simple"},"aioseo_notices":[],"_links":{"self":[{"href":"https:\/\/flytechltd.com\/en\/wp-json\/wp\/v2\/product\/16675","targetHints":{"allow":["GET"]}}],"collection":[{"href":"https:\/\/flytechltd.com\/en\/wp-json\/wp\/v2\/product"}],"about":[{"href":"https:\/\/flytechltd.com\/en\/wp-json\/wp\/v2\/types\/product"}],"replies":[{"embeddable":true,"href":"https:\/\/flytechltd.com\/en\/wp-json\/wp\/v2\/comments?post=16675"}],"version-history":[{"count":0,"href":"https:\/\/flytechltd.com\/en\/wp-json\/wp\/v2\/product\/16675\/revisions"}],"wp:featuredmedia":[{"embeddable":true,"href":"https:\/\/flytechltd.com\/en\/wp-json\/wp\/v2\/media\/16686"}],"wp:attachment":[{"href":"https:\/\/flytechltd.com\/en\/wp-json\/wp\/v2\/media?parent=16675"}],"wp:term":[{"taxonomy":"product_brand","embeddable":true,"href":"https:\/\/flytechltd.com\/en\/wp-json\/wp\/v2\/product_brand?post=16675"},{"taxonomy":"product_cat","embeddable":true,"href":"https:\/\/flytechltd.com\/en\/wp-json\/wp\/v2\/product_cat?post=16675"},{"taxonomy":"product_tag","embeddable":true,"href":"https:\/\/flytechltd.com\/en\/wp-json\/wp\/v2\/product_tag?post=16675"}],"curies":[{"name":"wp","href":"https:\/\/api.w.org\/{rel}","templated":true}]}}